{"id":1380,"date":"2021-10-26T11:54:53","date_gmt":"2021-10-26T09:54:53","guid":{"rendered":"https:\/\/wordpress.hak-steyr.at\/befair\/?page_id=1380"},"modified":"2021-10-26T21:34:44","modified_gmt":"2021-10-26T19:34:44","slug":"paedagogisches-unterrichtskonzept","status":"publish","type":"page","link":"https:\/\/wordpress.hak-steyr.at\/befair\/paedagogisches-unterrichtskonzept\/","title":{"rendered":"Unterrichtskonzept"},"content":{"rendered":"\n<p id=\"paragraph_F6e5OAG-wm-\">In der \u00dcbungsfirma Befair GmbH werden die Abl\u00e4ufe eines realen Wirtschaftsbetriebes nachgebildet, ein handlungsorientiertes Lernumfeld hergestellt, die Lernprozesse beschrieben und messbar gemacht. Die Aufgabe der \u00dcbungsfirma ist es, das bisher Gelernte in der Hak wie z.B. in BW, RW, OMAI, WINF, Fremdsprachen, \u2026 praktisch anzuwenden. Die Methode \u00dcbungsfirma erm\u00f6glicht praxisnahe Aufgabenstellungen mit einer positiven Fehlerkultur. Den Lernenden wird die Selbstorganisation ihres Lernens zugetraut, ihre Zusammenarbeit wird gef\u00f6rdert und sie werden bei der Kompetenzentwicklung unterst\u00fctzt und gecoacht. Das Lernen erfolgt lebendig und nachhaltig und die Sch\u00fclerINnen setzen eigene Lernerfahrungen in Gang. Als Lehrende ermuntere ich die Lernenden zu Portfolio Arbeiten, st\u00e4rke das Ownership im Lernprozess und motiviere zum Austausch mit \u00dcbungsfirmen aus aller Welt. Die Sch\u00fclerInnen nehmen f\u00fcr ein Schuljahr die MitarbeiterInnenrolle eines Betriebes ein und entwickeln fachliche und \u00fcberfachliche Kompetenzen sowie ein Verst\u00e4ndnis f\u00fcr wirtschaftliche Zusammenh\u00e4nge. Ein besonderes Augenmerk wird dabei auf Folgendes gelegt:<\/p>\n\n\n\n<ul><li>smarte Zielvereinbarungen<\/li><li>Gesch\u00e4fte planen, abwickeln, analysieren und verbessern<\/li><li>Gemeinsame Zielevaluierung<\/li><li>Kontinuierliche Verbesserung<\/li><li>Pr\u00e4senz am \u00dcbungsfirmenmarkt (z.B. Reaktionsverhalten, Termintreue, \u2026)<\/li><li>professioneller Auftritt<\/li><\/ul>\n\n\n\n<p id=\"paragraph_fud5OAm_wm-\">Der Erwerb von Kompetenzen verbunden mit vernetztem Denken bef\u00e4higt die Sch\u00fcler\/innen zu beruflicher Mobilit\u00e4t und Flexibilit\u00e4t in der internationalen Arbeits- und Berufswelt<\/p>\n\n\n\n<figure class=\"wp-block-image size-full\"><a href=\"https:\/\/wordpress.hak-steyr.at\/befair\/wp-content\/uploads\/2021\/10\/BETREIB_lERNORT.jpg\"><img loading=\"lazy\" width=\"469\" height=\"327\" src=\"https:\/\/wordpress.hak-steyr.at\/befair\/wp-content\/uploads\/2021\/10\/BETREIB_lERNORT.jpg\" alt=\"\" class=\"wp-image-1381\" srcset=\"https:\/\/wordpress.hak-steyr.at\/befair\/wp-content\/uploads\/2021\/10\/BETREIB_lERNORT.jpg 469w, https:\/\/wordpress.hak-steyr.at\/befair\/wp-content\/uploads\/2021\/10\/BETREIB_lERNORT-300x209.jpg 300w\" sizes=\"(max-width: 469px) 100vw, 469px\" \/><\/a><figcaption>PDCA<\/figcaption><\/figure>\n","protected":false},"excerpt":{"rendered":"<p>In der \u00dcbungsfirma Befair GmbH werden die Abl\u00e4ufe eines realen Wirtschaftsbetriebes nachgebildet, ein handlungsorientiertes Lernumfeld hergestellt, die Lernprozesse beschrieben und messbar gemacht. Die Aufgabe der \u00dcbungsfirma ist es, das bisher Gelernte in der Hak wie z.B. in BW, RW, OMAI, WINF, Fremdsprachen, \u2026 praktisch anzuwenden. Die Methode \u00dcbungsfirma erm\u00f6glicht praxisnahe Aufgabenstellungen mit einer positiven Fehlerkultur.&hellip; <br \/> <a class=\"read-more\" href=\"https:\/\/wordpress.hak-steyr.at\/befair\/paedagogisches-unterrichtskonzept\/\">Weiterlesen<\/a><\/p>\n","protected":false},"author":3,"featured_media":0,"parent":0,"menu_order":0,"comment_status":"closed","ping_status":"closed","template":"","meta":[],"_links":{"self":[{"href":"https:\/\/wordpress.hak-steyr.at\/befair\/wp-json\/wp\/v2\/pages\/1380"}],"collection":[{"href":"https:\/\/wordpress.hak-steyr.at\/befair\/wp-json\/wp\/v2\/pages"}],"about":[{"href":"https:\/\/wordpress.hak-steyr.at\/befair\/wp-json\/wp\/v2\/types\/page"}],"author":[{"embeddable":true,"href":"https:\/\/wordpress.hak-steyr.at\/befair\/wp-json\/wp\/v2\/users\/3"}],"replies":[{"embeddable":true,"href":"https:\/\/wordpress.hak-steyr.at\/befair\/wp-json\/wp\/v2\/comments?post=1380"}],"version-history":[{"count":2,"href":"https:\/\/wordpress.hak-steyr.at\/befair\/wp-json\/wp\/v2\/pages\/1380\/revisions"}],"predecessor-version":[{"id":1408,"href":"https:\/\/wordpress.hak-steyr.at\/befair\/wp-json\/wp\/v2\/pages\/1380\/revisions\/1408"}],"wp:attachment":[{"href":"https:\/\/wordpress.hak-steyr.at\/befair\/wp-json\/wp\/v2\/media?parent=1380"}],"curies":[{"name":"wp","href":"https:\/\/api.w.org\/{rel}","templated":true}]}}