{"id":1389,"date":"2021-10-26T19:24:17","date_gmt":"2021-10-26T17:24:17","guid":{"rendered":"https:\/\/wordpress.hak-steyr.at\/befair\/?page_id=1389"},"modified":"2021-10-26T22:33:58","modified_gmt":"2021-10-26T20:33:58","slug":"daten-zur-uebungsfirma","status":"publish","type":"page","link":"https:\/\/wordpress.hak-steyr.at\/befair\/daten-zur-uebungsfirma\/","title":{"rendered":"BUSINESSPROFILE"},"content":{"rendered":"\n<h2>Daten zur \u00dcbungsfirma Befair Handel GmbH<\/h2>\n\n\n\n<p>Gegr\u00fcndet: 25.11.2009 <br>Rechtsform: Gesellschaft mit beschr\u00e4nkter Haftung <br>Firmensitz: Leopold-Werndl-Stra\u00dfe 7 A&nbsp;&#8211;&nbsp;4400&nbsp;Steyr <br>FB-Nummer: 2254 Int. Firmencode: at010002254 ACT Gericht<br><a href=\"https:\/\/uefas.act.at\/act_fb_details.asp?fnr=2254\">https:\/\/uefas.act.at\/act_fb_details.asp?fnr=2254<\/a>  <br>UID Nummer: ATU50225420 <br>\u00dcFA-Leiter\/in: MMag. Jutta Christl <br>Tr\u00e4ger: Bundeshandelsakademie und Bundeshandelsschule <br>Schultyp: Kaufm\u00e4nnische Schule <br>Telefon 1: +437252\/5264933 <br>Fax 1: +437252\/5264917 <br>ACT.\u00dcFA-Mail: <a href=\"mailto:befair2254@uebungsfirmen.at\">befair2254@uebungsfirmen.at<\/a><br>E-mail: <a href=\"mailto:befair@hak.steyr.at\">befair@hak.steyr.at<\/a><br>Skypename: <a href=\"skype:befairgmbh@gmx.at\">befairgmbh@gmx.at<\/a><\/p>\n\n\n\n<p>Webseite: <a rel=\"noreferrer noopener\" href=\"http:\/\/wordpress.hak-steyr.at\/befair\/\" target=\"_blank\">http:\/\/wordpress.hak-steyr.at\/befair\/<\/a> <br>ACT Webshop: <a rel=\"noreferrer noopener\" href=\"https:\/\/shops.act.at\/10000822\" target=\"_blank\">https:\/\/shops.act.at\/10000822<\/a><br>Steuernummer: 690\/4686<br>Auszeichnung: FAIRTRADE@WORK<br>Qualit\u00e4tsaudit: 2014, 2016, 2018, 2020, in spe: 2022<br>Unsere \u00d6ffnungszeiten: Montag 7:45 &#8211; 10:20<\/p>\n\n\n\n<h2>Unsere Bankverbindungen<\/h2>\n\n\n\n<figure id=\"bankverbindung\" class=\"wp-block-table\"><table><thead><tr><td>Bank<\/td><td>IBAN<\/td><td>BIC<\/td><\/tr><\/thead><tbody><tr><td>ACT Bank<\/td><td>AT82 9900 0001 0003 8722<\/td><td>ACTBATW0<\/td><\/tr><tr><td>Raika O\u00d6<\/td><td>AT57 3483 4000 0141 2048<\/td><td>EXXXATX6<\/td><\/tr><\/tbody><\/table><\/figure>\n\n\n\n<h2>Wir sind in folgenden Branchen vertreten: <\/h2>\n\n\n\n<p>&nbsp;&nbsp;Handel &#8211; Kraftwagen &nbsp;<\/p>\n\n\n\n<p>&nbsp; Handel &#8211; Waren aller Art&nbsp;<\/p>\n\n\n\n<p>&nbsp;&nbsp;Produktion \u2013 Energieversorgung&nbsp;<\/p>\n\n\n\n<p><\/p>\n\n\n\n<p><\/p>\n\n\n\n<p><\/p>\n\n\n\n<p style=\"font-size:27px\"><strong>Unsere Produktgruppen:<\/strong><\/p>\n\n\n\n<p><a href=\"https:\/\/shops.act.at\/10000822\/desktop\/de-at\/shop\/fair-trade-produkte\/\" target=\"_blank\" rel=\"noreferrer noopener\"><strong>Fair Trade Produkte<\/strong><\/a>&nbsp;<\/p>\n\n\n\n<p><a href=\"https:\/\/shops.act.at\/10000822\/desktop\/de-at\/shop\/fahrzeuge\/\" target=\"_blank\" rel=\"noreferrer noopener\"><strong>Elektrofahrzeuge<\/strong><\/a>&nbsp;<\/p>\n\n\n\n<p><a href=\"https:\/\/shops.act.at\/10000822\/desktop\/de-at\/shop\/sonstiges\/\" target=\"_blank\" rel=\"noreferrer noopener\"><strong>Nachhaltige Elektronik Produkte<\/strong><\/a>&nbsp;<\/p>\n\n\n\n<p><a href=\"https:\/\/shops.act.at\/10000822\/desktop\/de-at\/shop\/solarenergie\/\" target=\"_blank\" rel=\"noreferrer noopener\"><strong>Solarenergieprodukte<\/strong><\/a>&nbsp;<\/p>\n\n\n\n<p><a rel=\"noreferrer noopener\" href=\"https:\/\/shops.act.at\/10000822\/desktop\/de-at\/shop\/%C3%B6kostrom\/\" target=\"_blank\"><strong>\u00d6kostromlieferungen<\/strong><\/a>&nbsp;<\/p>\n\n\n\n<p><\/p>\n\n\n\n<p style=\"font-size:27px\"><strong>Unser Organigramm<\/strong><\/p>\n\n\n\n<figure class=\"wp-block-image size-large\"><a href=\"https:\/\/wordpress.hak-steyr.at\/befair\/wp-content\/uploads\/2021\/10\/aufbau-befair-1.jpg\"><img loading=\"lazy\" width=\"1024\" height=\"385\" src=\"https:\/\/wordpress.hak-steyr.at\/befair\/wp-content\/uploads\/2021\/10\/aufbau-befair-1-1024x385.jpg\" alt=\"\" class=\"wp-image-1370\" srcset=\"https:\/\/wordpress.hak-steyr.at\/befair\/wp-content\/uploads\/2021\/10\/aufbau-befair-1-1024x385.jpg 1024w, https:\/\/wordpress.hak-steyr.at\/befair\/wp-content\/uploads\/2021\/10\/aufbau-befair-1-300x113.jpg 300w, https:\/\/wordpress.hak-steyr.at\/befair\/wp-content\/uploads\/2021\/10\/aufbau-befair-1-768x289.jpg 768w, https:\/\/wordpress.hak-steyr.at\/befair\/wp-content\/uploads\/2021\/10\/aufbau-befair-1.jpg 1201w\" sizes=\"(max-width: 1024px) 100vw, 1024px\" \/><\/a><figcaption><strong>Aufbauorganisation 2021-2022<\/strong><\/figcaption><\/figure>\n\n\n\n<p style=\"font-size:27px\"><strong>P\u00e4dagogisches Unterrichtskonzept<\/strong><\/p>\n\n\n\n<ul><li>Bereits Gelerntes wird mit praktischem Lernen verbunden.<\/li><li>Durch die Erfahrungen und das Verstehen der Zusammenh\u00e4nge erwerben die Sch\u00fclerInnen fachliche Kompetenz. <\/li><li><strong>Unter Ber\u00fccksichtigung Betrieb: <\/strong>Die Sch\u00fclerInnen nehmen f\u00fcr ein Schuljahr die Rolle von MitarbeiterInnen in einem Unternehmen<strong> <\/strong>ein, treffen smarte Zielvereinbarungen, planen den Einkauf, das Personal, den Umsatz, den Verkauf,  das Marketing, f\u00fchren dann die Beschaffungs- und Absatzprozesse,  \u00d6ffentlichkeitsarbeit, Buchhaltung und Personal-verrechnung selbstst\u00e4ndig durch und eignen sich das ben\u00f6tigte Fachwissen ( professioneller Auftritt, Pr\u00e4senz am \u00dcbungsfirmenmarkt, staatliche Vorgaben wie Steuern und Abgaben, Warenwirtschaft, Organisation, &#8230;) selbst an. <br>Nach Planung und Umsetzung erfolgt die Analyse der Zielerreichung, anschlie\u00dfend werden  Ziele und Ma\u00dfnahmen kontinuierlich verbessert.<\/li><li><strong>Unter Ber\u00fccksichtigung Lernort: <\/strong>Die Methode \u00dcbungsfirma erm\u00f6glicht praxisnahe Aufgabenstellungen mit einer positiven Fehlerkultur. Den Lernenden wird die Selbstorganisation ihres Lernens zugetraut, ihre Zusammenarbeit wird gef\u00f6rdert und sie werden bei der Kompetenzentwicklung unterst\u00fctzt und gecoacht. Das Lernen erfolgt lebendig und nachhaltig und die Sch\u00fclerInnen setzen eigene Lernerfahrungen in Gang und erwerben Sozial- und Selbstkompetenz.\u200bDie Sch\u00fclerInnen protokollieren Ihre Arbeiten und sch\u00e4tzen in Quartalsabst\u00e4nden ihre Kompetenzen selbst ein. Nach einem Vergleich und der Reflexion der Abweichungsanalyse, welche bei Bedarf durch ein MitarbeiterInnengespr\u00e4ch erfolgt, werden neue Ziele und Ma\u00dfnahmen festgelegt bzw. vereinbart. <\/li><li><strong>Die Rolle der Lehrperson: <\/strong> Die Lehrperson ist Stakeholder des Unternehmens und beratet die Sch\u00fclerInnen in den Abteilungen.  Sie ermuntert die Lernenden zu Portfolio Arbeiten, st\u00e4rkt Ownership im Lernprozess und motiviert zum Austausch mit \u00dcbungsfirmen aus aller Welt. Sie hat in der \u00dcbungsfirma eine Coachingfunktion. Das Ziel ist erreicht, wenn sich die Sch\u00fclerInnen mit der \u00dcbungsfirma identifizieren, den Sinn ihres eigenen Tuns erkennen, aus ihren Fehlern lernen und ihre Lernerfahrungen reflektieren.&nbsp;<\/li><\/ul>\n\n\n\n<p><\/p>\n\n\n\n<p id=\"paragraph_z-Wwada9Nu5\" style=\"font-size:27px\"><strong>Jahresschwerpunkte<\/strong><\/p>\n\n\n\n<ul><li>Professioneller Auftritt der \u00dcbungsfirma im Netz und in den sozialen Medien<\/li><li>Digitalisierung incl. digitaler Signatur<\/li><li>Nachhaltigkeit mit professioneller Argumentationslinie &amp; CSR<\/li><li>CRM Customer Relationship Management<\/li><li>Qualit\u00e4tsmarke \u00dcbungsfirma<\/li><\/ul>\n\n\n\n<p><\/p>\n\n\n\n<p id=\"paragraph_ZDWwad4ANu5\" style=\"font-size:27px\"><strong>Strategische Ziele des Lernortes<\/strong><\/p>\n\n\n\n<ul><li>gute Zusammenarbeit mit anderen Firmen und Stammkunden<\/li><li>fachliches Know-How und soziale Kompetenz erwerben<\/li><li>neue Ideen einbringen und umsetzen<\/li><li>mit Kritik umgehen k\u00f6nnen und kontinuierliche Verbesserungsprozesse leben<\/li><li>Identifizierung mit dem Unternehmen, dessen Leitbild, Schwerpunkte &amp; Ziele<\/li><li>gutes Betriebsklima und wertsch\u00e4tzender Umgang miteinander<\/li><li>\u00dcbungsfirmenarbeit macht Spa\u00df!<\/li><\/ul>\n\n\n\n<p id=\"paragraph_naVwada8Nu5\" style=\"font-size:27px\"><strong>Strategische Ziele f\u00fcr den Betrieb<\/strong><\/p>\n\n\n\n<ul><li>Professioneller Auftritt der \u00dcbungsfirma im Netz und in den sozialen Medien<\/li><li>Zertifizierung nach \u00d6NORM<\/li><li>Durchf\u00fchrung einer einfachen Personalverrechnung<\/li><li>Abwicklung von Beschaffungs- und Absatzprozessen <\/li><li>Kunden- und Lieferantenbeziehungen st\u00e4rken<\/li><li>Einsatz von BMD NTCS in den betrieblichen Prozessen<\/li><li>Steuern &amp; Abgaben abf\u00fchren<\/li><li>Dokumentation von Prozessen<br><\/li><\/ul>\n\n\n\n<p style=\"font-size:26px\"><strong>Nachhaltigkeit<\/strong> <strong>ist in unserem Leitbild verankert!<\/strong>&nbsp;<\/p>\n\n\n\n<p>Die \u00dcbungsfirma beFAiR Gmbh ist ein wegweisendes Unternehmen f\u00fcr exklusive und nachhaltige Handelswaren am \u00f6sterreichischen \u00dcbungsfirmenmarkt. Unsere Gesch\u00e4ftsidee ist der Handel mit nachhaltigen Waren, selbstproduzierten \u00d6kostrom und Fahrzeugen mit Elektroantrieb. Unsere Kernkompetenz liegt in der Verwendung nachwachsender Rohstoffe,&nbsp; erneuerbarer Energiequellen und im fairen Handel. Gro\u00dfer Wert wird auf \u00f6kologische und soziale Aspekte, wie z B. kontrolliert biologischer Anbau, schadstoffarme Produktion, Menschenw\u00fcrde und soziale Gerechtigkeit gelegt.<\/p>\n\n\n\n<p>Es geht darum, die knappen Ressourcen von Erd\u00f6l zu schonen und nachhaltig zu agieren. Unser Solarenergiesortiment ist umweltschonend und ebnet den Weg f\u00fcr eine emissionsfreie Zukunft.\u00a0 Wir produzieren \u00d6kostrom aus erneuerbarer Sonnenenergie. Unsere elektronischen Ger\u00e4te sind modular gebaut und reparaturf\u00e4hig und haben daher einen langen Produktlebenszyklus.\u00a0 Unsere Elektrofahrzeuge sind mit emissionsfreien Elektroantrieben ausgestattet. Die innovativen Antriebskonzepte bringen nicht nur eine neue Form von Dynamik auf unsere Stra\u00dfen, mit ihnen beginnt ein neues Zeitalter der mobilen Fortbewegung. Unsere Fair Trade Produkte weisen das Siegel des fairen Handels auf und haben die Auszeichnung FAIRTRADE@WORK erhalten. Unser gesamtes Sortiment tr\u00e4gt zu 14 der 17\u00a0nachhaltigen Entwicklungszielen bei: SDG1, 2, 3, 4, 5, 7, 8, 9, 10, 11, 12, 13, 15,17! <br>Details dazu findest Du unter <a href=\"https:\/\/wordpress.hak-steyr.at\/befair\/angebote\/\">Angebote \u2013 be FAiR (hak-steyr.at)<\/a><br>Der Lebensstil und die Gesundheit unserer Kunden liegt uns sehr am Herzen. Wir haben die Vision eine nachhaltige , lebens- und liebenswerte Gesellschaft mitzugestalten. Wir w\u00fcnschen uns einen Welthandel, der unter \u00f6kologischen, sozialen und wirtschaftlichen Rahmenbedingungen eine Welt in Balance anstrebt und richten uns auf Nachhaltigkeit aus. Wir sind ein professionelles und kompetentes Team, pflegen einen wertsch\u00e4tzenden Umgang miteinander\u00a0 und verbessern uns kontinuierlich. <\/p>\n\n\n\n<p style=\"font-size:27px\"><strong>\u00dcberlegungen zum Thema Digitalisierung<\/strong><\/p>\n\n\n\n<p>Wir finden es gut, dass das Qualit\u00e4tsaudit digital durchgef\u00fchrt wird. Wir waren von Anfang an bei der \u201eDigitalisierung\u201c dabei. Beim \u00dcbungsfirmenbetrieb versuchen wir m\u00f6glichst viel an Papier zu sparen und bem\u00fchen uns so viel wie m\u00f6glich digital abzuspeichern. So vermeiden wir unn\u00f6tigen Papierverbrauch und b\u00fcrokratischen Aufwand. Wir sind kreative K\u00f6pfe und setzen bei unserer Arbeit gerne digitale Medien ein und pflegen gerne digitalen Austausch. Wir sind offen f\u00fcr Neues und haben einen positiven Zugang zur Digitalisierung. <\/p>\n","protected":false},"excerpt":{"rendered":"<p>Daten zur \u00dcbungsfirma Befair Handel GmbH Gegr\u00fcndet: 25.11.2009 Rechtsform: Gesellschaft mit beschr\u00e4nkter Haftung Firmensitz: Leopold-Werndl-Stra\u00dfe 7 A&nbsp;&#8211;&nbsp;4400&nbsp;Steyr FB-Nummer: 2254 Int. Firmencode: at010002254 ACT Gerichthttps:\/\/uefas.act.at\/act_fb_details.asp?fnr=2254 UID Nummer: ATU50225420 \u00dcFA-Leiter\/in: MMag. Jutta Christl Tr\u00e4ger: Bundeshandelsakademie und Bundeshandelsschule Schultyp: Kaufm\u00e4nnische Schule Telefon 1: +437252\/5264933 Fax 1: +437252\/5264917 ACT.\u00dcFA-Mail: befair2254@uebungsfirmen.atE-mail: befair@hak.steyr.atSkypename: befairgmbh@gmx.at Webseite: http:\/\/wordpress.hak-steyr.at\/befair\/ ACT Webshop: https:\/\/shops.act.at\/10000822Steuernummer: 690\/4686Auszeichnung: FAIRTRADE@WORKQualit\u00e4tsaudit:&hellip; <br \/> <a class=\"read-more\" href=\"https:\/\/wordpress.hak-steyr.at\/befair\/daten-zur-uebungsfirma\/\">Weiterlesen<\/a><\/p>\n","protected":false},"author":3,"featured_media":0,"parent":0,"menu_order":0,"comment_status":"closed","ping_status":"closed","template":"","meta":[],"_links":{"self":[{"href":"https:\/\/wordpress.hak-steyr.at\/befair\/wp-json\/wp\/v2\/pages\/1389"}],"collection":[{"href":"https:\/\/wordpress.hak-steyr.at\/befair\/wp-json\/wp\/v2\/pages"}],"about":[{"href":"https:\/\/wordpress.hak-steyr.at\/befair\/wp-json\/wp\/v2\/types\/page"}],"author":[{"embeddable":true,"href":"https:\/\/wordpress.hak-steyr.at\/befair\/wp-json\/wp\/v2\/users\/3"}],"replies":[{"embeddable":true,"href":"https:\/\/wordpress.hak-steyr.at\/befair\/wp-json\/wp\/v2\/comments?post=1389"}],"version-history":[{"count":13,"href":"https:\/\/wordpress.hak-steyr.at\/befair\/wp-json\/wp\/v2\/pages\/1389\/revisions"}],"predecessor-version":[{"id":1425,"href":"https:\/\/wordpress.hak-steyr.at\/befair\/wp-json\/wp\/v2\/pages\/1389\/revisions\/1425"}],"wp:attachment":[{"href":"https:\/\/wordpress.hak-steyr.at\/befair\/wp-json\/wp\/v2\/media?parent=1389"}],"curies":[{"name":"wp","href":"https:\/\/api.w.org\/{rel}","templated":true}]}}