{"id":1412,"date":"2021-10-26T21:45:36","date_gmt":"2021-10-26T19:45:36","guid":{"rendered":"https:\/\/wordpress.hak-steyr.at\/befair\/?page_id=1412"},"modified":"2021-10-26T22:23:06","modified_gmt":"2021-10-26T20:23:06","slug":"angebote","status":"publish","type":"page","link":"https:\/\/wordpress.hak-steyr.at\/befair\/angebote\/","title":{"rendered":"Angebote"},"content":{"rendered":"\n<p><strong><a href=\"https:\/\/wordpress.hak-steyr.at\/befair\/wp-content\/uploads\/2021\/10\/Produktkatalog-2021-22.pdf\">PRODUKTKATALOG<\/a><\/strong><\/p>\n\n\n\n<p>Alle Preisangaben ohne UST!<br><strong>Klicken Sie auf die Bilder und Sie kommen direkt in unseren <a href=\"https:\/\/shops.act.at\/10000822\" data-type=\"URL\" data-id=\"https:\/\/shops.act.at\/10000822\">Webshop<\/a>!<\/strong><\/p>\n\n\n\n<figure class=\"wp-block-image is-resized\"><a href=\"https:\/\/shops.act.at\/10000822\/desktop\/de-at\/shop\/%C3%B6kostrom\/\"><img loading=\"lazy\" src=\"https:\/\/wordpress.hak-steyr.at\/befair\/wp-content\/uploads\/2021\/10\/Oekostrom.png\" alt=\"\" class=\"wp-image-1212\" width=\"219\" height=\"166\"\/><\/a><figcaption><strong><a rel=\"noreferrer noopener\" href=\"https:\/\/shops.act.at\/10000822\/desktop\/de-at\/shop\/%C3%B6kostrom\/\" target=\"_blank\">\u00d6kostromlieferungen<\/a><\/strong><\/figcaption><\/figure>\n\n\n\n<p class=\"has-small-font-size\">Nr. 1001 \u00d6kostrom1     Laufzeit 3 Monate, max. 2000 kw, \u20ac 300,-<\/p>\n\n\n\n<p class=\"has-small-font-size\">Nr. 1002 \u00d6kostrom 2    Laufzeit 9 Monate, max. 2500 kw, \u20ac 350,-<\/p>\n\n\n\n<p class=\"has-small-font-size\">Nr. 1003 \u00d6kostrom 3    Laufzeit 1 Jahr, max. 3000 kw, \u20ac 400,-<\/p>\n\n\n\n<p>Durch Ihren Einkauf bei Befair sichern Sie den Zugang zu leistbarer, zuverl\u00e4ssiger, nachhaltiger und moderner Energie f\u00fcr alle und leisten damit einen Beitrag zur Erreichung des nachhaltigen Entwicklungszieles Nr. 7.<br>Weiters stellen Sie durch Ihre Bestellung ein gesundes Leben sicher und f\u00f6rdern das Wohlergehen f\u00fcr alle Menschen, denn dadurch wird weniger Atomenergie und weniger Energie aus nicht erneuerbaren Energiequellen nachgefragt, was sich positiv auf die Gesundheit der Gesellschaft&nbsp; auswirkt. Gleichzeitig unterst\u00fctzen Sie auch die Erreichung des Sustainable Development Goal 3. Sie setzen eine Ma\u00dfnahme zur Bek\u00e4mpfung des Klimawandels und seiner Auswirkungen und leisten damit einen Beitrag zu&nbsp; SDG 13 und Sie bauen nachhaltige Konsum- und Produktionsstrukturen nach SDG 12 auf. Im Sinne von SDG 9 helfen Sie auch beim Aufbau einer belastbaren Infrastruktur und f\u00f6rdern nachhaltige und inklusive Industrialisierung und unterst\u00fctzen Innovation.<\/p>\n\n\n\n<figure class=\"wp-block-image\"><a href=\"https:\/\/shops.act.at\/10000822\/desktop\/de-at\/shop\/solarenergie\/\"><img loading=\"lazy\" width=\"350\" height=\"313\" src=\"https:\/\/wordpress.hak-steyr.at\/befair\/wp-content\/uploads\/2021\/10\/solarenergie.png\" alt=\"\" class=\"wp-image-1211\" srcset=\"https:\/\/wordpress.hak-steyr.at\/befair\/wp-content\/uploads\/2021\/10\/solarenergie.png 350w, https:\/\/wordpress.hak-steyr.at\/befair\/wp-content\/uploads\/2021\/10\/solarenergie-300x268.png 300w\" sizes=\"(max-width: 350px) 100vw, 350px\" \/><\/a><figcaption><strong><a href=\"https:\/\/shops.act.at\/10000822\/desktop\/de-at\/shop\/solarenergie\/\">Solarenergieprodukte<\/a><\/strong><\/figcaption><\/figure>\n\n\n\n<p class=\"has-small-font-size\"><a href=\"https:\/\/wordpress.hak-steyr.at\/befair\/unser-nachhaltiges-sortiment\/#_Toc34659811\">Nr. 2005 Solar-Powerbank Solar betriebene Powerbank<\/a> 4.000 mAh, \u20ac 21,25<\/p>\n\n\n\n<p class=\"has-small-font-size\"><a href=\"https:\/\/wordpress.hak-steyr.at\/befair\/unser-nachhaltiges-sortiment\/#_Toc34659812\">Nr. 2006 Flower\u2019E\u2019power Solaraufladeger\u00e4t<\/a>                     2500 mAh, Litiumbatterie, \u20ac 42,48<br><br><a href=\"https:\/\/wordpress.hak-steyr.at\/befair\/unser-nachhaltiges-sortiment\/#_Toc34659807\">Nr. 2007 Solarzelle 85W Solarzelle mit 85 Watt<\/a>              \u20ac 232,70<\/p>\n\n\n\n<p class=\"has-small-font-size\"><a href=\"https:\/\/wordpress.hak-steyr.at\/befair\/unser-nachhaltiges-sortiment\/#_Toc34659806\">Nr. 2008 Solar-Bausatz Solarenergie-Starterkit<\/a>               \u20ac 133,20<\/p>\n\n\n\n<p class=\"has-small-font-size\"><a href=\"https:\/\/wordpress.hak-steyr.at\/befair\/unser-nachhaltiges-sortiment\/#_Toc34659808\">Nr. 2009\u00a0 Solarb\u00fcndel 10 Solarzellen + 10 Solarbaus\u00e4tze<\/a>  \u20ac 3.580,80<\/p>\n\n\n\n<p class=\"has-small-font-size\"><a href=\"https:\/\/wordpress.hak-steyr.at\/befair\/unser-nachhaltiges-sortiment\/#_Toc34659809\">Nr. 2010\u00a0 Solarb\u00fcndel Premium 25 Solarzellen + 25 Baus\u00e4tze + 1x [GRATIS] Flower\u2019E\u2019power<\/a>   \u20ac 8.657,00<\/p>\n\n\n\n<p class=\"has-medium-font-size\">Unsere Solarenergieprodukte &amp; Elektronikwar<strong>en sind nachhaltig!<\/strong><\/p>\n\n\n\n<p>Durch Ihren Einkauf bei Befair GmbH sichern Sie den Zugang zu leistbarer, zuverl\u00e4ssiger, nachhaltiger und moderner Energie f\u00fcr alle und leisten damit einen Beitrag zur Erreichung des nachhaltigen Entwicklungszieles Nr. 7.<br>Weiters stellen Sie durch Ihre Bestellung ein gesundes Leben sicher und f\u00f6rdern das Wohlergehen f\u00fcr alle Menschen, denn dadurch wird weniger Atomenergie und weniger Energie aus nicht erneuerbaren Energiequellen nachgefragt, was sich positiv auf die Gesundheit der Gesellschaft&nbsp; auswirkt. Damit unterst\u00fctzen Sie auch die Erreichung des Sustainable Development Goal 3.<br>Weiters setzen Sie eine Ma\u00dfnahme zur Bek\u00e4mpfung des Klimawandels und seiner Auswirkungen und leisten einen Beitrag zu SDG 13 und Sie bauen nachhaltige Konsum- und Produktionsstrukturen nach SDG 12 auf. Im Sinne von SDG 9 helfen Sie auch beim Aufbau einer belastbaren Infrastruktur und f\u00f6rdern nachhaltige und inklusive Industrialisierung und unterst\u00fctzen Innovation. St\u00e4dte und Siedlungen werden durch Ihren Beitrag sicherer, nachhaltiger und widerstandsf\u00e4higer gestaltet, was einen Beitrag zu SDG 11 darstellt. Weiters wird durch Ihre Bestellung ein dauerhaftes, inklusives und nachhaltiges Wirtschaftswachstum, volle und ertragreiche Erwerbst\u00e4tigkeit und menschenw\u00fcrdige Arbeit f\u00fcr alle &amp; damit SDG 8 erreicht. Ihre bewusste Entscheidung f\u00fcr nachhaltiges Beschaffen st\u00e4rkt die globale Partnerschaft f\u00fcr nachhaltige Entwicklung &amp; somit SDG 17.&nbsp;<\/p>\n\n\n\n<figure class=\"wp-block-image\"><a href=\"https:\/\/shops.act.at\/10000822\/desktop\/de-at\/shop\/sonstiges\/\"><img loading=\"lazy\" width=\"465\" height=\"284\" src=\"https:\/\/wordpress.hak-steyr.at\/befair\/wp-content\/uploads\/2021\/10\/befair2.png\" alt=\"\" class=\"wp-image-1213\" srcset=\"https:\/\/wordpress.hak-steyr.at\/befair\/wp-content\/uploads\/2021\/10\/befair2.png 465w, https:\/\/wordpress.hak-steyr.at\/befair\/wp-content\/uploads\/2021\/10\/befair2-300x183.png 300w\" sizes=\"(max-width: 465px) 100vw, 465px\" \/><\/a><figcaption><strong><a href=\"https:\/\/shops.act.at\/10000822\/desktop\/de-at\/shop\/sonstiges\/\">Nachhaltige Elektronik Produkte<\/a><\/strong><\/figcaption><\/figure>\n\n\n\n<p class=\"has-small-font-size\"><a href=\"https:\/\/wordpress.hak-steyr.at\/befair\/unser-nachhaltiges-sortiment\/#_Toc34659813\">Nr. 2001 Fairphone 3 Fairphone Mobiltelefon<\/a>  \u20ac 450,00<\/p>\n\n\n\n<p class=\"has-small-font-size\"><a href=\"https:\/\/wordpress.hak-steyr.at\/befair\/unser-nachhaltiges-sortiment\/#_Toc34659810\">Nr. 2002 Fairphone Handyh\u00fcllen<\/a>   \u20ac 20,00<br><br><a href=\"https:\/\/wordpress.hak-steyr.at\/befair\/unser-nachhaltiges-sortiment\/#_Toc34659815\">Nr. 2003 \u00d6ko-Laptop<\/a>   \u20ac 849,00<\/p>\n\n\n\n<p class=\"has-small-font-size\"><a href=\"https:\/\/wordpress.hak-steyr.at\/befair\/unser-nachhaltiges-sortiment\/#_Toc34659816\">Nr. 2004 Befair-K\u00fchlschrank K\u00fchlschrank auf \u00d6kostrombasis<\/a>   1.499,99<\/p>\n\n\n\n<figure class=\"wp-block-image\"><a href=\"https:\/\/shops.act.at\/10000822\/desktop\/de-at\/shop\/fahrzeuge\/\"><img loading=\"lazy\" width=\"469\" height=\"310\" src=\"https:\/\/wordpress.hak-steyr.at\/befair\/wp-content\/uploads\/2021\/10\/i3-bmw.png\" alt=\"\" class=\"wp-image-1214\" srcset=\"https:\/\/wordpress.hak-steyr.at\/befair\/wp-content\/uploads\/2021\/10\/i3-bmw.png 469w, https:\/\/wordpress.hak-steyr.at\/befair\/wp-content\/uploads\/2021\/10\/i3-bmw-300x198.png 300w\" sizes=\"(max-width: 469px) 100vw, 469px\" \/><\/a><figcaption><strong><a href=\"https:\/\/shops.act.at\/10000822\/desktop\/de-at\/shop\/fahrzeuge\/\">Elektrofahrzeuge<\/a><\/strong><\/figcaption><\/figure>\n\n\n\n<p>Elektrofahrzeuge sind nachhaltig, weil der Motor mit Energie aus erneuerbaren Ressourcen, wie Sonnen- und Windenergie oder aus Wasserkraft,  betrieben wird und damit der Weg f\u00fcr den Ausstieg aus dem Erd\u00f6l beschritten wird. Damit geht Forschung und Industrie in eine nachhaltige Zukunft. Auch zuk\u00fcnftige Technologien, wie das Wasserstoffauto, nutzt einen Elektromotor. Jedenfalls wird damit das SDG 9, n\u00e4mlich eine inklusive und nachhaltige Industrialisierung gef\u00f6rdert und Innovation unterst\u00fctzt und eine belastbare Infrastruktur aufgebaut.<strong><br>Unsere Autos sind vorsteuerabzugsberechtigt!<\/strong><\/p>\n\n\n\n<p class=\"has-small-font-size\"><a href=\"https:\/\/wordpress.hak-steyr.at\/befair\/unser-nachhaltiges-sortiment\/#_Toc34659823\">Nr. 3002 Renault Kangoo ZE Maxi Elektro-Auto<\/a>  \u20ac 20.500,00<\/p>\n\n\n\n<p class=\"has-small-font-size\"><a href=\"https:\/\/wordpress.hak-steyr.at\/befair\/unser-nachhaltiges-sortiment\/#_Toc34659817\">Nr. 3004 BMW i3 \u2013 Concept mit eDrive<\/a>   \u20ac 35.700,00<\/p>\n\n\n\n<p class=\"has-small-font-size\"><a href=\"https:\/\/wordpress.hak-steyr.at\/befair\/unser-nachhaltiges-sortiment\/#_Toc34659825\">Nr. 3006 Tesla Roadster 2,5 Elektroauto  \u20ac 63.360,00<\/a><\/p>\n\n\n\n<p class=\"has-small-font-size\"><a href=\"https:\/\/wordpress.hak-steyr.at\/befair\/unser-nachhaltiges-sortiment\/#_Toc34659821\">Nr. 3007 Renault TWIZY Life 80<\/a> \u20ac 9.588,75<\/p>\n\n\n\n<p class=\"has-small-font-size\"><a href=\"https:\/\/wordpress.hak-steyr.at\/befair\/unser-nachhaltiges-sortiment\/#_Toc34659824\">Nr. 3009 Nissan e-NV200 Pro+ Elektrokastenwagen<\/a>  \u20ac 39.999,00<\/p>\n\n\n\n<p><\/p>\n\n\n\n<figure class=\"wp-block-image\"><a href=\"https:\/\/shops.act.at\/10000822\/desktop\/de-at\/shop\/fair-trade-produkte\/\"><img loading=\"lazy\" width=\"286\" height=\"300\" src=\"https:\/\/wordpress.hak-steyr.at\/befair\/wp-content\/uploads\/2021\/10\/csm_Siegel_Pfeil_Fairtrade-1-e1635065566936.png\" alt=\"\" class=\"wp-image-1216\"\/><\/a><figcaption><strong><a href=\"https:\/\/shops.act.at\/10000822\/desktop\/de-at\/shop\/fair-trade-produkte\/\">Fair Trade Produkte<\/a><\/strong><\/figcaption><\/figure>\n\n\n\n<p class=\"has-small-font-size\">Fair TRade Produkte weisen das weltweit einheitliche Siegel des fairen Welthandels auf, welches allen KonsumentInnen zeigt: Sie sind nach FAIRTRADE-Standards gehandelt &amp; angebaut!  Das Fairtrade \u2013 System transformiert die Welt, es ist ein Beitrag zur Erreichung vieler SDG\u00b4s: <br>1) Armut in all ihren Formen beenden<br>2) Hunger beenden, Lebensmittelsicherheit &amp; verbesserte Ern\u00e4hrung erreichen &amp; nachhaltige Landwirtschaft f\u00f6rdern<br>3) Gesundes Leben sicherstellen &amp; das Wohlergehen f\u00fcr alle in jedem Alter f\u00f6rdern<br>4) Inklusive, gerechte &amp; hochwertige Bildung sichern &amp; lebenslanges Lernen f\u00fcr alle f\u00f6rdern<br>5) Geschlechtergerechtigkeit, Empowerment f\u00fcr alle Frauen und M\u00e4dchen<br>8) Dauerhaftes, inklusives &amp; nachhaltiges Wirtschaftswachstum, volle &amp; ertragreiche Erwerbst\u00e4tigkeit&amp; menschenw\u00fcrdige Arbeit f\u00fcr alle erreichen<br>9) Belastbare Infrastruktur aufbauen, inklusive und Innovation unterst\u00fctzen<br>10) Ungleichheit innerhalb und zwischen den L\u00e4ndern verringern<br>12) Nachhaltige Konsum- und Produktionsstrukturen sichern<br>15) \u00d6kosysteme der Erde sch\u00fctzen, wiederherstellen und ihre nachhaltige Nutzung f\u00f6rdern. W\u00e4lder nachhaltig bewirtschaften, die Verw\u00fcstung bek\u00e4mpfen und unfruchtbares Land wieder beleben und den Verlust der Biodiversit\u00e4t stoppen<br>16) Friedliche &amp; inklusive Gesellschaften im Sinne einer nachhaltigen Entwicklung f\u00f6rdern<br>17) Mittel zu Umsetzung &amp; Wiederbelebung der globalen Partnerschaft f\u00fcr nachhaltige Entwicklung st\u00e4ken<\/p>\n\n\n\n<p class=\"has-small-font-size\"><a href=\"https:\/\/wordpress.hak-steyr.at\/befair\/unser-nachhaltiges-sortiment\/#_Nr.__6009\">Nr. 6008 BIOSFAIR Sonnenpflege\u00f6l Olive &amp; Kokos<\/a> \u20ac 25,90<\/p>\n\n\n\n<p class=\"has-small-font-size\"><a href=\"https:\/\/wordpress.hak-steyr.at\/befair\/unser-nachhaltiges-sortiment\/#_Nr.__6010\">Nr. 6010 Bio Geleefr\u00fcchte<\/a> \u20ac 1,66<\/p>\n\n\n\n<p class=\"has-small-font-size\"><a href=\"https:\/\/wordpress.hak-steyr.at\/befair\/unser-nachhaltiges-sortiment\/#_Nr._7001_Bio-MASCAO-Kokos\">Nr. 7001 BIO-MASCAO-Kokos Milchschokolade<\/a> \u20ac 4,99<\/p>\n","protected":false},"excerpt":{"rendered":"<p>PRODUKTKATALOG Alle Preisangaben ohne UST!Klicken Sie auf die Bilder und Sie kommen direkt in unseren Webshop! Nr. 1001 \u00d6kostrom1 Laufzeit 3 Monate, max. 2000 kw, \u20ac 300,- Nr. 1002 \u00d6kostrom 2 Laufzeit 9 Monate, max. 2500 kw, \u20ac 350,- Nr. 1003 \u00d6kostrom 3 Laufzeit 1 Jahr, max. 3000 kw, \u20ac 400,- Durch Ihren Einkauf bei&hellip; <br \/> <a class=\"read-more\" href=\"https:\/\/wordpress.hak-steyr.at\/befair\/angebote\/\">Weiterlesen<\/a><\/p>\n","protected":false},"author":3,"featured_media":0,"parent":0,"menu_order":0,"comment_status":"closed","ping_status":"closed","template":"","meta":[],"_links":{"self":[{"href":"https:\/\/wordpress.hak-steyr.at\/befair\/wp-json\/wp\/v2\/pages\/1412"}],"collection":[{"href":"https:\/\/wordpress.hak-steyr.at\/befair\/wp-json\/wp\/v2\/pages"}],"about":[{"href":"https:\/\/wordpress.hak-steyr.at\/befair\/wp-json\/wp\/v2\/types\/page"}],"author":[{"embeddable":true,"href":"https:\/\/wordpress.hak-steyr.at\/befair\/wp-json\/wp\/v2\/users\/3"}],"replies":[{"embeddable":true,"href":"https:\/\/wordpress.hak-steyr.at\/befair\/wp-json\/wp\/v2\/comments?post=1412"}],"version-history":[{"count":6,"href":"https:\/\/wordpress.hak-steyr.at\/befair\/wp-json\/wp\/v2\/pages\/1412\/revisions"}],"predecessor-version":[{"id":1424,"href":"https:\/\/wordpress.hak-steyr.at\/befair\/wp-json\/wp\/v2\/pages\/1412\/revisions\/1424"}],"wp:attachment":[{"href":"https:\/\/wordpress.hak-steyr.at\/befair\/wp-json\/wp\/v2\/media?parent=1412"}],"curies":[{"name":"wp","href":"https:\/\/api.w.org\/{rel}","templated":true}]}}