{"id":276,"date":"2013-09-13T21:11:42","date_gmt":"2013-09-13T19:11:42","guid":{"rendered":"http:\/\/wordpress.hak-steyr.at\/befair\/?page_id=276"},"modified":"2021-10-24T21:35:16","modified_gmt":"2021-10-24T19:35:16","slug":"agb","status":"publish","type":"page","link":"https:\/\/wordpress.hak-steyr.at\/befair\/agb\/","title":{"rendered":"AGB"},"content":{"rendered":"<p><strong>Allgemeine Gesch\u00e4ftsbedingungen<\/strong><\/p>\n<p>Unsere Gesch\u00e4ftsbedingungen gelten f\u00fcr alle Auftr\u00e4ge. Alle Angebote sind freibleibend. Wir behalten uns das Recht vor, Bestellungen ohne Angabe von Gr\u00fcnden abzulehnen. Sollte es uns nicht m\u00f6glich sein, einen Kundenauftrag anzunehmen, wird der Auftraggeber innerhalb von zwei Wochen nach Eingang der Bestellung dar\u00fcber informiert.<\/p>\n<p>Zahlungsbedingungen<br \/>\nDie genannten Preise enthalten keine Umsatzsteuer. F\u00fcr Rechnungen gilt eine 30 Tage Zahlungsfrist. Bei Zahlungsverzug werden ab dem F\u00e4lligkeitsdatum Verzugszinsen in der H\u00f6he von 1 % pro Monat verrechnet.<\/p>\n<p>Widerrufsrecht<br \/>\nBei Bestellungen im Webshop haben sie das Recht, binnen vierzehn Tagen ohne Angabe von Gr\u00fcnden diesen Vertrag zu widerrufen. Die Widerrufsfrist betr\u00e4gt vierzehn Tage ab dem Tag (1). Um Ihr Widerrufsrecht auszu\u00fcben, m\u00fcssen Sie uns (2) mittels einer eindeutigen Erkl\u00e4rung (z.B. ein mit der Post versandter Brief, Telefax oder E-Mail) \u00fcber Ihren Entschluss, diesen Vertrag zu widerrufen, informieren. Sie k\u00f6nnen daf\u00fcr das beigef\u00fcgte Muster-Widerrufsformular verwenden, das jedoch nicht vorgeschrieben ist. (3) Zur Wahrung der Widerrufsfrist reicht es aus, dass Sie die Mitteilung \u00fcber die Aus\u00fcbung des Widerrufsrechts vor Ablauf der Widerrufsfrist absenden.<\/p>\n<p>Lieferung und Erf\u00fcllungsort<br \/>\nDie Lieferung mit dem eigenen Fahrzeug beziehungsweise durch das ACT-Transportservice frei Haus durchgef\u00fchrt. Die Preise verstehen sich inklusive handels\u00fcblicher Transportverpackung. Als Erf\u00fcllungsort gilt der Unternehmenssitz des Auftraggebers. Der Gerichtsstand ist Steyr. Es gilt \u00f6sterreichisches Recht.<\/p>\n<p>Eigentumsvorbehalt<br \/>\nUnsere Lieferungen erfolgen immer unter dem ausdr\u00fccklichen Vorbehalt unseres Eigentums an der gelieferten Ware bis zur vollst\u00e4ndigen Bezahlung. Vor vollst\u00e4ndiger Bezahlung unserer Rechnung ist es Ihnen untersagt, die Ware zu verpf\u00e4nden, sicherungsweise zu \u00fcbereignen oder Dritten sonstige Rechte daran einzur\u00e4umen.<\/p>\n","protected":false},"excerpt":{"rendered":"<p>Allgemeine Gesch\u00e4ftsbedingungen Unsere Gesch\u00e4ftsbedingungen gelten f\u00fcr alle Auftr\u00e4ge. Alle Angebote sind freibleibend. Wir behalten uns das Recht vor, Bestellungen ohne Angabe von Gr\u00fcnden abzulehnen. Sollte es uns nicht m\u00f6glich sein, einen Kundenauftrag anzunehmen, wird der Auftraggeber innerhalb von zwei Wochen nach Eingang der Bestellung dar\u00fcber informiert. Zahlungsbedingungen Die genannten Preise enthalten keine Umsatzsteuer. F\u00fcr Rechnungen&hellip; <br \/> <a class=\"read-more\" href=\"https:\/\/wordpress.hak-steyr.at\/befair\/agb\/\">Weiterlesen<\/a><\/p>\n","protected":false},"author":3,"featured_media":0,"parent":0,"menu_order":10000,"comment_status":"closed","ping_status":"closed","template":"","meta":[],"_links":{"self":[{"href":"https:\/\/wordpress.hak-steyr.at\/befair\/wp-json\/wp\/v2\/pages\/276"}],"collection":[{"href":"https:\/\/wordpress.hak-steyr.at\/befair\/wp-json\/wp\/v2\/pages"}],"about":[{"href":"https:\/\/wordpress.hak-steyr.at\/befair\/wp-json\/wp\/v2\/types\/page"}],"author":[{"embeddable":true,"href":"https:\/\/wordpress.hak-steyr.at\/befair\/wp-json\/wp\/v2\/users\/3"}],"replies":[{"embeddable":true,"href":"https:\/\/wordpress.hak-steyr.at\/befair\/wp-json\/wp\/v2\/comments?post=276"}],"version-history":[{"count":8,"href":"https:\/\/wordpress.hak-steyr.at\/befair\/wp-json\/wp\/v2\/pages\/276\/revisions"}],"predecessor-version":[{"id":1313,"href":"https:\/\/wordpress.hak-steyr.at\/befair\/wp-json\/wp\/v2\/pages\/276\/revisions\/1313"}],"wp:attachment":[{"href":"https:\/\/wordpress.hak-steyr.at\/befair\/wp-json\/wp\/v2\/media?parent=276"}],"curies":[{"name":"wp","href":"https:\/\/api.w.org\/{rel}","templated":true}]}}