{"id":417,"date":"2022-11-03T17:31:52","date_gmt":"2022-11-03T15:31:52","guid":{"rendered":"http:\/\/wordpress.hak-steyr.at\/befair\/?page_id=417"},"modified":"2022-11-03T17:31:52","modified_gmt":"2022-11-03T15:31:52","slug":"personal-recht","status":"publish","type":"page","link":"https:\/\/wordpress.hak-steyr.at\/befair\/personal-recht\/","title":{"rendered":"Rechnungswesen &#038; Controlling"},"content":{"rendered":"\n<figure class=\"wp-block-image size-large\"><a href=\"https:\/\/wordpress.hak-steyr.at\/befair\/wp-content\/uploads\/2022\/11\/Image-2.jpeg\"><img loading=\"lazy\" width=\"768\" height=\"1024\" src=\"https:\/\/wordpress.hak-steyr.at\/befair\/wp-content\/uploads\/2022\/11\/Image-2-768x1024.jpeg\" alt=\"\" class=\"wp-image-1536\" srcset=\"https:\/\/wordpress.hak-steyr.at\/befair\/wp-content\/uploads\/2022\/11\/Image-2-768x1024.jpeg 768w, https:\/\/wordpress.hak-steyr.at\/befair\/wp-content\/uploads\/2022\/11\/Image-2-225x300.jpeg 225w, https:\/\/wordpress.hak-steyr.at\/befair\/wp-content\/uploads\/2022\/11\/Image-2-1152x1536.jpeg 1152w, https:\/\/wordpress.hak-steyr.at\/befair\/wp-content\/uploads\/2022\/11\/Image-2-1024x1365.jpeg 1024w, https:\/\/wordpress.hak-steyr.at\/befair\/wp-content\/uploads\/2022\/11\/Image-2-810x1080.jpeg 810w, https:\/\/wordpress.hak-steyr.at\/befair\/wp-content\/uploads\/2022\/11\/Image-2.jpeg 1500w\" sizes=\"(max-width: 768px) 100vw, 768px\" \/><\/a><\/figure>\n\n\n\n<p><strong>Aufgaben und Verantwortungsbereich<\/strong><\/p>\n\n\n\n<ul><li>Plan G&amp;V: Aufw\u00e4nde &amp; Ertr\u00e4ge im Modul planen<\/li><li>Zeitgerechtes Bezahlen der Eingangsrechnungen<\/li><li>Kontrolle der Zahlungseing\u00e4nge<\/li><li>Mahnungen<\/li><li>UVA<\/li><\/ul>\n\n\n\n<p><strong>Mitarbeiter:<\/strong> Jusup Gerikanov, Dion Ademaj<\/p>\n\n\n\n<p><strong>\u00dcber- und Unterordnung:<\/strong><br>Die Mitarbeiter sind direkt der Gesch\u00e4ftsf\u00fchrung unterstellt.<\/p>\n\n\n\n<p>Den Mitarbeitern ist niemand unterstellt.<\/p>\n\n\n\n<p><strong>Qualifikationen:<\/strong><\/p>\n\n\n\n<ul><li>Selbstst\u00e4ndigkeit<\/li><li>Kaufm\u00e4nnisches Denken<\/li><li>BMD Kenntnisse<\/li><li>Rechenf\u00e4higkeit<\/li><li>Teamarbeit<\/li><li>Verst\u00e4ndnis f\u00fcr Rechnungswesen und Betriebswirtschaft<\/li><\/ul>\n","protected":false},"excerpt":{"rendered":"<p>Aufgaben und Verantwortungsbereich Plan G&amp;V: Aufw\u00e4nde &amp; Ertr\u00e4ge im Modul planen Zeitgerechtes Bezahlen der Eingangsrechnungen Kontrolle der Zahlungseing\u00e4nge Mahnungen UVA Mitarbeiter: Jusup Gerikanov, Dion Ademaj \u00dcber- und Unterordnung:Die Mitarbeiter sind direkt der Gesch\u00e4ftsf\u00fchrung unterstellt. Den Mitarbeitern ist niemand unterstellt. Qualifikationen: Selbstst\u00e4ndigkeit Kaufm\u00e4nnisches Denken BMD Kenntnisse Rechenf\u00e4higkeit Teamarbeit Verst\u00e4ndnis f\u00fcr Rechnungswesen und Betriebswirtschaft<\/p>\n","protected":false},"author":3,"featured_media":0,"parent":0,"menu_order":4,"comment_status":"closed","ping_status":"closed","template":"","meta":[],"_links":{"self":[{"href":"https:\/\/wordpress.hak-steyr.at\/befair\/wp-json\/wp\/v2\/pages\/417"}],"collection":[{"href":"https:\/\/wordpress.hak-steyr.at\/befair\/wp-json\/wp\/v2\/pages"}],"about":[{"href":"https:\/\/wordpress.hak-steyr.at\/befair\/wp-json\/wp\/v2\/types\/page"}],"author":[{"embeddable":true,"href":"https:\/\/wordpress.hak-steyr.at\/befair\/wp-json\/wp\/v2\/users\/3"}],"replies":[{"embeddable":true,"href":"https:\/\/wordpress.hak-steyr.at\/befair\/wp-json\/wp\/v2\/comments?post=417"}],"version-history":[{"count":20,"href":"https:\/\/wordpress.hak-steyr.at\/befair\/wp-json\/wp\/v2\/pages\/417\/revisions"}],"predecessor-version":[{"id":1537,"href":"https:\/\/wordpress.hak-steyr.at\/befair\/wp-json\/wp\/v2\/pages\/417\/revisions\/1537"}],"wp:attachment":[{"href":"https:\/\/wordpress.hak-steyr.at\/befair\/wp-json\/wp\/v2\/media?parent=417"}],"curies":[{"name":"wp","href":"https:\/\/api.w.org\/{rel}","templated":true}]}}