{"id":48,"date":"2022-11-03T17:25:21","date_gmt":"2022-11-03T15:25:21","guid":{"rendered":"http:\/\/wordpress.hak-steyr.at\/befair\/?page_id=48"},"modified":"2022-11-03T17:25:21","modified_gmt":"2022-11-03T15:25:21","slug":"team-befair","status":"publish","type":"page","link":"https:\/\/wordpress.hak-steyr.at\/befair\/mesmerize\/team-befair\/","title":{"rendered":"Team beFair 2022\/2023"},"content":{"rendered":"\n<h1>Unser Team<\/h1>\n\n\n\n<h3><a href=\"https:\/\/wordpress.hak-steyr.at\/befair\/stellenausschreibungen\/qm-geschaeftsfuehrung\/\">Gesch\u00e4ftsf\u00fchrung und Qualit\u00e4tsmanagement<\/a><\/h3>\n\n\n\n<p>Brunner Emma<\/p>\n\n\n\n<p>Gurusamy Antonia<\/p>\n\n\n\n<h3><a href=\"https:\/\/wordpress.hak-steyr.at\/befair\/stellenausschreibungen\/sekretariat-einkauf\/\">Verkauf &amp; Marketing<\/a><\/h3>\n\n\n\n<p>Baumgartner Matthias<\/p>\n\n\n\n<p>Fachberger Martin<\/p>\n\n\n\n<h3><a href=\"https:\/\/wordpress.hak-steyr.at\/befair\/stellenausschreibungen\/personal-recht\/\">Rechnungswesen &amp; Controlling<\/a><\/h3>\n\n\n\n<p>Ademaj Dion<\/p>\n\n\n\n<p>Gerikanov Josup<\/p>\n\n\n\n<h3><a href=\"https:\/\/wordpress.hak-steyr.at\/befair\/stellenausschreibungen\/personal-und-recht\/\">Personal und Recht<\/a><\/h3>\n\n\n\n<p>Enzenhofer Emma<\/p>\n\n\n\n<p>Ahrer Nadine<\/p>\n\n\n\n<h3><a href=\"https:\/\/wordpress.hak-steyr.at\/befair\/stellenausschreibungen\/marketing-und-sekretariat\/\">Einkauf und Sekretariat<\/a><\/h3>\n\n\n\n<p>Guso Nejla<\/p>\n\n\n\n<p>Eldes Melissa<\/p>\n\n\n\n<p>Daaboul Maria-Magdalena<\/p>\n\n\n\n<p><\/p>\n","protected":false},"excerpt":{"rendered":"<p>Unser Team Gesch\u00e4ftsf\u00fchrung und Qualit\u00e4tsmanagement Brunner Emma Gurusamy Antonia Verkauf &amp; Marketing Baumgartner Matthias Fachberger Martin Rechnungswesen &amp; Controlling Ademaj Dion Gerikanov Josup Personal und Recht Enzenhofer Emma Ahrer Nadine Einkauf und Sekretariat Guso Nejla Eldes Melissa Daaboul Maria-Magdalena<\/p>\n","protected":false},"author":3,"featured_media":0,"parent":823,"menu_order":3000,"comment_status":"open","ping_status":"closed","template":"","meta":[],"_links":{"self":[{"href":"https:\/\/wordpress.hak-steyr.at\/befair\/wp-json\/wp\/v2\/pages\/48"}],"collection":[{"href":"https:\/\/wordpress.hak-steyr.at\/befair\/wp-json\/wp\/v2\/pages"}],"about":[{"href":"https:\/\/wordpress.hak-steyr.at\/befair\/wp-json\/wp\/v2\/types\/page"}],"author":[{"embeddable":true,"href":"https:\/\/wordpress.hak-steyr.at\/befair\/wp-json\/wp\/v2\/users\/3"}],"replies":[{"embeddable":true,"href":"https:\/\/wordpress.hak-steyr.at\/befair\/wp-json\/wp\/v2\/comments?post=48"}],"version-history":[{"count":61,"href":"https:\/\/wordpress.hak-steyr.at\/befair\/wp-json\/wp\/v2\/pages\/48\/revisions"}],"predecessor-version":[{"id":1532,"href":"https:\/\/wordpress.hak-steyr.at\/befair\/wp-json\/wp\/v2\/pages\/48\/revisions\/1532"}],"up":[{"embeddable":true,"href":"https:\/\/wordpress.hak-steyr.at\/befair\/wp-json\/wp\/v2\/pages\/823"}],"wp:attachment":[{"href":"https:\/\/wordpress.hak-steyr.at\/befair\/wp-json\/wp\/v2\/media?parent=48"}],"curies":[{"name":"wp","href":"https:\/\/api.w.org\/{rel}","templated":true}]}}