{"id":554,"date":"2015-04-24T12:29:18","date_gmt":"2015-04-24T10:29:18","guid":{"rendered":"http:\/\/wordpress.hak-steyr.at\/befair\/?page_id=554"},"modified":"2023-01-26T17:30:39","modified_gmt":"2023-01-26T15:30:39","slug":"kontakt","status":"publish","type":"page","link":"https:\/\/wordpress.hak-steyr.at\/befair\/kontakt\/","title":{"rendered":"Kontakt"},"content":{"rendered":"<h2><strong>\u00dcber uns<\/strong><\/h2>\n<p>Befair GmbH &#8211; \u00dcbungsfirma<br \/>Leopold-Werndl-Stra\u00dfe 7<br \/>4400 Steyr<br \/>E-mail: <a href=\"mailto:befair@hak-steyr.at\">befair2254@uebungsfirmen.at<\/a><\/p>\n<h2><strong>Bankverbindung<\/strong><\/h2>\n<p><strong>Act-Bank:<\/strong> <em>IBAN<\/em> AT82 9900 0001 0003 8722\u00a0\u00a0\u00a0\u00a0\u00a0\u00a0\u00a0\u00a0<em> BIC<\/em>\u00a0 ACTBATW0<br \/><strong>Elba-Internet:<\/strong> <em>IBAN<\/em> AT58 3483 4000 0141 2055\u00a0\u00a0 <em>BIC<\/em> RZOOAT2L834<\/p>\n<h2><strong>\u00d6ffnungszeiten<\/strong><\/h2>\n<p><strong>Donnerstag: <\/strong>14:15-16:50<\/p>\n<p>Sie finden uns auch auf<\/p>\n<ul>\n<li><a href=\"https:\/\/www.facebook.com\/BeFair-GmbH-\u00dcFA-1826228917640837\/?pnref=story\"> FACEBOOK<\/a><\/li>\n<li><a href=\"https:\/\/www.instagram.com\/befair_gmbh\/\">INSTAGRAM<\/a><\/li>\n<li><a href=\"https:\/\/twitter.com\/BefairUEFA\">TWITTER<\/a><\/li>\n<\/ul>\n<h2>Schreiben Sie uns:<\/h2>\n<div role=\"form\" class=\"wpcf7\" id=\"wpcf7-f1335-o1\" lang=\"de-DE\" dir=\"ltr\">\n<div class=\"screen-reader-response\"><p role=\"status\" aria-live=\"polite\" aria-atomic=\"true\"><\/p> <ul><\/ul><\/div>\n<form action=\"\/befair\/wp-json\/wp\/v2\/pages\/554#wpcf7-f1335-o1\" method=\"post\" class=\"wpcf7-form init\" novalidate=\"novalidate\" data-status=\"init\">\n<div style=\"display: none;\">\n<input type=\"hidden\" name=\"_wpcf7\" value=\"1335\" \/>\n<input type=\"hidden\" name=\"_wpcf7_version\" value=\"5.5.2\" \/>\n<input type=\"hidden\" name=\"_wpcf7_locale\" value=\"de_DE\" \/>\n<input type=\"hidden\" name=\"_wpcf7_unit_tag\" value=\"wpcf7-f1335-o1\" \/>\n<input type=\"hidden\" name=\"_wpcf7_container_post\" value=\"0\" \/>\n<input type=\"hidden\" name=\"_wpcf7_posted_data_hash\" value=\"\" \/>\n<\/div>\n<p><label> Dein Name<br \/>\n    <span class=\"wpcf7-form-control-wrap your-name\"><input type=\"text\" name=\"your-name\" value=\"\" size=\"40\" class=\"wpcf7-form-control wpcf7-text wpcf7-validates-as-required\" aria-required=\"true\" aria-invalid=\"false\" \/><\/span> <\/label><br \/>\n<label> Deine E-Mail-Adresse<br \/>\n    <span class=\"wpcf7-form-control-wrap your-email\"><input type=\"email\" name=\"your-email\" value=\"\" size=\"40\" class=\"wpcf7-form-control wpcf7-text wpcf7-email wpcf7-validates-as-required wpcf7-validates-as-email\" aria-required=\"true\" aria-invalid=\"false\" \/><\/span> <\/label><br \/>\n<label> Betreff<br \/>\n    <span class=\"wpcf7-form-control-wrap your-subject\"><input type=\"text\" name=\"your-subject\" value=\"\" size=\"40\" class=\"wpcf7-form-control wpcf7-text wpcf7-validates-as-required\" aria-required=\"true\" aria-invalid=\"false\" \/><\/span> <\/label><br \/>\n<label> Deine Nachricht<br \/>\n    <span class=\"wpcf7-form-control-wrap your-message\"><textarea name=\"your-message\" cols=\"40\" rows=\"10\" class=\"wpcf7-form-control wpcf7-textarea wpcf7-validates-as-required\" aria-required=\"true\" aria-invalid=\"false\"><\/textarea><\/span> <\/label><br \/>\n<input type=\"submit\" value=\"Senden\" class=\"wpcf7-form-control has-spinner wpcf7-submit\" \/><\/p>\n<div class=\"wpcf7-response-output\" aria-hidden=\"true\"><\/div><\/form><\/div>\n\n\n<p><\/p>\n","protected":false},"excerpt":{"rendered":"<p>\u00dcber uns Befair GmbH &#8211; \u00dcbungsfirmaLeopold-Werndl-Stra\u00dfe 74400 SteyrE-mail: befair2254@uebungsfirmen.at Bankverbindung Act-Bank: IBAN AT82 9900 0001 0003 8722\u00a0\u00a0\u00a0\u00a0\u00a0\u00a0\u00a0\u00a0 BIC\u00a0 ACTBATW0Elba-Internet: IBAN AT58 3483 4000 0141 2055\u00a0\u00a0 BIC RZOOAT2L834 \u00d6ffnungszeiten Donnerstag: 14:15-16:50 Sie finden uns auch auf FACEBOOK INSTAGRAM TWITTER Schreiben Sie uns:<\/p>\n","protected":false},"author":3,"featured_media":0,"parent":0,"menu_order":6000,"comment_status":"closed","ping_status":"closed","template":"","meta":[],"_links":{"self":[{"href":"https:\/\/wordpress.hak-steyr.at\/befair\/wp-json\/wp\/v2\/pages\/554"}],"collection":[{"href":"https:\/\/wordpress.hak-steyr.at\/befair\/wp-json\/wp\/v2\/pages"}],"about":[{"href":"https:\/\/wordpress.hak-steyr.at\/befair\/wp-json\/wp\/v2\/types\/page"}],"author":[{"embeddable":true,"href":"https:\/\/wordpress.hak-steyr.at\/befair\/wp-json\/wp\/v2\/users\/3"}],"replies":[{"embeddable":true,"href":"https:\/\/wordpress.hak-steyr.at\/befair\/wp-json\/wp\/v2\/comments?post=554"}],"version-history":[{"count":30,"href":"https:\/\/wordpress.hak-steyr.at\/befair\/wp-json\/wp\/v2\/pages\/554\/revisions"}],"predecessor-version":[{"id":1551,"href":"https:\/\/wordpress.hak-steyr.at\/befair\/wp-json\/wp\/v2\/pages\/554\/revisions\/1551"}],"wp:attachment":[{"href":"https:\/\/wordpress.hak-steyr.at\/befair\/wp-json\/wp\/v2\/media?parent=554"}],"curies":[{"name":"wp","href":"https:\/\/api.w.org\/{rel}","templated":true}]}}