{"id":642,"date":"2022-11-03T17:33:08","date_gmt":"2022-11-03T15:33:08","guid":{"rendered":"http:\/\/wordpress.hak-steyr.at\/befair\/?page_id=642"},"modified":"2022-11-03T17:33:08","modified_gmt":"2022-11-03T15:33:08","slug":"sekretariat-einkauf","status":"publish","type":"page","link":"https:\/\/wordpress.hak-steyr.at\/befair\/sekretariat-einkauf\/","title":{"rendered":"Verkauf und Marketing"},"content":{"rendered":"\n<figure class=\"wp-block-image size-large\"><a href=\"https:\/\/wordpress.hak-steyr.at\/befair\/wp-content\/uploads\/2022\/11\/Image-3.jpeg\"><img loading=\"lazy\" width=\"768\" height=\"1024\" src=\"https:\/\/wordpress.hak-steyr.at\/befair\/wp-content\/uploads\/2022\/11\/Image-3-768x1024.jpeg\" alt=\"\" class=\"wp-image-1538\" srcset=\"https:\/\/wordpress.hak-steyr.at\/befair\/wp-content\/uploads\/2022\/11\/Image-3-768x1024.jpeg 768w, https:\/\/wordpress.hak-steyr.at\/befair\/wp-content\/uploads\/2022\/11\/Image-3-225x300.jpeg 225w, https:\/\/wordpress.hak-steyr.at\/befair\/wp-content\/uploads\/2022\/11\/Image-3-1152x1536.jpeg 1152w, https:\/\/wordpress.hak-steyr.at\/befair\/wp-content\/uploads\/2022\/11\/Image-3-1024x1365.jpeg 1024w, https:\/\/wordpress.hak-steyr.at\/befair\/wp-content\/uploads\/2022\/11\/Image-3-810x1080.jpeg 810w, https:\/\/wordpress.hak-steyr.at\/befair\/wp-content\/uploads\/2022\/11\/Image-3.jpeg 1500w\" sizes=\"(max-width: 768px) 100vw, 768px\" \/><\/a><\/figure>\n\n\n<h4><strong>Aufgaben des Verkaufs<br \/><\/strong><\/h4>\n\n\n<ul><li>Anfragen bearbeiten<\/li><li>Angebote erstellen<\/li><li>Auftragsbest\u00e4tigungen \u00fcberpr\u00fcfen<\/li><li>Lieferschein erstellen<\/li><\/ul>\n\n\n\n<p><strong>Mitarbeiter:<\/strong> Matthias Baumgartner, Martin Fachberger<\/p>\n\n\n\n<h4><strong>\u00dcber- und Unterordnung:<\/strong><\/h4>\n\n\n\n<p>Die Mitarbeiter sind direkt der Gesch\u00e4ftsf\u00fchrung unterstellt.<br>Den Mitarbeitern ist niemand unterstellt.<\/p>\n\n\n\n<h4><strong>Qualifikationen:<\/strong><\/h4>\n\n\n\n<ul><li>Office Kenntnisse<\/li><li>gute Fachkenntnisse im Bereich Marketing<\/li><li>gute Englischkenntnisse<\/li><li>Kommunikationsf\u00e4higkeit<\/li><li>Teamf\u00e4higkeit<\/li><li>Selbstst\u00e4ndigkeit<\/li><li>Kreativit\u00e4t<\/li><\/ul>\n","protected":false},"excerpt":{"rendered":"<p>Aufgaben des Verkaufs Anfragen bearbeiten Angebote erstellen Auftragsbest\u00e4tigungen \u00fcberpr\u00fcfen Lieferschein erstellen Mitarbeiter: Matthias Baumgartner, Martin Fachberger \u00dcber- und Unterordnung: Die Mitarbeiter sind direkt der Gesch\u00e4ftsf\u00fchrung unterstellt.Den Mitarbeitern ist niemand unterstellt. Qualifikationen: Office Kenntnisse gute Fachkenntnisse im Bereich Marketing gute Englischkenntnisse Kommunikationsf\u00e4higkeit Teamf\u00e4higkeit Selbstst\u00e4ndigkeit Kreativit\u00e4t<\/p>\n","protected":false},"author":3,"featured_media":0,"parent":0,"menu_order":3,"comment_status":"closed","ping_status":"closed","template":"","meta":[],"_links":{"self":[{"href":"https:\/\/wordpress.hak-steyr.at\/befair\/wp-json\/wp\/v2\/pages\/642"}],"collection":[{"href":"https:\/\/wordpress.hak-steyr.at\/befair\/wp-json\/wp\/v2\/pages"}],"about":[{"href":"https:\/\/wordpress.hak-steyr.at\/befair\/wp-json\/wp\/v2\/types\/page"}],"author":[{"embeddable":true,"href":"https:\/\/wordpress.hak-steyr.at\/befair\/wp-json\/wp\/v2\/users\/3"}],"replies":[{"embeddable":true,"href":"https:\/\/wordpress.hak-steyr.at\/befair\/wp-json\/wp\/v2\/comments?post=642"}],"version-history":[{"count":17,"href":"https:\/\/wordpress.hak-steyr.at\/befair\/wp-json\/wp\/v2\/pages\/642\/revisions"}],"predecessor-version":[{"id":1539,"href":"https:\/\/wordpress.hak-steyr.at\/befair\/wp-json\/wp\/v2\/pages\/642\/revisions\/1539"}],"wp:attachment":[{"href":"https:\/\/wordpress.hak-steyr.at\/befair\/wp-json\/wp\/v2\/media?parent=642"}],"curies":[{"name":"wp","href":"https:\/\/api.w.org\/{rel}","templated":true}]}}