{"id":708,"date":"2017-05-12T10:59:08","date_gmt":"2017-05-12T08:59:08","guid":{"rendered":"http:\/\/wordpress.hak-steyr.at\/befair\/?page_id=708"},"modified":"2021-10-25T21:40:39","modified_gmt":"2021-10-25T19:40:39","slug":"st-gallener-managementmodell","status":"publish","type":"page","link":"https:\/\/wordpress.hak-steyr.at\/befair\/virtual-enterprise\/st-gallener-managementmodell\/","title":{"rendered":"St. Gallener Managementmodell"},"content":{"rendered":"<p>Das Modell zeigt, dass ein Unternehmen nicht f\u00fcr sich alleine dasteht und nach Lust und Laune handelt und entscheidet.<\/p>\n<p>Ein Unternehmen ist in ein gro\u00dfes Umfeld eingebettet, welches in das Handeln und Entscheiden eines Unternehmens einbezogen wird.<\/p>\n<p>Deshalb muss ein Unternehemn seinen Blick nach au\u00dfen richten, um Trends in seinen Entscheidungen besser ber\u00fccksichtigen zu k\u00f6nnen.<\/p>\n<p>Je besser die Trends ber\u00fccksichtigt werden, desto wahrscheinlicher werden der \u00f6konomische Erfolg und Beitrag zur langfristigen positiven Entwicklung und Gesellschaft.<\/p>\n<p><a href=\"http:\/\/wordpress.hak-steyr.at\/befair\/wp-content\/uploads\/2017\/05\/St.Galler_Grafik.jpg\"><img loading=\"lazy\" class=\"alignleft  wp-image-742\" src=\"http:\/\/wordpress.hak-steyr.at\/befair\/wp-content\/uploads\/2017\/05\/St.Galler_Grafik-1024x723.jpg\" alt=\"\" width=\"637\" height=\"450\" srcset=\"https:\/\/wordpress.hak-steyr.at\/befair\/wp-content\/uploads\/2017\/05\/St.Galler_Grafik-1024x723.jpg 1024w, https:\/\/wordpress.hak-steyr.at\/befair\/wp-content\/uploads\/2017\/05\/St.Galler_Grafik-300x212.jpg 300w, https:\/\/wordpress.hak-steyr.at\/befair\/wp-content\/uploads\/2017\/05\/St.Galler_Grafik-768x542.jpg 768w, https:\/\/wordpress.hak-steyr.at\/befair\/wp-content\/uploads\/2017\/05\/St.Galler_Grafik.jpg 1120w\" sizes=\"(max-width: 637px) 100vw, 637px\" \/><\/a><\/p>\n<div class='embed-container'><iframe loading=\"lazy\" title=\"brillianIDEAS: St. Galler Management Modell\" width=\"1920\" height=\"1080\" src=\"https:\/\/www.youtube.com\/embed\/7uyBnuyF4Po?feature=oembed\" frameborder=\"0\" allow=\"accelerometer; autoplay; clipboard-write; encrypted-media; gyroscope; picture-in-picture\" allowfullscreen><\/iframe><\/div>\n","protected":false},"excerpt":{"rendered":"<p>Das Modell zeigt, dass ein Unternehmen nicht f\u00fcr sich alleine dasteht und nach Lust und Laune handelt und entscheidet. Ein Unternehmen ist in ein gro\u00dfes Umfeld eingebettet, welches in das Handeln und Entscheiden eines Unternehmens einbezogen wird. Deshalb muss ein Unternehemn seinen Blick nach au\u00dfen richten, um Trends in seinen Entscheidungen besser ber\u00fccksichtigen zu k\u00f6nnen.&hellip; <br \/> <a class=\"read-more\" href=\"https:\/\/wordpress.hak-steyr.at\/befair\/virtual-enterprise\/st-gallener-managementmodell\/\">Weiterlesen<\/a><\/p>\n","protected":false},"author":3,"featured_media":0,"parent":5,"menu_order":1,"comment_status":"closed","ping_status":"closed","template":"","meta":[],"_links":{"self":[{"href":"https:\/\/wordpress.hak-steyr.at\/befair\/wp-json\/wp\/v2\/pages\/708"}],"collection":[{"href":"https:\/\/wordpress.hak-steyr.at\/befair\/wp-json\/wp\/v2\/pages"}],"about":[{"href":"https:\/\/wordpress.hak-steyr.at\/befair\/wp-json\/wp\/v2\/types\/page"}],"author":[{"embeddable":true,"href":"https:\/\/wordpress.hak-steyr.at\/befair\/wp-json\/wp\/v2\/users\/3"}],"replies":[{"embeddable":true,"href":"https:\/\/wordpress.hak-steyr.at\/befair\/wp-json\/wp\/v2\/comments?post=708"}],"version-history":[{"count":5,"href":"https:\/\/wordpress.hak-steyr.at\/befair\/wp-json\/wp\/v2\/pages\/708\/revisions"}],"predecessor-version":[{"id":1343,"href":"https:\/\/wordpress.hak-steyr.at\/befair\/wp-json\/wp\/v2\/pages\/708\/revisions\/1343"}],"up":[{"embeddable":true,"href":"https:\/\/wordpress.hak-steyr.at\/befair\/wp-json\/wp\/v2\/pages\/5"}],"wp:attachment":[{"href":"https:\/\/wordpress.hak-steyr.at\/befair\/wp-json\/wp\/v2\/media?parent=708"}],"curies":[{"name":"wp","href":"https:\/\/api.w.org\/{rel}","templated":true}]}}