{"id":12,"date":"2022-10-15T10:42:22","date_gmt":"2022-10-15T08:42:22","guid":{"rendered":"https:\/\/wordpress.hak-steyr.at\/bueroundco\/?page_id=12"},"modified":"2023-01-25T10:16:09","modified_gmt":"2023-01-25T09:16:09","slug":"unser-angebot","status":"publish","type":"page","link":"https:\/\/wordpress.hak-steyr.at\/bueroundco\/unser-angebot\/","title":{"rendered":"Unser Angebot"},"content":{"rendered":"\n<div class=\"wp-block-columns is-layout-flex wp-container-core-columns-is-layout-28f84493 wp-block-columns-is-layout-flex\">\n<div class=\"wp-block-column is-layout-flow wp-block-column-is-layout-flow\">\n<p><strong>B\u00fcrosessel<\/strong><\/p>\n\n\n\n<p>Von einem schlichten, zeitlosen B\u00fcrostuhl, \u00fcber einen sportlichen B\u00fcrosessel oder einen Drehstuhl mit Sitzschale bis zum bequemen Chefsessel &#8211; bei uns ist f\u00fcr JEDEN etwas dabei!<\/p>\n<\/div>\n\n\n\n<div class=\"wp-block-column is-layout-flow wp-block-column-is-layout-flow\">\n<p><strong>B\u00fcrotische<\/strong><\/p>\n\n\n\n<p>Sei es ein h\u00f6henverstellbarer Schreibtisch, ein schlichter und eleganter Konferenztisch oder auch ein stilvoller Einzeltische &#8211; wir statten IHR B\u00fcro perfekt aus!<\/p>\n<\/div>\n<\/div>\n\n\n\n<div style=\"height:50px\" aria-hidden=\"true\" class=\"wp-block-spacer\"><\/div>\n\n\n\n<div class=\"wp-block-columns is-layout-flex wp-container-core-columns-is-layout-28f84493 wp-block-columns-is-layout-flex\">\n<div class=\"wp-block-column is-layout-flow wp-block-column-is-layout-flow\">\n<p><strong>B\u00fcrok\u00e4sten<\/strong><\/p>\n\n\n\n<p>Sie ben\u00f6tigen mehr Stauraum?<br>Dann sind Sie bei uns an der richtigen Stelle! Unser Sortiment reicht von kleinen Beistellcontainern bis hin zu Schr\u00e4nken mit Glast\u00fcren.<\/p>\n<\/div>\n\n\n\n<div class=\"wp-block-column is-layout-flow wp-block-column-is-layout-flow\">\n<p><strong>Sofas<\/strong><\/p>\n\n\n\n<p>Sie haben es gerne gem\u00fctlich? Kein Problem. Wir bieten auff\u00e4lliges Design, schlichte Form und jede Menge Komfort und verwandeln IHR B\u00fcro in eine Wohlf\u00fchloase!<\/p>\n<\/div>\n<\/div>\n\n\n\n<div style=\"height:57px\" aria-hidden=\"true\" class=\"wp-block-spacer\"><\/div>\n","protected":false},"excerpt":{"rendered":"<p>B\u00fcrosessel Von einem schlichten, zeitlosen B\u00fcrostuhl, \u00fcber einen sportlichen B\u00fcrosessel oder einen Drehstuhl mit Sitzschale bis zum bequemen Chefsessel &#8211; bei uns ist f\u00fcr JEDEN etwas dabei! B\u00fcrotische Sei es ein h\u00f6henverstellbarer Schreibtisch, ein schlichter und eleganter Konferenztisch oder auch ein stilvoller Einzeltische &#8211; wir statten IHR B\u00fcro perfekt aus! B\u00fcrok\u00e4sten Sie ben\u00f6tigen mehr Stauraum?Dann [&hellip;]<\/p>\n","protected":false},"author":2,"featured_media":0,"parent":0,"menu_order":0,"comment_status":"closed","ping_status":"closed","template":"","meta":{"footnotes":""},"class_list":["post-12","page","type-page","status-publish","hentry"],"_links":{"self":[{"href":"https:\/\/wordpress.hak-steyr.at\/bueroundco\/wp-json\/wp\/v2\/pages\/12","targetHints":{"allow":["GET"]}}],"collection":[{"href":"https:\/\/wordpress.hak-steyr.at\/bueroundco\/wp-json\/wp\/v2\/pages"}],"about":[{"href":"https:\/\/wordpress.hak-steyr.at\/bueroundco\/wp-json\/wp\/v2\/types\/page"}],"author":[{"embeddable":true,"href":"https:\/\/wordpress.hak-steyr.at\/bueroundco\/wp-json\/wp\/v2\/users\/2"}],"replies":[{"embeddable":true,"href":"https:\/\/wordpress.hak-steyr.at\/bueroundco\/wp-json\/wp\/v2\/comments?post=12"}],"version-history":[{"count":5,"href":"https:\/\/wordpress.hak-steyr.at\/bueroundco\/wp-json\/wp\/v2\/pages\/12\/revisions"}],"predecessor-version":[{"id":228,"href":"https:\/\/wordpress.hak-steyr.at\/bueroundco\/wp-json\/wp\/v2\/pages\/12\/revisions\/228"}],"wp:attachment":[{"href":"https:\/\/wordpress.hak-steyr.at\/bueroundco\/wp-json\/wp\/v2\/media?parent=12"}],"curies":[{"name":"wp","href":"https:\/\/api.w.org\/{rel}","templated":true}]}}