{"id":237,"date":"2023-02-01T09:09:17","date_gmt":"2023-02-01T08:09:17","guid":{"rendered":"https:\/\/wordpress.hak-steyr.at\/bueroundco\/?page_id=237"},"modified":"2026-01-20T10:51:44","modified_gmt":"2026-01-20T09:51:44","slug":"impressum-3","status":"publish","type":"page","link":"https:\/\/wordpress.hak-steyr.at\/bueroundco\/impressum-3\/","title":{"rendered":"Impressum"},"content":{"rendered":"\n<div style=\"height:11px\" aria-hidden=\"true\" class=\"wp-block-spacer\"><\/div>\n\n\n\n<p><strong>B\u00fcro &amp; Co GesmbH<\/strong><br>\u00dcbungsfirma der BHAK Steyr<br>Handelsunternehmen<br>Leopold-Werndl-Stra\u00dfe 7<br>4400 Steyr<br><br>Telefon: 07252\/52649-30<br>E-Mail:&nbsp;<a href=\"buero_co1948@uebungsfirmen.at\" data-type=\"URL\" data-id=\"buero_co1948@uebungsfirmen.at\">buero_co1948@uebungsfirmen.at <\/a><\/p>\n\n\n\n<div style=\"height:11px\" aria-hidden=\"true\" class=\"wp-block-spacer\"><\/div>\n\n\n\n<p><strong>B\u00fcrozeiten:<\/strong><br>Dienstag: 09:30 &#8211; 12:20<\/p>\n\n\n\n<div style=\"height:11px\" aria-hidden=\"true\" class=\"wp-block-spacer\"><\/div>\n\n\n\n<p><strong>Firmenname<\/strong><br>B\u00fcro &amp; Co GmbH<\/p>\n\n\n\n<div style=\"height:11px\" aria-hidden=\"true\" class=\"wp-block-spacer\"><\/div>\n\n\n\n<p><strong>Ort der Gewerbeberechtigung<\/strong><br>Leopold-Werndl-Stra\u00dfe 7<br>4400 Steyr<br>\u00d6sterreich<\/p>\n\n\n\n<div style=\"height:11px\" aria-hidden=\"true\" class=\"wp-block-spacer\"><\/div>\n\n\n\n<p><strong>UID-Nummer<br><\/strong>ATU6019480<\/p>\n\n\n\n<div style=\"height:11px\" aria-hidden=\"true\" class=\"wp-block-spacer\"><\/div>\n\n\n\n<p><strong>Rechtsform<br><\/strong>GmbH<\/p>\n\n\n\n<div style=\"height:11px\" aria-hidden=\"true\" class=\"wp-block-spacer\"><\/div>\n\n\n\n<p><strong>Firmenbuchnummer ACT: <\/strong><\/p>\n\n\n\n<p>1948<\/p>\n\n\n\n<p><\/p>\n\n\n\n<p><strong>Gerichtsstand<\/strong><br>ACT-Gericht Wien<\/p>\n\n\n\n<div style=\"height:62px\" aria-hidden=\"true\" class=\"wp-block-spacer\"><\/div>\n\n\n\n<p><\/p>\n","protected":false},"excerpt":{"rendered":"<p>B\u00fcro &amp; Co GesmbH\u00dcbungsfirma der BHAK SteyrHandelsunternehmenLeopold-Werndl-Stra\u00dfe 74400 Steyr Telefon: 07252\/52649-30E-Mail:&nbsp;buero_co1948@uebungsfirmen.at B\u00fcrozeiten:Dienstag: 09:30 &#8211; 12:20 FirmennameB\u00fcro &amp; Co GmbH Ort der GewerbeberechtigungLeopold-Werndl-Stra\u00dfe 74400 Steyr\u00d6sterreich UID-NummerATU6019480 RechtsformGmbH Firmenbuchnummer ACT: 1948 GerichtsstandACT-Gericht Wien<\/p>\n","protected":false},"author":2,"featured_media":0,"parent":0,"menu_order":1,"comment_status":"closed","ping_status":"closed","template":"","meta":{"footnotes":""},"class_list":["post-237","page","type-page","status-publish","hentry"],"_links":{"self":[{"href":"https:\/\/wordpress.hak-steyr.at\/bueroundco\/wp-json\/wp\/v2\/pages\/237","targetHints":{"allow":["GET"]}}],"collection":[{"href":"https:\/\/wordpress.hak-steyr.at\/bueroundco\/wp-json\/wp\/v2\/pages"}],"about":[{"href":"https:\/\/wordpress.hak-steyr.at\/bueroundco\/wp-json\/wp\/v2\/types\/page"}],"author":[{"embeddable":true,"href":"https:\/\/wordpress.hak-steyr.at\/bueroundco\/wp-json\/wp\/v2\/users\/2"}],"replies":[{"embeddable":true,"href":"https:\/\/wordpress.hak-steyr.at\/bueroundco\/wp-json\/wp\/v2\/comments?post=237"}],"version-history":[{"count":11,"href":"https:\/\/wordpress.hak-steyr.at\/bueroundco\/wp-json\/wp\/v2\/pages\/237\/revisions"}],"predecessor-version":[{"id":542,"href":"https:\/\/wordpress.hak-steyr.at\/bueroundco\/wp-json\/wp\/v2\/pages\/237\/revisions\/542"}],"wp:attachment":[{"href":"https:\/\/wordpress.hak-steyr.at\/bueroundco\/wp-json\/wp\/v2\/media?parent=237"}],"curies":[{"name":"wp","href":"https:\/\/api.w.org\/{rel}","templated":true}]}}