{"id":50,"date":"2022-10-15T10:35:49","date_gmt":"2022-10-15T08:35:49","guid":{"rendered":"https:\/\/wordpress.hak-steyr.at\/bueroundco\/?page_id=50"},"modified":"2023-03-15T10:15:35","modified_gmt":"2023-03-15T09:15:35","slug":"nachhaltigkeit","status":"publish","type":"page","link":"https:\/\/wordpress.hak-steyr.at\/bueroundco\/business-profile\/nachhaltigkeit\/","title":{"rendered":"Nachhaltigkeit"},"content":{"rendered":"\n<p>Was bedeutet f\u00fcr uns Nachhaltigkeit? Nachhaltigkeit lag uns von Anfang an am Herzen. Als B\u00fcro &amp; Co. GmbH stehen wir mit unserem Namen seit unserer Gr\u00fcndung 2007 f\u00fcr h\u00f6chste Qualit\u00e4t und Leidenschaft f\u00fcr das Produkt. Mit unseren in \u00d6sterreich hergestellten Produkten m\u00f6chten wir den Weg f\u00fcr nachhaltigere zuhause und Unternehmen ebnen.&nbsp;<\/p>\n\n\n\n<p>Schon fr\u00fch war uns Nachhaltigkeit auch in der Produktion ein Anliegen. Mit unseren Partnerfirmen arbeiten wir weiter daran ausschlie\u00dflich erneuerbare und recycelte Materialien zu nutzen. Gleichzeitig wollen wir unseren Kunden Qualit\u00e4tsprodukte mit einer m\u00f6glichst langen Lebensdauer anbieten.&nbsp;<\/p>\n\n\n\n<p>Auch in Zukunft werden wir nicht locker lassen, unseren Lebensraum zu einem besseren und nachhaltigeren Ort zu verhelfen. Deswegen ist auch eine Zielsetzung f\u00fcr unser Unternehmen von \u00e4u\u00dferster Bedeutung.&nbsp;&nbsp;<\/p>\n\n\n\n<p>Wir wollen nicht nur in der Produktion und Herstellung unserer Qualit\u00e4tsm\u00f6bel f\u00fcr Nachhaltigkeit sorgen, sondern auch auf dem Weg zu unseren Kunden. So wollen wir bis 2025 unseren Transport emmissionsfrei gestalten. Schon heute arbeiten wir in unserem kompletten Betrieb vollkommen papierlos und schaffen es so unseren Abfall zu minimieren. &nbsp;<\/p>\n\n\n\n<p>Auch innerhalb des Unternehmens steht das Thema Nachhaltigkeit an vorderster Stelle, so f\u00fchren wir immer wieder Gespr\u00e4che mit unseren Teams und Mitarbeitern um uns st\u00e4tig zu verbessern.\u00a0<\/p>\n\n\n\n<div style=\"height:100px\" aria-hidden=\"true\" class=\"wp-block-spacer\"><\/div>\n","protected":false},"excerpt":{"rendered":"<p>Was bedeutet f\u00fcr uns Nachhaltigkeit? Nachhaltigkeit lag uns von Anfang an am Herzen. Als B\u00fcro &amp; Co. GmbH stehen wir mit unserem Namen seit unserer Gr\u00fcndung 2007 f\u00fcr h\u00f6chste Qualit\u00e4t und Leidenschaft f\u00fcr das Produkt. Mit unseren in \u00d6sterreich hergestellten Produkten m\u00f6chten wir den Weg f\u00fcr nachhaltigere zuhause und Unternehmen ebnen.&nbsp; Schon fr\u00fch war uns [&hellip;]<\/p>\n","protected":false},"author":2,"featured_media":0,"parent":27,"menu_order":1,"comment_status":"closed","ping_status":"closed","template":"","meta":{"footnotes":""},"class_list":["post-50","page","type-page","status-publish","hentry"],"_links":{"self":[{"href":"https:\/\/wordpress.hak-steyr.at\/bueroundco\/wp-json\/wp\/v2\/pages\/50","targetHints":{"allow":["GET"]}}],"collection":[{"href":"https:\/\/wordpress.hak-steyr.at\/bueroundco\/wp-json\/wp\/v2\/pages"}],"about":[{"href":"https:\/\/wordpress.hak-steyr.at\/bueroundco\/wp-json\/wp\/v2\/types\/page"}],"author":[{"embeddable":true,"href":"https:\/\/wordpress.hak-steyr.at\/bueroundco\/wp-json\/wp\/v2\/users\/2"}],"replies":[{"embeddable":true,"href":"https:\/\/wordpress.hak-steyr.at\/bueroundco\/wp-json\/wp\/v2\/comments?post=50"}],"version-history":[{"count":3,"href":"https:\/\/wordpress.hak-steyr.at\/bueroundco\/wp-json\/wp\/v2\/pages\/50\/revisions"}],"predecessor-version":[{"id":346,"href":"https:\/\/wordpress.hak-steyr.at\/bueroundco\/wp-json\/wp\/v2\/pages\/50\/revisions\/346"}],"up":[{"embeddable":true,"href":"https:\/\/wordpress.hak-steyr.at\/bueroundco\/wp-json\/wp\/v2\/pages\/27"}],"wp:attachment":[{"href":"https:\/\/wordpress.hak-steyr.at\/bueroundco\/wp-json\/wp\/v2\/media?parent=50"}],"curies":[{"name":"wp","href":"https:\/\/api.w.org\/{rel}","templated":true}]}}