{"id":52,"date":"2022-10-15T10:36:35","date_gmt":"2022-10-15T08:36:35","guid":{"rendered":"https:\/\/wordpress.hak-steyr.at\/bueroundco\/?page_id=52"},"modified":"2023-03-15T09:09:41","modified_gmt":"2023-03-15T08:09:41","slug":"digitalisierung","status":"publish","type":"page","link":"https:\/\/wordpress.hak-steyr.at\/bueroundco\/business-profile\/digitalisierung\/","title":{"rendered":"Digitalisierung"},"content":{"rendered":"\n<p>F\u00fcr uns ist die Digitalisierung am Arbeitsplatz von gro\u00dfer Bedeutung, weshalb sie innerhalb unseres Teams immer weiter ausgebaut wird. Seit einiger Zeit k\u00f6nnen wir uns eine \u201cpapierlose\u201d \u00dcFA nennen, auf was wir sehr stolz sind.&nbsp;<\/p>\n\n\n\n<p>Unsere s\u00e4mtliche Kommunikation untereinander, aber auch mit anderen \u00dcFAs erfolgt digital \u00fcber E-Mails oder anderen Messenger Programmen, was den Schriftverkehr \u00fcbersichtlicher und effizienter gestaltet.&nbsp;<\/p>\n\n\n\n<p>Jedoch endet die Innovation im Bereich Digitalisierung hier noch nicht. Auch unsere interne Ablage erfolgt zur G\u00e4nze \u00fcber OneDrive, was einen gro\u00dfen Teil dazu beitr\u00e4gt unsere Abl\u00e4ufe zu optimieren.&nbsp;<\/p>\n\n\n\n<p>Auch bei unserem Onlineshop versuchen wir immer am neusten Stand der Technik zu sein und die Website zeitgem\u00e4\u00df upzudaten. Um den Kunden das Einkaufserlebnis so komfortabel wie m\u00f6glich zu machen, arbeiten wir mit Verlinkungen und bieten eine gut \u00fcbersichtliche Benutzeroberfl\u00e4che.&nbsp;<\/p>\n\n\n\n<p>Da wir mit der Zeit gehen wollen, findet man uns auch auf Social-Media Plattformen wie Instagram, wo wir unser Unternehmen vor allem gegen\u00fcber J\u00fcngeren Publikum n\u00e4herbringen wollen. In Zukunft wollen wir uns auch auf anderen Plattformen pr\u00e4sentieren und so neue Zielgruppen erschlie\u00dfen.\u00a0<\/p>\n\n\n\n<div style=\"height:100px\" aria-hidden=\"true\" class=\"wp-block-spacer\"><\/div>\n","protected":false},"excerpt":{"rendered":"<p>F\u00fcr uns ist die Digitalisierung am Arbeitsplatz von gro\u00dfer Bedeutung, weshalb sie innerhalb unseres Teams immer weiter ausgebaut wird. Seit einiger Zeit k\u00f6nnen wir uns eine \u201cpapierlose\u201d \u00dcFA nennen, auf was wir sehr stolz sind.&nbsp; Unsere s\u00e4mtliche Kommunikation untereinander, aber auch mit anderen \u00dcFAs erfolgt digital \u00fcber E-Mails oder anderen Messenger Programmen, was den Schriftverkehr [&hellip;]<\/p>\n","protected":false},"author":2,"featured_media":0,"parent":27,"menu_order":2,"comment_status":"closed","ping_status":"closed","template":"","meta":{"footnotes":""},"class_list":["post-52","page","type-page","status-publish","hentry"],"_links":{"self":[{"href":"https:\/\/wordpress.hak-steyr.at\/bueroundco\/wp-json\/wp\/v2\/pages\/52","targetHints":{"allow":["GET"]}}],"collection":[{"href":"https:\/\/wordpress.hak-steyr.at\/bueroundco\/wp-json\/wp\/v2\/pages"}],"about":[{"href":"https:\/\/wordpress.hak-steyr.at\/bueroundco\/wp-json\/wp\/v2\/types\/page"}],"author":[{"embeddable":true,"href":"https:\/\/wordpress.hak-steyr.at\/bueroundco\/wp-json\/wp\/v2\/users\/2"}],"replies":[{"embeddable":true,"href":"https:\/\/wordpress.hak-steyr.at\/bueroundco\/wp-json\/wp\/v2\/comments?post=52"}],"version-history":[{"count":2,"href":"https:\/\/wordpress.hak-steyr.at\/bueroundco\/wp-json\/wp\/v2\/pages\/52\/revisions"}],"predecessor-version":[{"id":312,"href":"https:\/\/wordpress.hak-steyr.at\/bueroundco\/wp-json\/wp\/v2\/pages\/52\/revisions\/312"}],"up":[{"embeddable":true,"href":"https:\/\/wordpress.hak-steyr.at\/bueroundco\/wp-json\/wp\/v2\/pages\/27"}],"wp:attachment":[{"href":"https:\/\/wordpress.hak-steyr.at\/bueroundco\/wp-json\/wp\/v2\/media?parent=52"}],"curies":[{"name":"wp","href":"https:\/\/api.w.org\/{rel}","templated":true}]}}