{"id":60,"date":"2022-10-15T10:44:02","date_gmt":"2022-10-15T08:44:02","guid":{"rendered":"https:\/\/wordpress.hak-steyr.at\/bueroundco\/?page_id=60"},"modified":"2026-01-13T11:32:53","modified_gmt":"2026-01-13T10:32:53","slug":"allgemeine-geschaeftsbedingungen","status":"publish","type":"page","link":"https:\/\/wordpress.hak-steyr.at\/bueroundco\/unser-angebot\/allgemeine-geschaeftsbedingungen\/","title":{"rendered":"Allgemeine Gesch\u00e4ftsbedingungen"},"content":{"rendered":"\n<div style=\"height:28px\" aria-hidden=\"true\" class=\"wp-block-spacer\"><\/div>\n\n\n\n<p><strong>Allgemeine Gesch\u00e4ftsbedingungen 2026<br><\/strong>Diese Vereinbarungen gelten bei allen Gesch\u00e4ften der \u00dcbungsfirma B\u00fcro &amp; Co GesmbH mit ihren Kunden. Abweichende oder dar\u00fcber hinausgehende Vereinbarungen sind nur dann verbindlich, wenn sie vom Auftragnehmer schriftlich best\u00e4tigt werden.\u00a0<\/p>\n\n\n\n<div style=\"height:28px\" aria-hidden=\"true\" class=\"wp-block-spacer\"><\/div>\n\n\n\n<p><strong>Angebot und Auftragsannahme<\/strong>&nbsp;<br>Alle Angebote sind freibleibend. B\u00fcro &amp; Co beh\u00e4lt sich das Recht vor, Bestellungen ohne Angabe von Gr\u00fcnden abzulehnen. Sollte es B\u00fcro &amp; Co nicht m\u00f6glich sein, einen Kundenauftrag anzunehmen, wird der Auftraggeber innerhalb von zwei Wochen nach Eingang der Bestellung dar\u00fcber informiert.&nbsp;<\/p>\n\n\n\n<div style=\"height:28px\" aria-hidden=\"true\" class=\"wp-block-spacer\"><\/div>\n\n\n\n<p><strong>Preise und Zahlungsbedingungen<\/strong>&nbsp;<br>Die genannten Preise sind exklusive Umsatzsteuer. Die vom Auftragnehmer gelegten Rechnungen sind sp\u00e4testens 30 Tage ab Fakturendatum netto ohne jeden Abzug zahlbar. Bei Zahlungsverzug werden ab dem F\u00e4lligkeitsdatum Verzugszinsen in der H\u00f6he von 1 % pro Monat verrechnet.&nbsp;&nbsp;<\/p>\n\n\n\n<div style=\"height:28px\" aria-hidden=\"true\" class=\"wp-block-spacer\"><\/div>\n\n\n\n<p><strong>Lieferung und Versand<\/strong>&nbsp;<br>\u202fGrunds\u00e4tzlich wird die Lieferung mit dem eigenen LKW beziehungsweise durch das ACT-Transportservice frei Haus durchgef\u00fchrt. Die Preise verstehen sich inklusive handels\u00fcblicher Transportverpackung. Falls der Kunde eine andere Versandart w\u00fcnscht, muss diese sp\u00e4testens bei der Auftragsunterzeichnung dem Auftragnehmer bekannt gegeben werden. Daraus entstehende Mehrkosten werden direkt dem Kunden weiterverrechnet. Der Kunde ist zur Annahme der Ware verpflichtet.&nbsp;<\/p>\n\n\n\n<div style=\"height:28px\" aria-hidden=\"true\" class=\"wp-block-spacer\"><\/div>\n\n\n\n<p><strong>M\u00e4ngelr\u00fcgen<\/strong><br>Der Auftragnehmer garantiert f\u00fcr die einwandfreie Qualit\u00e4t seiner Produkte. Grunds\u00e4tzlich gelten die gesetzlichen Gew\u00e4hrleistungsbestimmungen. Beanstandungen k\u00f6nnen nur ber\u00fccksichtigt werden, wenn sie innerhalb von acht Tagen nach dem Empfang der Ware dem Auftragnehmer schriftlich bekannt gegeben werden. Im Falle rechtzeitiger und berechtigter M\u00e4ngelr\u00fcge leistet der Auftragnehmer nach seiner Wahl kostenlose Verbesserung oder kostenlosen Austausch der Lieferung.&nbsp;<\/p>\n\n\n\n<div style=\"height:28px\" aria-hidden=\"true\" class=\"wp-block-spacer\"><\/div>\n\n\n\n<p><strong>Eigentumsvorbehalt<\/strong><br>Bis zur vollst\u00e4ndigen Bezahlung bleibt die Ware im Eigentum des Auftragnehmers.&nbsp;<\/p>\n\n\n\n<div style=\"height:28px\" aria-hidden=\"true\" class=\"wp-block-spacer\"><\/div>\n\n\n\n<p><strong>Erf\u00fcllungsort und Gerichtsstand<\/strong>&nbsp;<br>Als Erf\u00fcllungsort gilt der Unternehmenssitz des Auftraggebers. Der Gerichtsstand ist 4400 Steyr, es gilt \u00f6sterreichisches Recht.&nbsp;<\/p>\n\n\n\n<div style=\"height:62px\" aria-hidden=\"true\" class=\"wp-block-spacer\"><\/div>\n","protected":false},"excerpt":{"rendered":"<p>Allgemeine Gesch\u00e4ftsbedingungen 2026Diese Vereinbarungen gelten bei allen Gesch\u00e4ften der \u00dcbungsfirma B\u00fcro &amp; Co GesmbH mit ihren Kunden. Abweichende oder dar\u00fcber hinausgehende Vereinbarungen sind nur dann verbindlich, wenn sie vom Auftragnehmer schriftlich best\u00e4tigt werden.\u00a0 Angebot und Auftragsannahme&nbsp;Alle Angebote sind freibleibend. B\u00fcro &amp; Co beh\u00e4lt sich das Recht vor, Bestellungen ohne Angabe von Gr\u00fcnden abzulehnen. Sollte es [&hellip;]<\/p>\n","protected":false},"author":2,"featured_media":0,"parent":12,"menu_order":3,"comment_status":"closed","ping_status":"closed","template":"","meta":{"footnotes":""},"class_list":["post-60","page","type-page","status-publish","hentry"],"_links":{"self":[{"href":"https:\/\/wordpress.hak-steyr.at\/bueroundco\/wp-json\/wp\/v2\/pages\/60","targetHints":{"allow":["GET"]}}],"collection":[{"href":"https:\/\/wordpress.hak-steyr.at\/bueroundco\/wp-json\/wp\/v2\/pages"}],"about":[{"href":"https:\/\/wordpress.hak-steyr.at\/bueroundco\/wp-json\/wp\/v2\/types\/page"}],"author":[{"embeddable":true,"href":"https:\/\/wordpress.hak-steyr.at\/bueroundco\/wp-json\/wp\/v2\/users\/2"}],"replies":[{"embeddable":true,"href":"https:\/\/wordpress.hak-steyr.at\/bueroundco\/wp-json\/wp\/v2\/comments?post=60"}],"version-history":[{"count":9,"href":"https:\/\/wordpress.hak-steyr.at\/bueroundco\/wp-json\/wp\/v2\/pages\/60\/revisions"}],"predecessor-version":[{"id":533,"href":"https:\/\/wordpress.hak-steyr.at\/bueroundco\/wp-json\/wp\/v2\/pages\/60\/revisions\/533"}],"up":[{"embeddable":true,"href":"https:\/\/wordpress.hak-steyr.at\/bueroundco\/wp-json\/wp\/v2\/pages\/12"}],"wp:attachment":[{"href":"https:\/\/wordpress.hak-steyr.at\/bueroundco\/wp-json\/wp\/v2\/media?parent=60"}],"curies":[{"name":"wp","href":"https:\/\/api.w.org\/{rel}","templated":true}]}}