{"id":21,"date":"2025-09-24T09:04:48","date_gmt":"2025-09-24T07:04:48","guid":{"rendered":"https:\/\/wordpress.hak-steyr.at\/eduwolves\/?page_id=21"},"modified":"2025-10-22T10:05:48","modified_gmt":"2025-10-22T08:05:48","slug":"impressum","status":"publish","type":"page","link":"https:\/\/wordpress.hak-steyr.at\/eduwolves\/impressum\/","title":{"rendered":"Impressum"},"content":{"rendered":"\n<p class=\"has-heading-color has-text-color has-link-color wp-elements-ad58f1e3ce2b673c968e9c960165e01d\">EDUWOLVES E.U.<\/p>\n\n\n\n<p class=\"has-heading-color has-text-color has-link-color wp-elements-aba5fd1a0f2435dbc0872ffea14b82dc\">Wir sind eine \u00dcbungsfirma der Bundeshandelsakademie Steyr. Das bedeutet, dass wir unsere Gesch\u00e4fte nur mit anderen \u00dcbungsfirmen abwickeln, um so die typischen kaufm\u00e4nnischen Aufgaben zu \u00fcben, die in der beruflichen Praxis im B\u00fcro verlangt werden.<\/p>\n\n\n\n<blockquote class=\"wp-block-quote is-layout-flow wp-block-quote-is-layout-flow\">\n<p class=\"has-black-color has-text-color has-link-color wp-elements-d3ef1ad4e5ab673c30ba8c5b8f2fe623\"><strong>Weder GELD noch WAREN wechseln den Besitzer!<\/strong><\/p>\n<\/blockquote>\n\n\n\n<p class=\"has-heading-color has-text-color has-link-color wp-elements-3dd436a7edcb97049005e07c69705058\">Eduwolves e. U.<\/p>\n\n\n\n<p class=\"has-heading-color has-text-color has-link-color wp-elements-6fcda7f26ff0a116186505b3ffb89120\">\u00dcbungsfirma der HAK Steyr<br>Leopold-Werndl-Stra\u00dfe 7<br>4400 Steyr<\/p>\n\n\n\n<p class=\"has-heading-color has-text-color has-link-color wp-elements-9ee4bc8ec0853a783b04d1c33ba925b2\">Tel: +43 7252 52 649 \u2013 33<br>Fax: +43 7252 52 649 \u2013 17<\/p>\n\n\n\n<p class=\"has-heading-color has-text-color has-link-color wp-elements-5711205a7867e6ead21d5c9a6390321e\">E-Mail:\u00a0<a href=\"mailto:eduwolves2564@uebungsfirmen.at\">eduwolves2564@uebungsfirmen.at<\/a><\/p>\n\n\n\n<p class=\"has-heading-color has-text-color has-link-color wp-elements-542e4dac60c9a387c7469761808b834b\">Firmenbuchnummer: 2564<\/p>\n\n\n\n<p class=\"has-heading-color has-text-color has-link-color wp-elements-0f006977af56331b0fe2c31e54d0660b\">UID-Nr.: ATU30267966<\/p>\n\n\n\n<p class=\"has-heading-color has-text-color has-link-color wp-elements-7b2794c7b0a7b5ed5d94b8fad552c87a\"><strong>Bankverbindung:<\/strong><br>ACT Bank:<br>BIC: ACTBATW0&nbsp; (0 = Null)<br>IBAN: AT78 9900 0001 7003 2054<\/p>\n\n\n\n<p class=\"has-heading-color has-text-color has-link-color wp-elements-e7cc23371e9dfd04168adf2dd9e78614\">\u00dcFA-Leiter: Prof. Karl Piaty<br>Schulkennzahl: 402428<br>Schulwebsite:&nbsp;<a href=\"http:\/\/www.hak-steyr.at\/\">www.hak-steyr.at<\/a><\/p>\n","protected":false},"excerpt":{"rendered":"<p>EDUWOLVES E.U. Wir sind eine \u00dcbungsfirma der Bundeshandelsakademie Steyr. Das bedeutet, dass wir unsere Gesch\u00e4fte nur mit anderen \u00dcbungsfirmen abwickeln, um so die typischen kaufm\u00e4nnischen Aufgaben zu \u00fcben, [&hellip;]<\/p>\n","protected":false},"author":2,"featured_media":0,"parent":0,"menu_order":0,"comment_status":"closed","ping_status":"closed","template":"","meta":{"footnotes":""},"class_list":["post-21","page","type-page","status-publish","hentry"],"_links":{"self":[{"href":"https:\/\/wordpress.hak-steyr.at\/eduwolves\/wp-json\/wp\/v2\/pages\/21","targetHints":{"allow":["GET"]}}],"collection":[{"href":"https:\/\/wordpress.hak-steyr.at\/eduwolves\/wp-json\/wp\/v2\/pages"}],"about":[{"href":"https:\/\/wordpress.hak-steyr.at\/eduwolves\/wp-json\/wp\/v2\/types\/page"}],"author":[{"embeddable":true,"href":"https:\/\/wordpress.hak-steyr.at\/eduwolves\/wp-json\/wp\/v2\/users\/2"}],"replies":[{"embeddable":true,"href":"https:\/\/wordpress.hak-steyr.at\/eduwolves\/wp-json\/wp\/v2\/comments?post=21"}],"version-history":[{"count":3,"href":"https:\/\/wordpress.hak-steyr.at\/eduwolves\/wp-json\/wp\/v2\/pages\/21\/revisions"}],"predecessor-version":[{"id":157,"href":"https:\/\/wordpress.hak-steyr.at\/eduwolves\/wp-json\/wp\/v2\/pages\/21\/revisions\/157"}],"wp:attachment":[{"href":"https:\/\/wordpress.hak-steyr.at\/eduwolves\/wp-json\/wp\/v2\/media?parent=21"}],"curies":[{"name":"wp","href":"https:\/\/api.w.org\/{rel}","templated":true}]}}