{"id":23,"date":"2025-09-24T09:05:43","date_gmt":"2025-09-24T07:05:43","guid":{"rendered":"https:\/\/wordpress.hak-steyr.at\/eduwolves\/?page_id=23"},"modified":"2025-10-22T10:02:50","modified_gmt":"2025-10-22T08:02:50","slug":"agb","status":"publish","type":"page","link":"https:\/\/wordpress.hak-steyr.at\/eduwolves\/agb\/","title":{"rendered":"AGBs"},"content":{"rendered":"\n<h3 class=\"wp-block-heading\">1. Allgemeines<\/h3>\n\n\n\n<p class=\"has-heading-color has-text-color has-link-color wp-elements-64da8e579ad077ae30b4ed9a0cab58ab\"><strong>Die Eduwolves e.U. ist eine \u00dcbungsfirma der Handelsschule Steyr. Weder reale Waren noch echtes Geld wechseln den Besitzer. Die \u00dcbungsfirma ist ein Lernort und kein reales Unternehmen.<\/strong><\/p>\n\n\n\n<p class=\"has-heading-color has-text-color has-link-color wp-elements-c84946787032a443f27382cd13a7c65b\">Nachstehende Allgemeine Gesch\u00e4ftsbedingungen gelten f\u00fcr alle Vertr\u00e4ge, Lieferungen und sonstige Leistungen. Abweichenden Vorschriften des Vertragspartners widersprechen wir hiermit ausdr\u00fccklich. Alle Nebenabreden bed\u00fcrfen der schriftlichen Best\u00e4tigung unsererseits. Die Eduwolves e.U. ist jederzeit berechtigt, diese Allgemeinen Gesch\u00e4ftsbedingungen einschlie\u00dflich aller eventuellen Anlagen mit einer angemessenen K\u00fcndigungsfrist zu \u00e4ndern oder zu erg\u00e4nzen. Vorher eingehende Auftr\u00e4ge werden nach den dann noch g\u00fcltigen alten Allgemeinen Gesch\u00e4ftsbedingungen bearbeitet.<\/p>\n\n\n\n<h3 class=\"wp-block-heading\">2. Angebot<\/h3>\n\n\n\n<p class=\"has-heading-color has-text-color has-link-color wp-elements-da2e8f25f11357962941b826e61cfd0a\">Unsere Angebote sind unverbindlich. Kleine Abweichungen und etwaige \u00c4nderungen gegen\u00fcber unseren Abbildungen oder Beschreibungen sind m\u00f6glich. Die G\u00fcltigkeit f\u00fcr Angebotsflyer, Sonderangebote, Teesortiment, Kaffeesortiment, Gew\u00fcrzsortiment, Schokoladensortiment etc. ist entsprechend angegeben. Es gelten jeweils die in unseren Verkaufsunterlagen ausgedruckten Konditionen und die im Webshop angegebenen Infos.<\/p>\n\n\n\n<p class=\"has-heading-color has-text-color has-link-color wp-elements-9efbc8427b09556f2e57921ba705675d\">2.1 Sollte die Eduwolves e.U. nachtr\u00e4glich erkennen, dass sich ein Fehler z. B. bei den Angaben zu einem Produkt, zu einem Preis oder zur Lieferf\u00e4higkeit eingeschlichen hat, wird die Eduwolves e.U. den Kunden hiervon umgehend informieren. Dieser kann den Auftrag unter den abge\u00e4nderten Konditionen nochmals best\u00e4tigen. Andernfalls ist die Eduwolves e.U. zum R\u00fccktritt vom Vertrag berechtigt.<\/p>\n\n\n\n<h3 class=\"wp-block-heading\">3. Lieferung und Zahlung<\/h3>\n\n\n\n<p class=\"has-heading-color has-text-color has-link-color wp-elements-fb195d10591b35d79b3066e7bfab68f6\">Die Lieferungs- und Zahlungsbedingungen des Eduwolves e.U. sind im Rechnungsformular n\u00e4her ausgewiesen. Es gibt keine Mindestbestellmenge. Alle unsere Preise enthalten die gesetzliche Mehrwertsteuer in H\u00f6he von derzeit 20 %. Da es sich bei den von uns vertriebenen Produkten um digitale Dienste handelt, ist keine Lieferklausel definiert. Der Vertrieb wird vollst\u00e4ndig digital abgewickelt.<\/p>\n\n\n\n<h3 class=\"wp-block-heading\">4. Lieferzeiten<\/h3>\n\n\n\n<p class=\"has-heading-color has-text-color has-link-color wp-elements-4f9bff104358ede1d6b2e0fa4bdd8336\">Alle Produkte werden Digital vertrieben, aufgrund von Bearbeitungszeiten kann die Lieferzeit bis zu 14 Tage betragen.&nbsp;Falls die Nichteinhaltung einer Liefer- oder Leistungsfrist auf h\u00f6here Gewalt, Arbeitskampf, unvorhersehbare Hindernisse oder sonstige von uns nicht zu vertretende Umst\u00e4nde zur\u00fcckzuf\u00fchren ist, wird die Frist angemessen verl\u00e4ngert. Bei Nichteinhaltung der Lieferfrist aus anderen als den o. g. Gr\u00fcnden ist der K\u00e4ufer berechtigt, schriftlich eine angemessene Nachfrist mit Ablehnungsandrohung zu setzen und nach deren erfolglosem Ablauf hinsichtlich der im Vertrag befindlichen Lieferung oder Leistung vom Vertrag zur\u00fcckzutreten.<\/p>\n\n\n\n<p class=\"has-heading-color has-text-color has-link-color wp-elements-9835d1e94b98fda26eb317468c652a8e\">Schadensersatzanspr\u00fcche wegen Verzug oder Unm\u00f6glichkeit bzw. Nichterf\u00fcllung, auch solche, die bis zu R\u00fccktritt vom Vertrag entstanden sind, sind ausgeschlossen. Es sei denn, dass ein gesetzlicher Vertreter der Eduwolves e.U. vors\u00e4tzlich oder grob fahrl\u00e4ssig gehandelt hat.<\/p>\n\n\n\n<h3 class=\"wp-block-heading\">5. Belehrung \u00fcber das Umtausch- und R\u00fcckgaberecht<\/h3>\n\n\n\n<p class=\"has-heading-color has-text-color has-link-color wp-elements-e8e5f5a4fc6aff602b95a3a49ea023a7\">Wir garantieren f\u00fcr nicht benutzte Produkte ein R\u00fcckgaberecht innerhalb von 14 Tagen. Die R\u00fcckgabefrist wird gewahrt durch das fristgerechte \u00fcbermitteln der Ware (Rechnungsdatum). <\/p>\n\n\n\n<p class=\"has-heading-color has-text-color has-link-color wp-elements-87524d4dfd8fe762259f755f13b6c2e6\">5.1 Nach dem Fernabsatzgesetz haben Sie nach Erhalt der Ware zwei Wochen lang die M\u00f6glichkeit, die bestellten Artikel zur\u00fcckzugeben.&nbsp; Das R\u00fcckgaberecht wird durch die fristgerechte Bekanntgabe ausge\u00fcbt. Der Kaufvertrag wird damit aufgel\u00f6st und wir erstatten Ihnen unverz\u00fcglich den Kaufpreis zur\u00fcck, sofern dieser bereits gezahlt wurde. Zur Wahrung der R\u00fccksendefrist gen\u00fcgt die rechtzeitige Bekanntgabe der Absicht.<\/p>\n\n\n\n<p class=\"has-heading-color has-text-color has-link-color wp-elements-194e0d576527de5aaf69652dd8fd1cbe\">5.2 M\u00e4ngel (insbesondere Falschlieferungen oder Mengenabweichungen), m\u00fcssen der Eduwolves e.U. unverz\u00fcglich, sp\u00e4testens jedoch innerhalb einer Frist von 14 Kalendertagen nach Erhalt der Ware schriftlich mitgeteilt werden. Die Mitteilung per E-Mail an eduwolves2564@uebungsfirmen.at ist ausreichend.<\/p>\n\n\n\n<p class=\"has-heading-color has-text-color has-link-color wp-elements-d4fae0b495f7e7811800bee8e73a7ce5\">5.3 Das R\u00fcckgaberecht ist nicht g\u00fcltig f\u00fcr preisreduzierte Ware und anl\u00e4sslich von Sonderverkaufsaktionen.<\/p>\n\n\n\n<p class=\"has-heading-color has-text-color has-link-color wp-elements-cc346fe03f05fd8e7e46a142890efc06\">5.4 Die Abtretung von Gew\u00e4hrleistungsanspr\u00fcchen an Dritte ist ausgeschlossen.<\/p>\n\n\n\n<p class=\"has-heading-color has-text-color has-link-color wp-elements-289ebfc4a6b41a12fe3cd1fce1918cb2\">5.5 Verkauft der K\u00e4ufer die von uns gelieferten Gegenst\u00e4nde an Dritte, ist ihm untersagt, wegen der damit verbundenen gesetzlichen und \/ oder vertraglichen Gew\u00e4hrleistungsanspr\u00fcche auf uns zu verweisen.<\/p>\n\n\n\n<h3 class=\"wp-block-heading\">6. Gew\u00e4hrleistung<\/h3>\n\n\n\n<p class=\"has-heading-color has-text-color has-link-color wp-elements-1630ffd86307377c4d0e484bf49b860e\">Die Eduwolves e.U. gew\u00e4hrleistet, dass die verkaufte Ware zum Zeitpunkt des Verkaufs frei von M\u00e4ngeln ist und die vertraglich zugesicherten Eigenschaften hat. Bei Eintreffen hat der Kunde die Ware unverz\u00fcglich auf M\u00e4ngel zu untersuchen. Im Falle offener M\u00e4ngel m\u00fcssen diese innerhalb von 14 Tagen nach Entdeckung schriftlich bei uns gemeldet werden, ebenso versteckte M\u00e4ngel. Anderenfalls entf\u00e4llt die Gew\u00e4hrleistung f\u00fcr diese M\u00e4ngel. Die Gew\u00e4hrleistung betr\u00e4gt 24 Monate ab Auslieferung. Die Gew\u00e4hrleistung erlischt, wenn der Kunde die gelieferte Ware ver\u00e4ndert.<\/p>\n\n\n\n<p class=\"has-heading-color has-text-color has-link-color wp-elements-97f5f2a0965ab240d3e3231676cb071d\">Die Eduwolves e.U. hat w\u00e4hrend der Gew\u00e4hrleistungspflicht das Recht auf kostenlose Nachbesserung. Ein teilweiser oder vollst\u00e4ndiger Austausch des Artikels ist zul\u00e4ssig.<\/p>\n\n\n\n<h3 class=\"wp-block-heading\">7. Haftung<\/h3>\n\n\n\n<p class=\"has-heading-color has-text-color has-link-color wp-elements-c449cd1a07934d16569fc6097ac7cae6\">Die Eduwolves e.U. \u00fcbernimmt keine Haftung f\u00fcr gelieferte Ware, die nach dem Erhalt durch den K\u00e4ufer oder Dritte ver\u00e4ndert, umgepackt oder in sonstiger Weise manipuliert worden ist. F\u00fcr Sch\u00e4den jeglicher Art die durch eine vors\u00e4tzliche oder fahrl\u00e4ssig vom Kunden verschuldete Beeintr\u00e4chtigung der von uns gelieferten Produkte entstehen, \u00fcbernehmen wir keine Haftung.<\/p>\n\n\n\n<p class=\"has-heading-color has-text-color has-link-color wp-elements-c68c974bf6121bf4e9db7f4e66b49bc0\">8.1 Anspr\u00fcche des Kunden auf Schadensersatz, z.B. wegen Nichterf\u00fcllung, Verschulden bei Vertragsschluss, Verletzung vertraglicher Nebenverpflichtungen, Mangelfolgesch\u00e4den, Sch\u00e4den aus unerlaubter Handlung und sonstigen Rechtsgr\u00fcnden sind ausgeschlossen. Ausnehmend davon haftet die Eduwolves e.U. beim Fehlen einer zugesicherten Eigenschaft, bei Vorsatz oder grober Fahrl\u00e4ssigkeit. Anspr\u00fcche aus dem Produkthaftungsgesetz sind davon nicht betroffen.<\/p>\n\n\n\n<p class=\"has-heading-color has-text-color has-link-color wp-elements-2c1f8e3949b2d99f34ccd2ffb7e76c97\">8.2 Die Eduwolves \u00fcbernimmt keine Haftung weder f\u00fcr die st\u00e4ndige und ununterbrochene Verf\u00fcgbarkeit von <a href=\"https:\/\/wordpress.hak-steyr.at\/eduwolves\/\">https:\/\/wordpress.hak-steyr.at\/eduwolves\/<\/a> noch f\u00fcr technische oder elektronische Fehler des Online-Angebots.<\/p>\n\n\n\n<h3 class=\"wp-block-heading\">8. Eigentumsvorbehalt<\/h3>\n\n\n\n<p class=\"has-heading-color has-text-color has-link-color wp-elements-6899cb4d877d2d0a111dc5472336b3cf\">Bis zur vollst\u00e4ndigen Bezahlung bleibt die Ware Eigentum der Firma Eduwolves e.U., \u00dcbungsfirma der Handelsschule Steyr<\/p>\n\n\n\n<h3 class=\"wp-block-heading\">9. Datenspeicherung<\/h3>\n\n\n\n<p class=\"has-heading-color has-text-color has-link-color wp-elements-b6f76124549a8f3e322c32c8d1e4a863\">Die Bestimmungen des Datenschutzgesetzes werden von uns konsequent eingehalten. Pers\u00f6nliche Daten werden selbstverst\u00e4ndlich vertraulich behandelt.<\/p>\n\n\n\n<h3 class=\"wp-block-heading\">10. Gerichtsstand<\/h3>\n\n\n\n<p class=\"has-heading-color has-text-color has-link-color wp-elements-6a8b7b315a8c100ebaef6bc5cc04f042\">Erf\u00fcllungsort und Gerichtsstand f\u00fcr beide Teile ist der Sitz von Eduwolves e.U.\u00a0 Es gilt ausschlie\u00dflich das Recht der Republik \u00d6sterreich.<\/p>\n\n\n\n<p class=\"has-heading-color has-text-color has-link-color wp-elements-029c5768aebc609c99af37fca873cb79\">Eduwolves e.U.<br>ACT Firmenbuchnummer: 2564<br>Stand: Oktober 2025<\/p>\n","protected":false},"excerpt":{"rendered":"<p>1. Allgemeines Die Eduwolves e.U. ist eine \u00dcbungsfirma der Handelsschule Steyr. Weder reale Waren noch echtes Geld wechseln den Besitzer. Die \u00dcbungsfirma ist ein Lernort und kein reales [&hellip;]<\/p>\n","protected":false},"author":2,"featured_media":73,"parent":0,"menu_order":0,"comment_status":"closed","ping_status":"closed","template":"","meta":{"footnotes":""},"class_list":["post-23","page","type-page","status-publish","has-post-thumbnail","hentry"],"_links":{"self":[{"href":"https:\/\/wordpress.hak-steyr.at\/eduwolves\/wp-json\/wp\/v2\/pages\/23","targetHints":{"allow":["GET"]}}],"collection":[{"href":"https:\/\/wordpress.hak-steyr.at\/eduwolves\/wp-json\/wp\/v2\/pages"}],"about":[{"href":"https:\/\/wordpress.hak-steyr.at\/eduwolves\/wp-json\/wp\/v2\/types\/page"}],"author":[{"embeddable":true,"href":"https:\/\/wordpress.hak-steyr.at\/eduwolves\/wp-json\/wp\/v2\/users\/2"}],"replies":[{"embeddable":true,"href":"https:\/\/wordpress.hak-steyr.at\/eduwolves\/wp-json\/wp\/v2\/comments?post=23"}],"version-history":[{"count":11,"href":"https:\/\/wordpress.hak-steyr.at\/eduwolves\/wp-json\/wp\/v2\/pages\/23\/revisions"}],"predecessor-version":[{"id":151,"href":"https:\/\/wordpress.hak-steyr.at\/eduwolves\/wp-json\/wp\/v2\/pages\/23\/revisions\/151"}],"wp:featuredmedia":[{"embeddable":true,"href":"https:\/\/wordpress.hak-steyr.at\/eduwolves\/wp-json\/wp\/v2\/media\/73"}],"wp:attachment":[{"href":"https:\/\/wordpress.hak-steyr.at\/eduwolves\/wp-json\/wp\/v2\/media?parent=23"}],"curies":[{"name":"wp","href":"https:\/\/api.w.org\/{rel}","templated":true}]}}