{"id":2,"date":"2022-10-06T10:54:25","date_gmt":"2022-10-06T08:54:25","guid":{"rendered":"https:\/\/wordpress.hak-steyr.at\/fehritime\/?page_id=2"},"modified":"2025-09-29T16:22:14","modified_gmt":"2025-09-29T14:22:14","slug":"beispiel-seite","status":"publish","type":"page","link":"https:\/\/wordpress.hak-steyr.at\/fehritime\/","title":{"rendered":"Home"},"content":{"rendered":"\n<p><em>Herzlich Willkommen auf der Homepage von Fehri Time!<\/em><\/p>\n\n\n\n<p><\/p>\n\n\n\n<p><\/p>\n\n\n\n<h3 class=\"wp-block-heading\">\u00dcber uns<\/h3>\n\n\n\n<figure class=\"wp-block-image size-full\"><img loading=\"lazy\" decoding=\"async\" width=\"960\" height=\"540\" src=\"https:\/\/wordpress.hak-steyr.at\/fehritime\/wp-content\/uploads\/2023\/01\/Fehritime-Bubble-edited-1.jpg\" alt=\"\" class=\"wp-image-220\" srcset=\"https:\/\/wordpress.hak-steyr.at\/fehritime\/wp-content\/uploads\/2023\/01\/Fehritime-Bubble-edited-1.jpg 960w, https:\/\/wordpress.hak-steyr.at\/fehritime\/wp-content\/uploads\/2023\/01\/Fehritime-Bubble-edited-1-300x169.jpg 300w, https:\/\/wordpress.hak-steyr.at\/fehritime\/wp-content\/uploads\/2023\/01\/Fehritime-Bubble-edited-1-768x432.jpg 768w\" sizes=\"auto, (max-width: 960px) 100vw, 960px\" \/><\/figure>\n\n\n\n<p><\/p>\n\n\n\n<p><em>Seit 2021 sind wir sind ein Elektrofachhandelsgesch\u00e4ft der Zukunft! Wir bieten Ihnen bereits heute Produkte, die es in der Zukunft geben wird. <\/em><\/p>\n\n\n\n<p><em>Wir stehen f\u00fcr Modernit\u00e4t und Qualit\u00e4t. Mit Hochdruck arbeiten wir daran Ihnen eine Freude zu bereiten. Mit vollem Einsatz sorgen wir daf\u00fcr, dass Ihre Bestellungen rechtzeitig und vollst\u00e4ndig in Ihrer Firma ankommen. <\/em><\/p>\n\n\n\n<p><\/p>\n\n\n\n<p><\/p>\n\n\n\n<p><\/p>\n\n\n\n<div class=\"wp-block-columns is-layout-flex wp-container-core-columns-is-layout-9d6595d7 wp-block-columns-is-layout-flex\">\n<div class=\"wp-block-column is-layout-flow wp-block-column-is-layout-flow\">\n<div class=\"wp-block-columns is-layout-flex wp-container-core-columns-is-layout-9d6595d7 wp-block-columns-is-layout-flex\">\n<div class=\"wp-block-column is-layout-flow wp-block-column-is-layout-flow\" style=\"flex-basis:25%\"><\/div>\n\n\n\n<div class=\"wp-block-column is-layout-flow wp-block-column-is-layout-flow\" style=\"flex-basis:50%\"><\/div>\n\n\n\n<div class=\"wp-block-column is-layout-flow wp-block-column-is-layout-flow\" style=\"flex-basis:25%\"><\/div>\n<\/div>\n<\/div>\n<\/div>\n\n\n\n<div class=\"wp-block-columns has-small-font-size is-layout-flex wp-container-core-columns-is-layout-9d6595d7 wp-block-columns-is-layout-flex\">\n<div class=\"wp-block-column has-small-font-size is-layout-flow wp-block-column-is-layout-flow\" style=\"flex-basis:100%\"><\/div>\n<\/div>\n","protected":false},"excerpt":{"rendered":"<p>Herzlich Willkommen auf der Homepage von Fehri Time! \u00dcber uns Seit 2021 sind wir sind ein Elektrofachhandelsgesch\u00e4ft der Zukunft! Wir bieten Ihnen bereits heute Produkte, die es in der Zukunft &#8230;<\/p>\n","protected":false},"author":3,"featured_media":0,"parent":0,"menu_order":0,"comment_status":"closed","ping_status":"open","template":"","meta":{"footnotes":""},"class_list":["post-2","page","type-page","status-publish","hentry"],"_links":{"self":[{"href":"https:\/\/wordpress.hak-steyr.at\/fehritime\/wp-json\/wp\/v2\/pages\/2","targetHints":{"allow":["GET"]}}],"collection":[{"href":"https:\/\/wordpress.hak-steyr.at\/fehritime\/wp-json\/wp\/v2\/pages"}],"about":[{"href":"https:\/\/wordpress.hak-steyr.at\/fehritime\/wp-json\/wp\/v2\/types\/page"}],"author":[{"embeddable":true,"href":"https:\/\/wordpress.hak-steyr.at\/fehritime\/wp-json\/wp\/v2\/users\/3"}],"replies":[{"embeddable":true,"href":"https:\/\/wordpress.hak-steyr.at\/fehritime\/wp-json\/wp\/v2\/comments?post=2"}],"version-history":[{"count":46,"href":"https:\/\/wordpress.hak-steyr.at\/fehritime\/wp-json\/wp\/v2\/pages\/2\/revisions"}],"predecessor-version":[{"id":431,"href":"https:\/\/wordpress.hak-steyr.at\/fehritime\/wp-json\/wp\/v2\/pages\/2\/revisions\/431"}],"wp:attachment":[{"href":"https:\/\/wordpress.hak-steyr.at\/fehritime\/wp-json\/wp\/v2\/media?parent=2"}],"curies":[{"name":"wp","href":"https:\/\/api.w.org\/{rel}","templated":true}]}}