{"id":331,"date":"2024-11-13T13:04:23","date_gmt":"2024-11-13T12:04:23","guid":{"rendered":"https:\/\/wordpress.hak-steyr.at\/fehritime\/?page_id=331"},"modified":"2025-11-03T15:58:38","modified_gmt":"2025-11-03T14:58:38","slug":"geschichte","status":"publish","type":"page","link":"https:\/\/wordpress.hak-steyr.at\/fehritime\/geschichte\/","title":{"rendered":"Geschichte"},"content":{"rendered":"\n<p><em>Seit 2021 besteht unsere \u00dcbungsfirma und hat sich durch das Engagement und den Einsatz unserer fr\u00fcheren Mitglieder zu dem entwickelt, was sie heute ist. Hier m\u00f6chten wir mit Stolz diese ehemaligen Mitglieder pr\u00e4sentieren, die ma\u00dfgeblich dazu beigetragen haben, unseren Erfolg m\u00f6glich zu machen.<\/em><\/p>\n\n\n\n<p><mark style=\"background-color:rgba(0, 0, 0, 0)\" class=\"has-inline-color has-white-color\">a<\/mark><\/p>\n\n\n\n<p><strong>September 2025 &#8211; Juli 2026<\/strong><\/p>\n\n\n\n<figure class=\"wp-block-image size-large is-resized\"><img loading=\"lazy\" decoding=\"async\" width=\"1024\" height=\"768\" src=\"https:\/\/wordpress.hak-steyr.at\/fehritime\/wp-content\/uploads\/2025\/11\/Gruppenfoto-1-1024x768.jpg\" alt=\"\" class=\"wp-image-453\" style=\"width:813px;height:auto\" srcset=\"https:\/\/wordpress.hak-steyr.at\/fehritime\/wp-content\/uploads\/2025\/11\/Gruppenfoto-1-1024x768.jpg 1024w, https:\/\/wordpress.hak-steyr.at\/fehritime\/wp-content\/uploads\/2025\/11\/Gruppenfoto-1-300x225.jpg 300w, https:\/\/wordpress.hak-steyr.at\/fehritime\/wp-content\/uploads\/2025\/11\/Gruppenfoto-1-768x576.jpg 768w, https:\/\/wordpress.hak-steyr.at\/fehritime\/wp-content\/uploads\/2025\/11\/Gruppenfoto-1-1536x1152.jpg 1536w, https:\/\/wordpress.hak-steyr.at\/fehritime\/wp-content\/uploads\/2025\/11\/Gruppenfoto-1.jpg 1600w\" sizes=\"auto, (max-width: 1024px) 100vw, 1024px\" \/><\/figure>\n\n\n\n<p><mark style=\"background-color:rgba(0, 0, 0, 0)\" class=\"has-inline-color has-white-color\">a<\/mark><\/p>\n\n\n\n<p><strong>September 2024 &#8211; Juli 2025<\/strong><\/p>\n\n\n\n<figure class=\"wp-block-image size-full\"><img loading=\"lazy\" decoding=\"async\" width=\"1024\" height=\"615\" src=\"https:\/\/wordpress.hak-steyr.at\/fehritime\/wp-content\/uploads\/2025\/06\/image.png\" alt=\"\" class=\"wp-image-420\" srcset=\"https:\/\/wordpress.hak-steyr.at\/fehritime\/wp-content\/uploads\/2025\/06\/image.png 1024w, https:\/\/wordpress.hak-steyr.at\/fehritime\/wp-content\/uploads\/2025\/06\/image-300x180.png 300w, https:\/\/wordpress.hak-steyr.at\/fehritime\/wp-content\/uploads\/2025\/06\/image-768x461.png 768w\" sizes=\"auto, (max-width: 1024px) 100vw, 1024px\" \/><\/figure>\n\n\n\n<p><\/p>\n\n\n\n<p><strong>September 2023 &#8211; Juli 2024<\/strong><\/p>\n\n\n\n<figure class=\"wp-block-image size-large\"><img decoding=\"async\" src=\"https:\/\/wordpress.hak-steyr.at\/fehritime\/wp-content\/uploads\/2024\/11\/2021-1024x751.png\" alt=\"\" class=\"wp-image-332\"\/><\/figure>\n\n\n\n<p><\/p>\n\n\n\n<p><strong>September 2022 &#8211; Juli 2023<\/strong><\/p>\n\n\n\n<figure class=\"wp-block-image size-large\"><img loading=\"lazy\" decoding=\"async\" width=\"1024\" height=\"768\" src=\"https:\/\/wordpress.hak-steyr.at\/fehritime\/wp-content\/uploads\/2024\/11\/2023-1024x768.jpg\" alt=\"\" class=\"wp-image-333\" srcset=\"https:\/\/wordpress.hak-steyr.at\/fehritime\/wp-content\/uploads\/2024\/11\/2023-1024x768.jpg 1024w, https:\/\/wordpress.hak-steyr.at\/fehritime\/wp-content\/uploads\/2024\/11\/2023-300x225.jpg 300w, https:\/\/wordpress.hak-steyr.at\/fehritime\/wp-content\/uploads\/2024\/11\/2023-768x576.jpg 768w, https:\/\/wordpress.hak-steyr.at\/fehritime\/wp-content\/uploads\/2024\/11\/2023-1536x1152.jpg 1536w, https:\/\/wordpress.hak-steyr.at\/fehritime\/wp-content\/uploads\/2024\/11\/2023.jpg 1920w\" sizes=\"auto, (max-width: 1024px) 100vw, 1024px\" \/><\/figure>\n","protected":false},"excerpt":{"rendered":"<p>Seit 2021 besteht unsere \u00dcbungsfirma und hat sich durch das Engagement und den Einsatz unserer fr\u00fcheren Mitglieder zu dem entwickelt, was sie heute ist. Hier m\u00f6chten wir mit Stolz diese &#8230;<\/p>\n","protected":false},"author":3,"featured_media":0,"parent":0,"menu_order":0,"comment_status":"closed","ping_status":"closed","template":"","meta":{"footnotes":""},"class_list":["post-331","page","type-page","status-publish","hentry"],"_links":{"self":[{"href":"https:\/\/wordpress.hak-steyr.at\/fehritime\/wp-json\/wp\/v2\/pages\/331","targetHints":{"allow":["GET"]}}],"collection":[{"href":"https:\/\/wordpress.hak-steyr.at\/fehritime\/wp-json\/wp\/v2\/pages"}],"about":[{"href":"https:\/\/wordpress.hak-steyr.at\/fehritime\/wp-json\/wp\/v2\/types\/page"}],"author":[{"embeddable":true,"href":"https:\/\/wordpress.hak-steyr.at\/fehritime\/wp-json\/wp\/v2\/users\/3"}],"replies":[{"embeddable":true,"href":"https:\/\/wordpress.hak-steyr.at\/fehritime\/wp-json\/wp\/v2\/comments?post=331"}],"version-history":[{"count":5,"href":"https:\/\/wordpress.hak-steyr.at\/fehritime\/wp-json\/wp\/v2\/pages\/331\/revisions"}],"predecessor-version":[{"id":454,"href":"https:\/\/wordpress.hak-steyr.at\/fehritime\/wp-json\/wp\/v2\/pages\/331\/revisions\/454"}],"wp:attachment":[{"href":"https:\/\/wordpress.hak-steyr.at\/fehritime\/wp-json\/wp\/v2\/media?parent=331"}],"curies":[{"name":"wp","href":"https:\/\/api.w.org\/{rel}","templated":true}]}}