{"id":81,"date":"2022-12-01T12:27:48","date_gmt":"2022-12-01T11:27:48","guid":{"rendered":"https:\/\/wordpress.hak-steyr.at\/fehritime\/?page_id=81"},"modified":"2025-06-11T11:54:47","modified_gmt":"2025-06-11T09:54:47","slug":"kaffeemaschinen","status":"publish","type":"page","link":"https:\/\/wordpress.hak-steyr.at\/fehritime\/kaffeemaschinen\/","title":{"rendered":"Kaffeemaschinen"},"content":{"rendered":"\n<p><\/p>\n\n\n\n<p class=\"has-text-align-right\"><strong><mark style=\"background-color:rgba(0, 0, 0, 0);color:#28398f\" class=\"has-inline-color\">Kaffeemaschinen der Zukunft <\/mark><\/strong><\/p>\n\n\n\n<p class=\"has-text-align-right\">Wenn Ihre Lieblingsbohnen auf die Exzellenz unserer Kaffeemaschinen treffen, f\u00fcllen sich Ihre<\/p>\n\n\n\n<p class=\"has-text-align-right\"> Kaffeemomente zuhause mit dem Geschmack der Perfektion.<\/p>\n\n\n\n<p><\/p>\n\n\n\n<p><strong><mark style=\"background-color:rgba(0, 0, 0, 0);color:#28398f\" class=\"has-inline-color\">Coffee Basic<\/mark><\/strong><\/p>\n\n\n\n<figure class=\"wp-block-image size-large is-resized\"><img loading=\"lazy\" decoding=\"async\" width=\"1024\" height=\"1024\" src=\"https:\/\/wordpress.hak-steyr.at\/fehritime\/wp-content\/uploads\/2025\/01\/COFFEE-ONE-1.0-1024x1024.png\" alt=\"\" class=\"wp-image-366\" style=\"width:536px;height:auto\" srcset=\"https:\/\/wordpress.hak-steyr.at\/fehritime\/wp-content\/uploads\/2025\/01\/COFFEE-ONE-1.0-1024x1024.png 1024w, https:\/\/wordpress.hak-steyr.at\/fehritime\/wp-content\/uploads\/2025\/01\/COFFEE-ONE-1.0-300x300.png 300w, https:\/\/wordpress.hak-steyr.at\/fehritime\/wp-content\/uploads\/2025\/01\/COFFEE-ONE-1.0-150x150.png 150w, https:\/\/wordpress.hak-steyr.at\/fehritime\/wp-content\/uploads\/2025\/01\/COFFEE-ONE-1.0-768x768.png 768w, https:\/\/wordpress.hak-steyr.at\/fehritime\/wp-content\/uploads\/2025\/01\/COFFEE-ONE-1.0-1536x1536.png 1536w, https:\/\/wordpress.hak-steyr.at\/fehritime\/wp-content\/uploads\/2025\/01\/COFFEE-ONE-1.0.png 2000w\" sizes=\"auto, (max-width: 1024px) 100vw, 1024px\" \/><\/figure>\n\n\n\n<p><strong>Preis:<\/strong>&nbsp;EUR 130,00 (exkl. 20% USt)<\/p>\n\n\n\n<ul class=\"wp-block-list\">\n<li>Gr\u00f6\u00dfe 1\u00d74, 1050 Watt<\/li>\n\n\n\n<li>Durch den eingebauten Akku kann die Kaffeemaschine \u00fcberall mitgenommen werden.<\/li>\n\n\n\n<li>Die Kaffeemaschine hat eine eingebaute Selbstreinigungsfunktion.<\/li>\n\n\n\n<li>Milchaufsch\u00e4umer<\/li>\n\n\n\n<li>Hei\u00dfwasserfunktion<\/li>\n\n\n\n<li>wiederauff\u00fcllbare Kapseln<\/li>\n\n\n\n<li>Tropfstopp<\/li>\n\n\n\n<li>Aqua Clean<\/li>\n<\/ul>\n\n\n\n<p><mark style=\"background-color:rgba(0, 0, 0, 0)\" class=\"has-inline-color has-white-color\">a<\/mark><\/p>\n\n\n\n<p><strong><mark style=\"background-color:rgba(0, 0, 0, 0);color:#28398f\" class=\"has-inline-color\">Coffee Gold<\/mark><\/strong><\/p>\n\n\n\n<figure class=\"wp-block-image size-large is-resized\"><img loading=\"lazy\" decoding=\"async\" width=\"1024\" height=\"1024\" src=\"https:\/\/wordpress.hak-steyr.at\/fehritime\/wp-content\/uploads\/2025\/01\/COFFEE-TWO-1.0-1-1024x1024.jpg\" alt=\"\" class=\"wp-image-368\" style=\"width:575px;height:auto\" srcset=\"https:\/\/wordpress.hak-steyr.at\/fehritime\/wp-content\/uploads\/2025\/01\/COFFEE-TWO-1.0-1-1024x1024.jpg 1024w, https:\/\/wordpress.hak-steyr.at\/fehritime\/wp-content\/uploads\/2025\/01\/COFFEE-TWO-1.0-1-300x300.jpg 300w, https:\/\/wordpress.hak-steyr.at\/fehritime\/wp-content\/uploads\/2025\/01\/COFFEE-TWO-1.0-1-150x150.jpg 150w, https:\/\/wordpress.hak-steyr.at\/fehritime\/wp-content\/uploads\/2025\/01\/COFFEE-TWO-1.0-1-768x768.jpg 768w, https:\/\/wordpress.hak-steyr.at\/fehritime\/wp-content\/uploads\/2025\/01\/COFFEE-TWO-1.0-1.jpg 1536w\" sizes=\"auto, (max-width: 1024px) 100vw, 1024px\" \/><\/figure>\n\n\n\n<p><strong>Preis:&nbsp;<\/strong>EUR 300,00 (exkl. 20% USt)<\/p>\n\n\n\n<ul class=\"wp-block-list\">\n<li>Leistung max. 1,450 Watt<\/li>\n\n\n\n<li>Die Kaffeemaschine hat eine eingebaute Selbstreinigungsfunktion.<\/li>\n\n\n\n<li>Alle Kaffeemaschinen mit einer Face-ID ausgestattet, die das Gesicht scannt und anhand dessen ihren Lieblingskaffee mit angepasstem Koffeingehalt zubereiten.<\/li>\n\n\n\n<li>Um den Alltag zu vereinfachen kann man den Kaffeeautomat ganz einfach vom Handy steuern und entscheiden welchen Kaffee die Maschine vorbereiten soll.<\/li>\n\n\n\n<li>Die Kaffeemaschine stellt die Kaffeebohnen automatisch nach wenn sie kurz davor sind leer zu werden.<\/li>\n\n\n\n<li>Eis W\u00fcrfel Maschine<\/li>\n\n\n\n<li>2-Tassen-Funktion<\/li>\n\n\n\n<li>Milchaufsch\u00e4umer<\/li>\n\n\n\n<li>Wiederauff\u00fcllbare Kapseln<\/li>\n\n\n\n<li>Aqua Clean<\/li>\n\n\n\n<li>Hei\u00dfwasserfunktion<\/li>\n<\/ul>\n","protected":false},"excerpt":{"rendered":"<p>Kaffeemaschinen der Zukunft Wenn Ihre Lieblingsbohnen auf die Exzellenz unserer Kaffeemaschinen treffen, f\u00fcllen sich Ihre Kaffeemomente zuhause mit dem Geschmack der Perfektion. Coffee Basic Preis:&nbsp;EUR 130,00 (exkl. 20% USt) a &#8230;<\/p>\n","protected":false},"author":3,"featured_media":0,"parent":0,"menu_order":0,"comment_status":"closed","ping_status":"closed","template":"","meta":{"footnotes":""},"class_list":["post-81","page","type-page","status-publish","hentry"],"_links":{"self":[{"href":"https:\/\/wordpress.hak-steyr.at\/fehritime\/wp-json\/wp\/v2\/pages\/81","targetHints":{"allow":["GET"]}}],"collection":[{"href":"https:\/\/wordpress.hak-steyr.at\/fehritime\/wp-json\/wp\/v2\/pages"}],"about":[{"href":"https:\/\/wordpress.hak-steyr.at\/fehritime\/wp-json\/wp\/v2\/types\/page"}],"author":[{"embeddable":true,"href":"https:\/\/wordpress.hak-steyr.at\/fehritime\/wp-json\/wp\/v2\/users\/3"}],"replies":[{"embeddable":true,"href":"https:\/\/wordpress.hak-steyr.at\/fehritime\/wp-json\/wp\/v2\/comments?post=81"}],"version-history":[{"count":12,"href":"https:\/\/wordpress.hak-steyr.at\/fehritime\/wp-json\/wp\/v2\/pages\/81\/revisions"}],"predecessor-version":[{"id":424,"href":"https:\/\/wordpress.hak-steyr.at\/fehritime\/wp-json\/wp\/v2\/pages\/81\/revisions\/424"}],"wp:attachment":[{"href":"https:\/\/wordpress.hak-steyr.at\/fehritime\/wp-json\/wp\/v2\/media?parent=81"}],"curies":[{"name":"wp","href":"https:\/\/api.w.org\/{rel}","templated":true}]}}