{"id":17,"date":"2025-10-01T11:47:38","date_gmt":"2025-10-01T09:47:38","guid":{"rendered":"https:\/\/wordpress.hak-steyr.at\/innorobbers\/?page_id=17"},"modified":"2025-10-08T12:05:25","modified_gmt":"2025-10-08T10:05:25","slug":"impressum","status":"publish","type":"page","link":"https:\/\/wordpress.hak-steyr.at\/innorobbers\/impressum\/","title":{"rendered":"Impressum"},"content":{"rendered":"\n<p>Innorobbers e.U.<\/p>\n\n\n\n<p>Wir sind eine \u00dcbungsfirma der Handelsakademie Steyr. Das bedeutet, dass wir unsere Gesch\u00e4fte nur mit anderen \u00dcbungsfirmen machem um so die typischen kaufm\u00e4nnischen Aufgaben zu \u00fcben, die in der beruflichen Praxis im B\u00fcro verlangt werden.<\/p>\n\n\n\n<blockquote class=\"wp-block-quote is-layout-flow wp-block-quote-is-layout-flow\">\n<p>Weder GELD noch WAREN wechseln den Besitzer!<\/p>\n<\/blockquote>\n\n\n\n<p>Innorobbers e.U.<\/p>\n\n\n\n<p>\u00dcbungsfirma der HAK Steyr<br>Leopold-Werndl-Stra\u00dfe 7<br>4400 Steyr<\/p>\n\n\n\n<p>Tel: +43 7252 52 649 \u2013 30 &amp; +43 7252 52 649<\/p>\n","protected":false},"excerpt":{"rendered":"<p>Innorobbers e.U. Wir sind eine \u00dcbungsfirma der Handelsakademie Steyr. Das bedeutet, dass wir unsere Gesch\u00e4fte nur mit anderen \u00dcbungsfirmen machem um so die typischen kaufm\u00e4nnischen [&hellip;]<\/p>\n","protected":false},"author":2,"featured_media":0,"parent":0,"menu_order":0,"comment_status":"closed","ping_status":"closed","template":"","meta":{"footnotes":""},"class_list":["post-17","page","type-page","status-publish","hentry"],"_links":{"self":[{"href":"https:\/\/wordpress.hak-steyr.at\/innorobbers\/wp-json\/wp\/v2\/pages\/17","targetHints":{"allow":["GET"]}}],"collection":[{"href":"https:\/\/wordpress.hak-steyr.at\/innorobbers\/wp-json\/wp\/v2\/pages"}],"about":[{"href":"https:\/\/wordpress.hak-steyr.at\/innorobbers\/wp-json\/wp\/v2\/types\/page"}],"author":[{"embeddable":true,"href":"https:\/\/wordpress.hak-steyr.at\/innorobbers\/wp-json\/wp\/v2\/users\/2"}],"replies":[{"embeddable":true,"href":"https:\/\/wordpress.hak-steyr.at\/innorobbers\/wp-json\/wp\/v2\/comments?post=17"}],"version-history":[{"count":4,"href":"https:\/\/wordpress.hak-steyr.at\/innorobbers\/wp-json\/wp\/v2\/pages\/17\/revisions"}],"predecessor-version":[{"id":48,"href":"https:\/\/wordpress.hak-steyr.at\/innorobbers\/wp-json\/wp\/v2\/pages\/17\/revisions\/48"}],"wp:attachment":[{"href":"https:\/\/wordpress.hak-steyr.at\/innorobbers\/wp-json\/wp\/v2\/media?parent=17"}],"curies":[{"name":"wp","href":"https:\/\/api.w.org\/{rel}","templated":true}]}}