{"id":31,"date":"2025-10-01T12:10:55","date_gmt":"2025-10-01T10:10:55","guid":{"rendered":"https:\/\/wordpress.hak-steyr.at\/innorobbers\/?page_id=31"},"modified":"2025-11-19T12:39:18","modified_gmt":"2025-11-19T11:39:18","slug":"die-robbers","status":"publish","type":"page","link":"https:\/\/wordpress.hak-steyr.at\/innorobbers\/die-robbers\/","title":{"rendered":"Die Robbers"},"content":{"rendered":"\n<figure class=\"wp-block-image size-full\"><img loading=\"lazy\" decoding=\"async\" width=\"2048\" height=\"1262\" src=\"https:\/\/wordpress.hak-steyr.at\/innorobbers\/wp-content\/uploads\/2025\/11\/DSCF1542-2.jpg\" alt=\"\" class=\"wp-image-153\" srcset=\"https:\/\/wordpress.hak-steyr.at\/innorobbers\/wp-content\/uploads\/2025\/11\/DSCF1542-2.jpg 2048w, https:\/\/wordpress.hak-steyr.at\/innorobbers\/wp-content\/uploads\/2025\/11\/DSCF1542-2-300x185.jpg 300w, https:\/\/wordpress.hak-steyr.at\/innorobbers\/wp-content\/uploads\/2025\/11\/DSCF1542-2-1024x631.jpg 1024w, https:\/\/wordpress.hak-steyr.at\/innorobbers\/wp-content\/uploads\/2025\/11\/DSCF1542-2-768x473.jpg 768w, https:\/\/wordpress.hak-steyr.at\/innorobbers\/wp-content\/uploads\/2025\/11\/DSCF1542-2-1536x947.jpg 1536w\" sizes=\"auto, (max-width: 2048px) 100vw, 2048px\" \/><\/figure>\n\n\n\n<p>Die <strong>Innorobbers<\/strong> der HAK Steyr starten im Schuljahr <strong>2025\/26<\/strong> mit einer Crew, die man so nur einmal findet:<\/p>\n\n\n\n<p><strong>20 junge K\u00f6pfe der 4DK<\/strong>, die voller Ideen stecken, Teamspirit lieben und keine Scheu vor neuen Herausforderungen haben. Ob Brainstorming-Marathon, Produktentwicklung im Turbo-Modus oder die legend\u00e4re \u201eWer-hat-die-beste-Idee-Runde\u201c \u2013 hier wird gemeinsam gedacht, gelacht und gearbeitet.<\/p>\n\n\n\n<p>Unsere Coaches <strong>Prof. Hans-J\u00fcrgen Egelwolf<\/strong> und <strong>Prof. Karl Piaty<\/strong> halten das Ganze nicht nur zusammen, sondern sorgen mit Erfahrung, Weitblick und einer Prise Humor daf\u00fcr, dass aus unseren Ideen echte Projekte werden. Und manchmal bringen sie uns mit ihren Tipps schneller weiter, als wir \u201eInnovationsmeeting\u201c sagen k\u00f6nnen.<\/p>\n\n\n\n<p>Wir verstehen uns nicht nur als \u00dcbungsfirma. Wir sind ein kleines Labor f\u00fcr Kreativit\u00e4t, Teamwork und Unternehmergeist. Jeder bringt etwas Besonderes mit: Organisationstalente, Vision\u00e4re, Perfektionistinnen, Detailverliebte, Mutige, Hinterfrager, Querdenkerinnen und jene, die das Team mit einer guten Portion Motivation und Kaffee bei Laune halten.<\/p>\n\n\n\n<p><strong>Gemeinsam haben wir ein Ziel: etwas schaffen, das Spa\u00df macht, etwas bewegt und uns zeigt, was wir als Team erreichen k\u00f6nnen.<\/strong><br><\/p>\n\n\n\n<h2 class=\"wp-block-heading has-text-align-center\">Das sind Innorobbers 2025\/26:<\/h2>\n\n\n\n<h2 class=\"wp-block-heading has-text-align-center\">Bereit, Grenzen zu verschieben, Neues zu wagen und dabei richtig viel zu lernen.<\/h2>\n","protected":false},"excerpt":{"rendered":"<p>Die Innorobbers der HAK Steyr starten im Schuljahr 2025\/26 mit einer Crew, die man so nur einmal findet: 20 junge K\u00f6pfe der 4DK, die voller [&hellip;]<\/p>\n","protected":false},"author":2,"featured_media":0,"parent":0,"menu_order":0,"comment_status":"closed","ping_status":"closed","template":"","meta":{"footnotes":""},"class_list":["post-31","page","type-page","status-publish","hentry"],"_links":{"self":[{"href":"https:\/\/wordpress.hak-steyr.at\/innorobbers\/wp-json\/wp\/v2\/pages\/31","targetHints":{"allow":["GET"]}}],"collection":[{"href":"https:\/\/wordpress.hak-steyr.at\/innorobbers\/wp-json\/wp\/v2\/pages"}],"about":[{"href":"https:\/\/wordpress.hak-steyr.at\/innorobbers\/wp-json\/wp\/v2\/types\/page"}],"author":[{"embeddable":true,"href":"https:\/\/wordpress.hak-steyr.at\/innorobbers\/wp-json\/wp\/v2\/users\/2"}],"replies":[{"embeddable":true,"href":"https:\/\/wordpress.hak-steyr.at\/innorobbers\/wp-json\/wp\/v2\/comments?post=31"}],"version-history":[{"count":4,"href":"https:\/\/wordpress.hak-steyr.at\/innorobbers\/wp-json\/wp\/v2\/pages\/31\/revisions"}],"predecessor-version":[{"id":154,"href":"https:\/\/wordpress.hak-steyr.at\/innorobbers\/wp-json\/wp\/v2\/pages\/31\/revisions\/154"}],"wp:attachment":[{"href":"https:\/\/wordpress.hak-steyr.at\/innorobbers\/wp-json\/wp\/v2\/media?parent=31"}],"curies":[{"name":"wp","href":"https:\/\/api.w.org\/{rel}","templated":true}]}}