{"id":2639,"date":"2014-10-21T10:55:42","date_gmt":"2014-10-21T08:55:42","guid":{"rendered":"http:\/\/wordpress.hak-steyr.at\/insight7\/?page_id=2639"},"modified":"2025-09-23T16:33:07","modified_gmt":"2025-09-23T14:33:07","slug":"impressum-3","status":"publish","type":"page","link":"https:\/\/wordpress.hak-steyr.at\/insight7\/impressum-3\/","title":{"rendered":"Impressum"},"content":{"rendered":"\n<p>Impressum gem. \u00a7 5 ECG, \u00a7 14 UGB, \u00a7 24 Mediengesetz<\/p>\n\n\n\n<p>Insight7 ist die Online-Sch\u00fclerzeitung der <a href=\"http:\/\/www.hak-steyr.at\/\">BHAK\/BHAS Steyr<\/a>, welche von der \u00dcbungsfirma&nbsp;<a href=\"http:\/\/wordpress.hak-steyr.at\/officepool\/\">Officepool<\/a> betreut wird. Die Redaktion (repr\u00e4sentiert von den jeweiligen Sch\u00fclerinnen und Sch\u00fclern des 4. Jahrgangs) ist inhaltlich unabh\u00e4ngig und eigenverantwortlich. Die Insight7 Artikeln werden von f\u00fcnf jungen, engagierten und frischen Journalisten geschrieben, die jeden Dienstag von 14:15 &#8211; 16:30 ihre Pl\u00e4tze im \u00dcFA &#8211; Raum haben.<br><br><strong><a href=\"https:\/\/uefas.act.at\/act_fb_details.asp?fnr=2492\">ACT FIRMENBUCHAUSZUG<\/a><\/strong><\/p>\n\n\n\n<p><strong>Medieninhaber und Redaktion:<\/strong><br>Bundeshandelsakademie und Bundeshandelsschule Steyr<br>Leopold-Werndl-Stra\u00dfe 7<br>4400 Steyr<br>Tel: +43 (0)7252 526 49-30<br>\u00d6sterreich, EU<strong><br><\/strong><\/p>\n\n\n\n<p><strong>RedakteurInnen:<br><\/strong>Nico Hauser<br>Danilo Maric<br>Laurenz Putz<\/p>\n\n\n\n<p><strong>Chefredaktion:<br><\/strong>Florian Platzer<\/p>\n\n\n\n<p><strong>Jobb\u00f6rse (Jobmarket):<br><\/strong>Noah Sch\u00f6rkhuber<br>Laurenz Steininger<\/p>\n\n\n\n<p><strong>Bankverbindung:<br><\/strong>ACT-Bank<br>BIC: ACTBATW0  (0=Null!)<br>IBAN: AT97 9900 0001 0004 3593<\/p>\n","protected":false},"excerpt":{"rendered":"<p>Impressum gem. \u00a7 5 ECG, \u00a7 14 UGB, \u00a7 24 Mediengesetz Insight7 ist die Online-Sch\u00fclerzeitung der BHAK\/BHAS Steyr, welche von der \u00dcbungsfirma&nbsp;Officepool betreut wird. Die Redaktion (repr\u00e4sentiert von den jeweiligen Sch\u00fclerinnen und Sch\u00fclern des 4. Jahrgangs) ist inhaltlich unabh\u00e4ngig und eigenverantwortlich. Die Insight7 Artikeln werden von f\u00fcnf jungen, engagierten und frischen Journalisten geschrieben, die jeden [&hellip;]<\/p>\n","protected":false},"author":30,"featured_media":0,"parent":0,"menu_order":0,"comment_status":"open","ping_status":"open","template":"","meta":{"footnotes":""},"class_list":["post-2639","page","type-page","status-publish","hentry"],"yoast_head":"<!-- This site is optimized with the Yoast SEO plugin v26.1.1 - https:\/\/yoast.com\/wordpress\/plugins\/seo\/ -->\n<title>Impressum - insight7<\/title>\n<meta name=\"robots\" content=\"index, follow, max-snippet:-1, max-image-preview:large, max-video-preview:-1\" \/>\n<link rel=\"canonical\" href=\"https:\/\/wordpress.hak-steyr.at\/insight7\/impressum-3\/\" \/>\n<meta property=\"og:locale\" content=\"de_DE\" \/>\n<meta property=\"og:type\" content=\"article\" \/>\n<meta property=\"og:title\" content=\"Impressum - insight7\" \/>\n<meta property=\"og:description\" content=\"Impressum gem. \u00a7 5 ECG, \u00a7 14 UGB, \u00a7 24 Mediengesetz Insight7 ist die Online-Sch\u00fclerzeitung der BHAK\/BHAS Steyr, welche von der \u00dcbungsfirma&nbsp;Officepool betreut wird. Die Redaktion (repr\u00e4sentiert von den jeweiligen Sch\u00fclerinnen und Sch\u00fclern des 4. Jahrgangs) ist inhaltlich unabh\u00e4ngig und eigenverantwortlich. Die Insight7 Artikeln werden von f\u00fcnf jungen, engagierten und frischen Journalisten geschrieben, die jeden [&hellip;]\" \/>\n<meta property=\"og:url\" content=\"https:\/\/wordpress.hak-steyr.at\/insight7\/impressum-3\/\" \/>\n<meta property=\"og:site_name\" content=\"insight7\" \/>\n<meta property=\"article:modified_time\" content=\"2025-09-23T14:33:07+00:00\" \/>\n<meta name=\"twitter:card\" content=\"summary_large_image\" \/>\n<meta name=\"twitter:label1\" content=\"Gesch\u00e4tzte Lesezeit\" \/>\n\t<meta name=\"twitter:data1\" content=\"1\u00a0Minute\" \/>\n<script type=\"application\/ld+json\" class=\"yoast-schema-graph\">{\"@context\":\"https:\/\/schema.org\",\"@graph\":[{\"@type\":\"WebPage\",\"@id\":\"https:\/\/wordpress.hak-steyr.at\/insight7\/impressum-3\/\",\"url\":\"https:\/\/wordpress.hak-steyr.at\/insight7\/impressum-3\/\",\"name\":\"Impressum - insight7\",\"isPartOf\":{\"@id\":\"https:\/\/wordpress.hak-steyr.at\/insight7\/#website\"},\"datePublished\":\"2014-10-21T08:55:42+00:00\",\"dateModified\":\"2025-09-23T14:33:07+00:00\",\"breadcrumb\":{\"@id\":\"https:\/\/wordpress.hak-steyr.at\/insight7\/impressum-3\/#breadcrumb\"},\"inLanguage\":\"de\",\"potentialAction\":[{\"@type\":\"ReadAction\",\"target\":[\"https:\/\/wordpress.hak-steyr.at\/insight7\/impressum-3\/\"]}]},{\"@type\":\"BreadcrumbList\",\"@id\":\"https:\/\/wordpress.hak-steyr.at\/insight7\/impressum-3\/#breadcrumb\",\"itemListElement\":[{\"@type\":\"ListItem\",\"position\":1,\"name\":\"Startseite\",\"item\":\"https:\/\/wordpress.hak-steyr.at\/insight7\/\"},{\"@type\":\"ListItem\",\"position\":2,\"name\":\"Impressum\"}]},{\"@type\":\"WebSite\",\"@id\":\"https:\/\/wordpress.hak-steyr.at\/insight7\/#website\",\"url\":\"https:\/\/wordpress.hak-steyr.at\/insight7\/\",\"name\":\"insight7\",\"description\":\"Onlinesch\u00fclerzeitung der BHAK\/BHAS Steyr\",\"publisher\":{\"@id\":\"https:\/\/wordpress.hak-steyr.at\/insight7\/#organization\"},\"potentialAction\":[{\"@type\":\"SearchAction\",\"target\":{\"@type\":\"EntryPoint\",\"urlTemplate\":\"https:\/\/wordpress.hak-steyr.at\/insight7\/?s={search_term_string}\"},\"query-input\":{\"@type\":\"PropertyValueSpecification\",\"valueRequired\":true,\"valueName\":\"search_term_string\"}}],\"inLanguage\":\"de\"},{\"@type\":\"Organization\",\"@id\":\"https:\/\/wordpress.hak-steyr.at\/insight7\/#organization\",\"name\":\"Sch\u00fclerzeitung der HAK\/HAS Steyr\",\"url\":\"https:\/\/wordpress.hak-steyr.at\/insight7\/\",\"logo\":{\"@type\":\"ImageObject\",\"inLanguage\":\"de\",\"@id\":\"https:\/\/wordpress.hak-steyr.at\/insight7\/#\/schema\/logo\/image\/\",\"url\":\"https:\/\/wordpress.hak-steyr.at\/insight7\/wp-content\/uploads\/2025\/03\/Quadrat_HAKhoodie.jpg\",\"contentUrl\":\"https:\/\/wordpress.hak-steyr.at\/insight7\/wp-content\/uploads\/2025\/03\/Quadrat_HAKhoodie.jpg\",\"width\":1181,\"height\":1181,\"caption\":\"Sch\u00fclerzeitung der HAK\/HAS Steyr\"},\"image\":{\"@id\":\"https:\/\/wordpress.hak-steyr.at\/insight7\/#\/schema\/logo\/image\/\"}}]}<\/script>\n<!-- \/ Yoast SEO plugin. -->","yoast_head_json":{"title":"Impressum - insight7","robots":{"index":"index","follow":"follow","max-snippet":"max-snippet:-1","max-image-preview":"max-image-preview:large","max-video-preview":"max-video-preview:-1"},"canonical":"https:\/\/wordpress.hak-steyr.at\/insight7\/impressum-3\/","og_locale":"de_DE","og_type":"article","og_title":"Impressum - insight7","og_description":"Impressum gem. \u00a7 5 ECG, \u00a7 14 UGB, \u00a7 24 Mediengesetz Insight7 ist die Online-Sch\u00fclerzeitung der BHAK\/BHAS Steyr, welche von der \u00dcbungsfirma&nbsp;Officepool betreut wird. Die Redaktion (repr\u00e4sentiert von den jeweiligen Sch\u00fclerinnen und Sch\u00fclern des 4. Jahrgangs) ist inhaltlich unabh\u00e4ngig und eigenverantwortlich. Die Insight7 Artikeln werden von f\u00fcnf jungen, engagierten und frischen Journalisten geschrieben, die jeden [&hellip;]","og_url":"https:\/\/wordpress.hak-steyr.at\/insight7\/impressum-3\/","og_site_name":"insight7","article_modified_time":"2025-09-23T14:33:07+00:00","twitter_card":"summary_large_image","twitter_misc":{"Gesch\u00e4tzte Lesezeit":"1\u00a0Minute"},"schema":{"@context":"https:\/\/schema.org","@graph":[{"@type":"WebPage","@id":"https:\/\/wordpress.hak-steyr.at\/insight7\/impressum-3\/","url":"https:\/\/wordpress.hak-steyr.at\/insight7\/impressum-3\/","name":"Impressum - insight7","isPartOf":{"@id":"https:\/\/wordpress.hak-steyr.at\/insight7\/#website"},"datePublished":"2014-10-21T08:55:42+00:00","dateModified":"2025-09-23T14:33:07+00:00","breadcrumb":{"@id":"https:\/\/wordpress.hak-steyr.at\/insight7\/impressum-3\/#breadcrumb"},"inLanguage":"de","potentialAction":[{"@type":"ReadAction","target":["https:\/\/wordpress.hak-steyr.at\/insight7\/impressum-3\/"]}]},{"@type":"BreadcrumbList","@id":"https:\/\/wordpress.hak-steyr.at\/insight7\/impressum-3\/#breadcrumb","itemListElement":[{"@type":"ListItem","position":1,"name":"Startseite","item":"https:\/\/wordpress.hak-steyr.at\/insight7\/"},{"@type":"ListItem","position":2,"name":"Impressum"}]},{"@type":"WebSite","@id":"https:\/\/wordpress.hak-steyr.at\/insight7\/#website","url":"https:\/\/wordpress.hak-steyr.at\/insight7\/","name":"insight7","description":"Onlinesch\u00fclerzeitung der BHAK\/BHAS Steyr","publisher":{"@id":"https:\/\/wordpress.hak-steyr.at\/insight7\/#organization"},"potentialAction":[{"@type":"SearchAction","target":{"@type":"EntryPoint","urlTemplate":"https:\/\/wordpress.hak-steyr.at\/insight7\/?s={search_term_string}"},"query-input":{"@type":"PropertyValueSpecification","valueRequired":true,"valueName":"search_term_string"}}],"inLanguage":"de"},{"@type":"Organization","@id":"https:\/\/wordpress.hak-steyr.at\/insight7\/#organization","name":"Sch\u00fclerzeitung der HAK\/HAS Steyr","url":"https:\/\/wordpress.hak-steyr.at\/insight7\/","logo":{"@type":"ImageObject","inLanguage":"de","@id":"https:\/\/wordpress.hak-steyr.at\/insight7\/#\/schema\/logo\/image\/","url":"https:\/\/wordpress.hak-steyr.at\/insight7\/wp-content\/uploads\/2025\/03\/Quadrat_HAKhoodie.jpg","contentUrl":"https:\/\/wordpress.hak-steyr.at\/insight7\/wp-content\/uploads\/2025\/03\/Quadrat_HAKhoodie.jpg","width":1181,"height":1181,"caption":"Sch\u00fclerzeitung der HAK\/HAS Steyr"},"image":{"@id":"https:\/\/wordpress.hak-steyr.at\/insight7\/#\/schema\/logo\/image\/"}}]}},"_links":{"self":[{"href":"https:\/\/wordpress.hak-steyr.at\/insight7\/wp-json\/wp\/v2\/pages\/2639","targetHints":{"allow":["GET"]}}],"collection":[{"href":"https:\/\/wordpress.hak-steyr.at\/insight7\/wp-json\/wp\/v2\/pages"}],"about":[{"href":"https:\/\/wordpress.hak-steyr.at\/insight7\/wp-json\/wp\/v2\/types\/page"}],"author":[{"embeddable":true,"href":"https:\/\/wordpress.hak-steyr.at\/insight7\/wp-json\/wp\/v2\/users\/30"}],"replies":[{"embeddable":true,"href":"https:\/\/wordpress.hak-steyr.at\/insight7\/wp-json\/wp\/v2\/comments?post=2639"}],"version-history":[{"count":37,"href":"https:\/\/wordpress.hak-steyr.at\/insight7\/wp-json\/wp\/v2\/pages\/2639\/revisions"}],"predecessor-version":[{"id":11243,"href":"https:\/\/wordpress.hak-steyr.at\/insight7\/wp-json\/wp\/v2\/pages\/2639\/revisions\/11243"}],"wp:attachment":[{"href":"https:\/\/wordpress.hak-steyr.at\/insight7\/wp-json\/wp\/v2\/media?parent=2639"}],"curies":[{"name":"wp","href":"https:\/\/api.w.org\/{rel}","templated":true}]}}