{"id":14,"date":"2011-09-13T22:57:25","date_gmt":"2011-09-13T20:57:25","guid":{"rendered":"http:\/\/wordpress.hak-steyr.at\/officepool\/?page_id=14"},"modified":"2025-09-23T16:36:43","modified_gmt":"2025-09-23T14:36:43","slug":"wir-bieten","status":"publish","type":"page","link":"https:\/\/wordpress.hak-steyr.at\/officepool\/wir-bieten\/","title":{"rendered":"Wir bieten"},"content":{"rendered":"\n<h1 class=\"wp-block-heading\"><span style=\"color: #00ccff;\"><mark style=\"background-color:rgba(0, 0, 0, 0);color:#c30d0d\" class=\"has-inline-color\"><strong>ZAHLEN\u00a0 &amp;\u00a0 FAKTEN\u00a0 zum\u00a0 OFFICEPOOL\u00a0 Steyr<\/strong><\/mark><\/span><\/h1>\n\n\n\n<p><strong>Atmosph\u00e4re:<\/strong> Wertsch\u00e4tzung zeigen, Flexibilit\u00e4t erm\u00f6glichen, Professionell bleiben, gemeinsam Spa\u00df im B\u00fcro haben<br><strong>Mieter:<\/strong> kreative Business-People die professionell und modern arbeiten wollen<br><strong>Aktivit\u00e4ten:<\/strong> Schulungen, Exkursionen, Workshops, etc.<br><strong>Gesamtfl\u00e4che:<\/strong> 350qm<br><strong>Coworking-Space:<\/strong> 250qm<br><strong>Coworking-Desks:<\/strong> 32<br><strong>Konferenzr\u00e4ume:<\/strong> 2<br><strong>Verpflegungsm\u00f6glichkeiten:<\/strong> 1 Selbstbedienungs-Bistro, 3 Getr\u00e4nkeautomaten (Kaffee, Milchprodukte, Softdrinks),<br><strong>Technik:<\/strong> Netzwerk, Computer, Drucker\/Kopierer\/Scanner\/Fax\/Telefon\/Beamer<br><strong>Mietdauer:<\/strong> 3 Unterrichtseinheiten<br><strong>Arbeitsbedingungen:<\/strong> wenig Ablenkung durch L\u00e4rm und auch kein gro\u00dfer Stress und Termindruck<\/p>\n\n\n\n<h1 class=\"wp-block-heading\"><strong>Warum wir?<\/strong><\/h1>\n\n\n\n<p><em>&nbsp;<\/em><strong>Hardfacts:<\/strong><\/p>\n\n\n\n<ul class=\"wp-block-list\">\n<li>Gesamtfl\u00e4che: 350 m\u00b2<\/li>\n\n\n\n<li>Coworking \u2013 Space: 250 m\u00b2<\/li>\n\n\n\n<li>Coworking \u2013 Desks: 32<\/li>\n\n\n\n<li>Konferenzr\u00e4ume: 2<\/li>\n\n\n\n<li>Technik: Netzwerk, Computer, Drucker\/Kopierer\/Scanner\/Fax\/Telefon\/Beamer<\/li>\n<\/ul>\n\n\n\n<p><strong>Aber was macht uns besonders? <\/strong><\/p>\n\n\n\n<p>Naja, beginnen wir mal mit den Sachen, die Andere auch bieten k\u00f6nnten.<\/p>\n\n\n\n<p>Bei uns k\u00f6nnt Ihr euch kulinarisch an unserem Schulbuffet verw\u00f6hnen lassen. Das Buffet bietet t\u00e4glich frischgekochte, warme Mahlzeiten und auch Snacks f\u00fcr zwischendurch. Von belegten Broten \u00fcber Schokocr\u00e8me bis zu frischem Obst ist alles dabei.<\/p>\n\n\n\n<p>Zus\u00e4tzlich befinden sich drei Snackautomaten in unserem Geb\u00e4ude verteilt, welche rund um die Uhr zur Verf\u00fcgung stehen.<\/p>\n\n\n\n<p>Unsere Wasserspender liefern Euch immer frisches, kaltes Wasser, welches selbstverst\u00e4ndlich kostenlos ist.<\/p>\n\n\n\n<p>Nun zu dem echt coolen Stuff.<\/p>\n\n\n\n<p>Ihr mietet einen halben Tag lang nach nicht nur ein paar R\u00e4ume, &#8211; nein, sondern gleich vollfunktionale Computer, eine super Atmosph\u00e4re und die beste Technik, die Ihr euch vorstellen k\u00f6nnt. Morgens k\u00f6nnt Ihr einfach hereinkommen und beginnen zu arbeiten. Keine unn\u00f6tige und l\u00e4stige Vorarbeit.<\/p>\n\n\n\n<p>In unseren unschlagbaren Preisen sind also nicht nur die R\u00e4ume inkludiert, sondern auch die beste Technik, eine freundliche Atmosph\u00e4re und die bereits genannten Extras, wie das Buffet.<\/p>\n\n\n\n<p>Zus\u00e4tzlich besteht die M\u00f6glichkeit bei uns tolle neue Kooperationspartner zu finden. Grafiker, Journalisten, Eventmanager, Social Media Agenturen, Controller und viele Mehr k\u00f6nnt Ihr bereits bei uns finden. Diese Mieter sind mit unserem Leistungen durchaus zufrieden.<\/p>\n\n\n\n<p>Also, falls Ihr kreative und neugierige Business \u2013 People seid, meldet Euch bei uns!<\/p>\n\n\n\n<p>Wir bieten Euch nur das Beste und freuen uns darauf, Euch von unserer Qualit\u00e4t \u00fcberzeugen zu k\u00f6nnen.<\/p>\n\n\n\n<h2 class=\"wp-block-heading\">&nbsp;<\/h2>\n\n\n\n<h2 class=\"wp-block-heading\"><strong>F\u00fcr alle, die mehr \u00fcber uns wissen wollen<\/strong><\/h2>\n\n\n\n<p>Im OFFICEPOOL @ HAK Steyr, haben die unterschiedlichsten Leute ihren Arbeitsraum.<br>So z\u00e4hlen unter anderem Fotografen, Grafikagenturen, Journalisten, Eventmanager, Jobb\u00f6rsen und Merchandisingagenturen zu unseren Kunden.<\/p>\n\n\n\n<p>Mit dem&nbsp;OFFICEPOOL @ HAK Steyr&nbsp;wurde ein Ort geschaffen, an dem komplett ausgestattete Arbeitspl\u00e4tze ab 1\/2 Tag bereit stehen, an denen sofort losgearbeitet werden kann, ohne dass zuerst umst\u00e4ndlich B\u00fcror\u00e4ume f\u00fcr Monate angemietet werden m\u00fcssen.<\/p>\n\n\n\n<blockquote class=\"wp-block-quote is-layout-flow wp-block-quote-is-layout-flow\">\n<p><strong><em>We are a place to work. learn. meet. share. collaborate.<\/em><\/strong><\/p>\n<\/blockquote>\n","protected":false},"excerpt":{"rendered":"excerpt","protected":false},"author":1,"featured_media":0,"parent":0,"menu_order":0,"comment_status":"closed","ping_status":"closed","template":"","meta":{"episode_type":"","audio_file":"","cover_image":"","cover_image_id":"","duration":"","filesize":"","filesize_raw":"","date_recorded":"","explicit":"","block":"","footnotes":""},"class_list":["post-14","page","type-page","status-publish","hentry"],"_links":{"self":[{"href":"https:\/\/wordpress.hak-steyr.at\/officepool\/wp-json\/wp\/v2\/pages\/14","targetHints":{"allow":["GET"]}}],"collection":[{"href":"https:\/\/wordpress.hak-steyr.at\/officepool\/wp-json\/wp\/v2\/pages"}],"about":[{"href":"https:\/\/wordpress.hak-steyr.at\/officepool\/wp-json\/wp\/v2\/types\/page"}],"author":[{"embeddable":true,"href":"https:\/\/wordpress.hak-steyr.at\/officepool\/wp-json\/wp\/v2\/users\/1"}],"replies":[{"embeddable":true,"href":"https:\/\/wordpress.hak-steyr.at\/officepool\/wp-json\/wp\/v2\/comments?post=14"}],"version-history":[{"count":29,"href":"https:\/\/wordpress.hak-steyr.at\/officepool\/wp-json\/wp\/v2\/pages\/14\/revisions"}],"predecessor-version":[{"id":1510,"href":"https:\/\/wordpress.hak-steyr.at\/officepool\/wp-json\/wp\/v2\/pages\/14\/revisions\/1510"}],"wp:attachment":[{"href":"https:\/\/wordpress.hak-steyr.at\/officepool\/wp-json\/wp\/v2\/media?parent=14"}],"curies":[{"name":"wp","href":"https:\/\/api.w.org\/{rel}","templated":true}]}}