{"id":16,"date":"2011-09-13T23:00:37","date_gmt":"2011-09-13T21:00:37","guid":{"rendered":"http:\/\/wordpress.hak-steyr.at\/officepool\/?page_id=16"},"modified":"2025-09-30T15:21:22","modified_gmt":"2025-09-30T13:21:22","slug":"impressum","status":"publish","type":"page","link":"https:\/\/wordpress.hak-steyr.at\/officepool\/impressum\/","title":{"rendered":"Impressum"},"content":{"rendered":"\n<h2 class=\"wp-block-heading\">Die \u00dcbungsfirma OFFICEPOOL @ BHAK STEYR ist kein echtes Unternehmen, sondern ein Lernort in der Handelsakademie Steyr. K\u00e4ufe und Verk\u00e4ufe finden nur virtuell statt. Es gibt keine reale Ware und auch kein reales Geld!<\/h2>\n\n\n\n<p>Die \u00dcbungsfirma OFFICEPOOL @ BHAK STEYR er\u00f6ffnete mit Schulbeginn 2013\/14 ihre T\u00fcr f\u00fcr die Sch\u00fclerinnen und Sch\u00fcler der 4. Jahrg\u00e4nge. Die \u00dcbungsfirma OFFICEPOOL geht aus den beiden Vorg\u00e4ngerfirmen &#8222;Radio H\u00f6rschwelle 101,1&#8220; und &#8222;Benchmark7&#8220; hervor. Die beiden Unternehmen haben sich zusammengeschlossen, um Synergieeffekte zu nutzen und ihren Kunden dadurch noch mehr Service bieten zu k\u00f6nnen.<\/p>\n\n\n\n<p><strong>Branche<\/strong>: Gewerbliche Dienstleistungen<\/p>\n\n\n\n<p>B\u00fcroservice in Form der Bereitstellung von B\u00fcror\u00e4umen und Nebeneinrichtungen als B\u00fcroadresse, Telefondienste &amp; Postversand.<\/p>\n\n\n\n<p>Officepool e. U.<br>Leopold-Werndl-Stra\u00dfe 7, 4400 Steyr<\/p>\n\n\n\n<p>Firmenbuchnummer: 2492<br>UID-Nr.: ATU10249248<br>E-Mail: <a href=\"mailto:officepool2492@uebungsfirmen.at\">officepool2492@uebungsfirmen.at <\/a><\/p>\n\n\n\n<p>Bankverbindung:<br>ACT-Bank BIC: ACTBATW0<br>IBAN: AT97 9900 0001 0004 3593<\/p>\n\n\n\n<p><strong>Ansprechpartner Schule<\/strong><\/p>\n\n\n\n<p>Prof. Karin Sigmund<br>Prof. Karl Piaty<\/p>\n\n\n\n<p>BHAK Steyr<br>Leopold-Werndl-Stra\u00dfe 7<br>4400 Steyr<\/p>\n\n\n\n<p><a href=\"http:\/\/www.hak-steyr.at\">www.hak-steyr.at<\/a><\/p>\n","protected":false},"excerpt":{"rendered":"excerpt","protected":false},"author":1,"featured_media":0,"parent":0,"menu_order":0,"comment_status":"closed","ping_status":"closed","template":"sidebar-page.php","meta":{"episode_type":"","audio_file":"","cover_image":"","cover_image_id":"","duration":"","filesize":"","filesize_raw":"","date_recorded":"","explicit":"","block":"","footnotes":""},"class_list":["post-16","page","type-page","status-publish","hentry"],"_links":{"self":[{"href":"https:\/\/wordpress.hak-steyr.at\/officepool\/wp-json\/wp\/v2\/pages\/16","targetHints":{"allow":["GET"]}}],"collection":[{"href":"https:\/\/wordpress.hak-steyr.at\/officepool\/wp-json\/wp\/v2\/pages"}],"about":[{"href":"https:\/\/wordpress.hak-steyr.at\/officepool\/wp-json\/wp\/v2\/types\/page"}],"author":[{"embeddable":true,"href":"https:\/\/wordpress.hak-steyr.at\/officepool\/wp-json\/wp\/v2\/users\/1"}],"replies":[{"embeddable":true,"href":"https:\/\/wordpress.hak-steyr.at\/officepool\/wp-json\/wp\/v2\/comments?post=16"}],"version-history":[{"count":24,"href":"https:\/\/wordpress.hak-steyr.at\/officepool\/wp-json\/wp\/v2\/pages\/16\/revisions"}],"predecessor-version":[{"id":1516,"href":"https:\/\/wordpress.hak-steyr.at\/officepool\/wp-json\/wp\/v2\/pages\/16\/revisions\/1516"}],"wp:attachment":[{"href":"https:\/\/wordpress.hak-steyr.at\/officepool\/wp-json\/wp\/v2\/media?parent=16"}],"curies":[{"name":"wp","href":"https:\/\/api.w.org\/{rel}","templated":true}]}}