{"id":242,"date":"2012-02-07T13:56:02","date_gmt":"2012-02-07T11:56:02","guid":{"rendered":"http:\/\/wordpress.hak-steyr.at\/officepool\/?page_id=242"},"modified":"2018-11-27T09:32:09","modified_gmt":"2018-11-27T07:32:09","slug":"agbs","status":"publish","type":"page","link":"https:\/\/wordpress.hak-steyr.at\/officepool\/agbs\/","title":{"rendered":"AGB"},"content":{"rendered":"<h1><span style=\"color: #00ccff;\">F\u00dcR. UNSERE. MIETER.<\/span><\/h1>\n<p>&nbsp;<\/p>\n<p><strong>\u00a71 \u00dcbungsfirma<\/strong><\/p>\n<p>Officepool ist ein frei erfundenes Unternehmen, bei dem die Vermietung von B\u00fcror\u00e4umen erfolgt. Die B\u00fcror\u00e4ume befinden sich in der Schule im 4. Stock. Die Unternehmen, welche die R\u00e4ume mieten zahlen nur fiktiv.<\/p>\n<p><strong>\u00a72 Geltungsbereich dieser AGB<\/strong><\/p>\n<p>Die AGB gelten zwischen Officepool und den fiktiven Einzelunternehmern, welche die R\u00e4ume beziehen (Mietern).<\/p>\n<p><strong>\u00a73 Vertragsobjekt<\/strong><\/p>\n<p>Mit den genutzten Arbeitspl\u00e4tze, R\u00e4ume, Computer, etc. muss sorgf\u00e4ltig umgegangen werden. Verschmutzungen etc. m\u00fcssen beseitigt werden und Besch\u00e4digungen sofort gemeldet werden.\u00a0 Die R\u00e4umlichkeiten werden f\u00fcr jegliche B\u00fcroarbeiten vermietet.<\/p>\n<p><strong>\u00a74 Vertragszweck \u2013 Weitergabe von Rechten<\/strong><\/p>\n<p>Das Vertragsobjekt darf vom Mieter nur f\u00fcr den vereinbarten Vertragszweck und im vereinbarten Umfang genutzt werden. Eine auch nur teilweise Weitergabe von Rechten bedarf der vorherigen ausdr\u00fccklichen Zustimmung von Officepool. Im Falle der genehmigten Weitergabe von Rechten, haftet der Mieter Officepool gegen\u00fcber.<\/p>\n<p><strong>\u00a75 R\u00fccktritt durch Officepool<\/strong><\/p>\n<p>Im Falle von wesentlichen Vertragsverletzungen seitens des Mieters ist Officepool zum R\u00fccktritt vom Vertrag berechtigt. Das ist beispielsweise der Fall wenn<\/p>\n<ul>\n<li>Zahlungen nicht rechtzeitig erfolgen<\/li>\n<li>die Sicherheit von Personen gef\u00e4hrdet ist.<\/li>\n<\/ul>\n<p><strong>\u00a76 Datenschutz<\/strong><\/p>\n<p>Die f\u00fcr die Gesch\u00e4ftsabwicklung notwendigen Daten werden gespeichert.<\/p>\n<p>Pers\u00f6nlichen Daten werden selbstverst\u00e4ndlich vertraulich behandelt.<\/p>\n<p>&nbsp;<\/p>\n","protected":false},"excerpt":{"rendered":"excerpt","protected":false},"author":1,"featured_media":0,"parent":0,"menu_order":0,"comment_status":"closed","ping_status":"closed","template":"","meta":{"episode_type":"","audio_file":"","cover_image":"","cover_image_id":"","duration":"","filesize":"","filesize_raw":"","date_recorded":"","explicit":"","block":"","footnotes":""},"class_list":["post-242","page","type-page","status-publish","hentry"],"_links":{"self":[{"href":"https:\/\/wordpress.hak-steyr.at\/officepool\/wp-json\/wp\/v2\/pages\/242","targetHints":{"allow":["GET"]}}],"collection":[{"href":"https:\/\/wordpress.hak-steyr.at\/officepool\/wp-json\/wp\/v2\/pages"}],"about":[{"href":"https:\/\/wordpress.hak-steyr.at\/officepool\/wp-json\/wp\/v2\/types\/page"}],"author":[{"embeddable":true,"href":"https:\/\/wordpress.hak-steyr.at\/officepool\/wp-json\/wp\/v2\/users\/1"}],"replies":[{"embeddable":true,"href":"https:\/\/wordpress.hak-steyr.at\/officepool\/wp-json\/wp\/v2\/comments?post=242"}],"version-history":[{"count":14,"href":"https:\/\/wordpress.hak-steyr.at\/officepool\/wp-json\/wp\/v2\/pages\/242\/revisions"}],"predecessor-version":[{"id":1189,"href":"https:\/\/wordpress.hak-steyr.at\/officepool\/wp-json\/wp\/v2\/pages\/242\/revisions\/1189"}],"wp:attachment":[{"href":"https:\/\/wordpress.hak-steyr.at\/officepool\/wp-json\/wp\/v2\/media?parent=242"}],"curies":[{"name":"wp","href":"https:\/\/api.w.org\/{rel}","templated":true}]}}