{"id":31,"date":"2011-09-14T11:40:27","date_gmt":"2011-09-14T09:40:27","guid":{"rendered":"http:\/\/wordpress.hak-steyr.at\/officepool\/?page_id=31"},"modified":"2025-10-21T15:05:45","modified_gmt":"2025-10-21T13:05:45","slug":"preise","status":"publish","type":"page","link":"https:\/\/wordpress.hak-steyr.at\/officepool\/preise\/","title":{"rendered":"Preise"},"content":{"rendered":"\n<h1 class=\"wp-block-heading\"><span style=\"color: #00ccff;\">Unser COMPANY-TARIF &#8211; ma\u00dfgeschneidert f\u00fcr ganze \u00dcbungsfirmen<\/span><\/h1>\n\n\n\n<h2 class=\"wp-block-heading\">Preise &amp; Konditionen<\/h2>\n\n\n\n<p><strong>Zugangszeiten:<\/strong> werktags, 7:45 &#8211; 16:55 (ausgenommen Schulferien)<br><strong>Arbeitsplatz:<\/strong> 1 fixer Arbeitsplatz<br><strong>Konferenzraum:<\/strong> optional<br><strong>Internet:<\/strong> inklusive<br><strong>Adressnutzung:<\/strong> ja<br><strong>Firmenschild:<\/strong> inklusive<br><strong>Postservice:<\/strong> ja<br><strong>Self-Service Copyshop:<\/strong> inklusive<br><strong>Preis:<\/strong> \u20ac 90 pro Monat<\/p>\n\n\n\n<h1 class=\"wp-block-heading\"><span style=\"color: #00ccff;\">Unser EPU-TARIF &#8211; ma\u00dfgeschneidert f\u00fcr \u00dcbungsfirmen EPUs<\/span><\/h1>\n\n\n\n<h2 class=\"wp-block-heading\">Preise &amp; Konditionen<\/h2>\n\n\n\n<p><strong>Zugangszeiten:<\/strong> werktags, 7:45 &#8211; 16:55 (ausgenommen Schulferien)<br><strong>Arbeitsplatz:<\/strong> flexibel<br><strong>Konferenzraum:<\/strong> optional<br><strong>Internet:<\/strong> inklusive<br><strong>Adressnutzung:<\/strong> ja<br><strong>Firmenschild:<\/strong> optional<br><strong>Postservice:<\/strong> ja<br><strong>Self-Service Copyshop:<\/strong> inklusive<br><strong>Preis:<\/strong> \u20ac 25 pro 1\/2 Tag (= eine 3 st\u00fcndige \u00dcFA-Einheit) f\u00fcr B\u00fcromiete wird keine Umsatzsteuer berechnet<\/p>\n\n\n\n<p><strong>Irrt\u00fcmer und Preis\u00e4nderungen bleiben jederzeit vorbehalten. F\u00fcr alle Angebote gilt, solange Pl\u00e4tze verf\u00fcgbar sind.<br><\/strong><\/p>\n\n\n\n<p><\/p>\n","protected":false},"excerpt":{"rendered":"excerpt","protected":false},"author":1,"featured_media":0,"parent":0,"menu_order":0,"comment_status":"closed","ping_status":"closed","template":"","meta":{"episode_type":"","audio_file":"","cover_image":"","cover_image_id":"","duration":"","filesize":"","filesize_raw":"","date_recorded":"","explicit":"","block":"","footnotes":""},"class_list":["post-31","page","type-page","status-publish","hentry"],"_links":{"self":[{"href":"https:\/\/wordpress.hak-steyr.at\/officepool\/wp-json\/wp\/v2\/pages\/31","targetHints":{"allow":["GET"]}}],"collection":[{"href":"https:\/\/wordpress.hak-steyr.at\/officepool\/wp-json\/wp\/v2\/pages"}],"about":[{"href":"https:\/\/wordpress.hak-steyr.at\/officepool\/wp-json\/wp\/v2\/types\/page"}],"author":[{"embeddable":true,"href":"https:\/\/wordpress.hak-steyr.at\/officepool\/wp-json\/wp\/v2\/users\/1"}],"replies":[{"embeddable":true,"href":"https:\/\/wordpress.hak-steyr.at\/officepool\/wp-json\/wp\/v2\/comments?post=31"}],"version-history":[{"count":29,"href":"https:\/\/wordpress.hak-steyr.at\/officepool\/wp-json\/wp\/v2\/pages\/31\/revisions"}],"predecessor-version":[{"id":1526,"href":"https:\/\/wordpress.hak-steyr.at\/officepool\/wp-json\/wp\/v2\/pages\/31\/revisions\/1526"}],"wp:attachment":[{"href":"https:\/\/wordpress.hak-steyr.at\/officepool\/wp-json\/wp\/v2\/media?parent=31"}],"curies":[{"name":"wp","href":"https:\/\/api.w.org\/{rel}","templated":true}]}}