{"id":13,"date":"2013-10-28T14:59:38","date_gmt":"2013-10-28T12:59:38","guid":{"rendered":"http:\/\/wordpress.hak-steyr.at\/piraty\/?page_id=13"},"modified":"2025-10-03T11:22:16","modified_gmt":"2025-10-03T09:22:16","slug":"kaffee","status":"publish","type":"page","link":"https:\/\/wordpress.hak-steyr.at\/piraty\/kaffee\/","title":{"rendered":"Kaffee"},"content":{"rendered":"\n<p>Unser Arabica-Kaffee bietet Ihnen ein unvergessliches Kaffee Erlebnis. Sie k\u00f6nnen eine mit Qualit\u00e4t verpackte Bestellung erwarten.<\/p>\n\n\n\n<p>Wir freuen uns Ihnen eine Freude mit unseren Produkten machen zu k\u00f6nnen.<\/p>\n\n\n\n<div class=\"wp-block-columns is-layout-flex wp-container-core-columns-is-layout-9d6595d7 wp-block-columns-is-layout-flex\">\n<div class=\"wp-block-column is-layout-flow wp-block-column-is-layout-flow\" style=\"flex-basis:66.66%\">\n<h3 class=\"wp-block-heading\"><strong>Unsere Top-Produkte:<\/strong><\/h3>\n\n\n\n<ul class=\"wp-block-list\">\n<li><a href=\"https:\/\/wordpress.hak-steyr.at\/piraty\/kaffee\/kaffee-nr-4\/\" data-type=\"page\" data-id=\"2168\">Arabica Gold<\/a><\/li>\n\n\n\n<li><a href=\"https:\/\/wordpress.hak-steyr.at\/piraty\/kaffee\/mr-mrs-bean\/\" data-type=\"page\" data-id=\"27\">Aroma Light<\/a><\/li>\n\n\n\n<li><a href=\"https:\/\/wordpress.hak-steyr.at\/piraty\/kaffee\/mr-mrs-blend\/\" data-type=\"page\" data-id=\"32\">Decaf Dream<\/a><\/li>\n<\/ul>\n<\/div>\n\n\n\n<div class=\"wp-block-column is-layout-flow wp-block-column-is-layout-flow\" style=\"flex-basis:33.33%\">\n<figure class=\"wp-block-image size-full\"><a href=\"https:\/\/wordpress.hak-steyr.at\/piraty\/wp-content\/uploads\/2025\/10\/Arabica_Gold.jpg\"><img loading=\"lazy\" decoding=\"async\" width=\"1166\" height=\"1675\" src=\"https:\/\/wordpress.hak-steyr.at\/piraty\/wp-content\/uploads\/2025\/10\/Arabica_Gold.jpg\" alt=\"\" class=\"wp-image-2636\" srcset=\"https:\/\/wordpress.hak-steyr.at\/piraty\/wp-content\/uploads\/2025\/10\/Arabica_Gold.jpg 1166w, https:\/\/wordpress.hak-steyr.at\/piraty\/wp-content\/uploads\/2025\/10\/Arabica_Gold-209x300.jpg 209w, https:\/\/wordpress.hak-steyr.at\/piraty\/wp-content\/uploads\/2025\/10\/Arabica_Gold-713x1024.jpg 713w, https:\/\/wordpress.hak-steyr.at\/piraty\/wp-content\/uploads\/2025\/10\/Arabica_Gold-768x1103.jpg 768w, https:\/\/wordpress.hak-steyr.at\/piraty\/wp-content\/uploads\/2025\/10\/Arabica_Gold-1069x1536.jpg 1069w\" sizes=\"auto, (max-width: 1166px) 100vw, 1166px\" \/><\/a><\/figure>\n<\/div>\n<\/div>\n\n\n\n<p><\/p>\n","protected":false},"excerpt":{"rendered":"<p>Unser Arabica-Kaffee bietet Ihnen ein unvergessliches Kaffee Erlebnis. Sie k\u00f6nnen eine mit Qualit\u00e4t verpackte Bestellung erwarten. Wir freuen uns Ihnen eine Freude mit unseren Produkten machen zu k\u00f6nnen. Unsere Top-Produkte:<\/p>\n","protected":false},"author":6,"featured_media":0,"parent":0,"menu_order":0,"comment_status":"closed","ping_status":"closed","template":"","meta":{"footnotes":""},"class_list":["post-13","page","type-page","status-publish","hentry"],"_links":{"self":[{"href":"https:\/\/wordpress.hak-steyr.at\/piraty\/wp-json\/wp\/v2\/pages\/13","targetHints":{"allow":["GET"]}}],"collection":[{"href":"https:\/\/wordpress.hak-steyr.at\/piraty\/wp-json\/wp\/v2\/pages"}],"about":[{"href":"https:\/\/wordpress.hak-steyr.at\/piraty\/wp-json\/wp\/v2\/types\/page"}],"author":[{"embeddable":true,"href":"https:\/\/wordpress.hak-steyr.at\/piraty\/wp-json\/wp\/v2\/users\/6"}],"replies":[{"embeddable":true,"href":"https:\/\/wordpress.hak-steyr.at\/piraty\/wp-json\/wp\/v2\/comments?post=13"}],"version-history":[{"count":74,"href":"https:\/\/wordpress.hak-steyr.at\/piraty\/wp-json\/wp\/v2\/pages\/13\/revisions"}],"predecessor-version":[{"id":2735,"href":"https:\/\/wordpress.hak-steyr.at\/piraty\/wp-json\/wp\/v2\/pages\/13\/revisions\/2735"}],"wp:attachment":[{"href":"https:\/\/wordpress.hak-steyr.at\/piraty\/wp-json\/wp\/v2\/media?parent=13"}],"curies":[{"name":"wp","href":"https:\/\/api.w.org\/{rel}","templated":true}]}}