{"id":142,"date":"2013-10-28T16:45:39","date_gmt":"2013-10-28T14:45:39","guid":{"rendered":"http:\/\/wordpress.hak-steyr.at\/piraty\/?page_id=142"},"modified":"2025-10-03T10:59:46","modified_gmt":"2025-10-03T08:59:46","slug":"weiser-tee","status":"publish","type":"page","link":"https:\/\/wordpress.hak-steyr.at\/piraty\/tee\/weiser-tee\/","title":{"rendered":"Osman Kr\u00e4utertee"},"content":{"rendered":"\n<p>&nbsp;<\/p>\n\n\n<div class=\"wp-block-image\">\n<figure class=\"alignleft size-large is-resized\"><img loading=\"lazy\" decoding=\"async\" width=\"795\" height=\"1024\" src=\"https:\/\/wordpress.hak-steyr.at\/piraty\/wp-content\/uploads\/2025\/10\/20250926081145_001-795x1024.jpg\" alt=\"\" class=\"wp-image-2573\" style=\"aspect-ratio:0.875;width:271px;height:auto\" srcset=\"https:\/\/wordpress.hak-steyr.at\/piraty\/wp-content\/uploads\/2025\/10\/20250926081145_001-795x1024.jpg 795w, https:\/\/wordpress.hak-steyr.at\/piraty\/wp-content\/uploads\/2025\/10\/20250926081145_001-233x300.jpg 233w, https:\/\/wordpress.hak-steyr.at\/piraty\/wp-content\/uploads\/2025\/10\/20250926081145_001-768x990.jpg 768w, https:\/\/wordpress.hak-steyr.at\/piraty\/wp-content\/uploads\/2025\/10\/20250926081145_001-1192x1536.jpg 1192w, https:\/\/wordpress.hak-steyr.at\/piraty\/wp-content\/uploads\/2025\/10\/20250926081145_001.jpg 1581w\" sizes=\"auto, (max-width: 795px) 100vw, 795px\" \/><\/figure><\/div>\n\n\n<p><strong>Verpackungsgr\u00f6\u00dfe:<\/strong> 500 g<br><strong>Inhaltsstoffe:<\/strong> Kr\u00e4utertee, Zitronenaroma<br><strong>Preis:<\/strong> 13,00 \u20ac (exkl. 10% USt)<\/p>\n\n\n\n<p><strong>Herkunft:<\/strong> T\u00fcrkei<\/p>\n\n\n\n<p>Unsere feinen Kr\u00e4utertees vereinen sorgf\u00e4ltig ausgew\u00e4hlte Bl\u00fcten, Bl\u00e4tter und Gew\u00fcrze aus der T\u00fcrkei. Sie sind nicht nur ein aromatischer Genuss, sondern auch ein wohltuendes Erlebnis f\u00fcr K\u00f6rper und Geist. Mild, bek\u00f6mmlich und koffeinfrei \u2013 ideal f\u00fcr entspannte Momente zu jeder Tageszeit.<\/p>\n\n\n\n<p><\/p>\n","protected":false},"excerpt":{"rendered":"<p>&nbsp; Verpackungsgr\u00f6\u00dfe: 500 gInhaltsstoffe: Kr\u00e4utertee, ZitronenaromaPreis: 13,00 \u20ac (exkl. 10% USt) Herkunft: T\u00fcrkei Unsere feinen Kr\u00e4utertees vereinen sorgf\u00e4ltig ausgew\u00e4hlte Bl\u00fcten, Bl\u00e4tter und Gew\u00fcrze aus der T\u00fcrkei. Sie sind nicht nur ein aromatischer Genuss, sondern auch ein wohltuendes Erlebnis f\u00fcr K\u00f6rper und Geist. Mild, bek\u00f6mmlich und koffeinfrei \u2013 ideal f\u00fcr entspannte Momente zu jeder Tageszeit.<\/p>\n","protected":false},"author":3,"featured_media":0,"parent":22,"menu_order":0,"comment_status":"closed","ping_status":"closed","template":"","meta":{"footnotes":""},"class_list":["post-142","page","type-page","status-publish","hentry"],"_links":{"self":[{"href":"https:\/\/wordpress.hak-steyr.at\/piraty\/wp-json\/wp\/v2\/pages\/142","targetHints":{"allow":["GET"]}}],"collection":[{"href":"https:\/\/wordpress.hak-steyr.at\/piraty\/wp-json\/wp\/v2\/pages"}],"about":[{"href":"https:\/\/wordpress.hak-steyr.at\/piraty\/wp-json\/wp\/v2\/types\/page"}],"author":[{"embeddable":true,"href":"https:\/\/wordpress.hak-steyr.at\/piraty\/wp-json\/wp\/v2\/users\/3"}],"replies":[{"embeddable":true,"href":"https:\/\/wordpress.hak-steyr.at\/piraty\/wp-json\/wp\/v2\/comments?post=142"}],"version-history":[{"count":55,"href":"https:\/\/wordpress.hak-steyr.at\/piraty\/wp-json\/wp\/v2\/pages\/142\/revisions"}],"predecessor-version":[{"id":2714,"href":"https:\/\/wordpress.hak-steyr.at\/piraty\/wp-json\/wp\/v2\/pages\/142\/revisions\/2714"}],"up":[{"embeddable":true,"href":"https:\/\/wordpress.hak-steyr.at\/piraty\/wp-json\/wp\/v2\/pages\/22"}],"wp:attachment":[{"href":"https:\/\/wordpress.hak-steyr.at\/piraty\/wp-json\/wp\/v2\/media?parent=142"}],"curies":[{"name":"wp","href":"https:\/\/api.w.org\/{rel}","templated":true}]}}