{"id":165,"date":"2013-10-28T16:51:29","date_gmt":"2013-10-28T14:51:29","guid":{"rendered":"http:\/\/wordpress.hak-steyr.at\/piraty\/?page_id=165"},"modified":"2025-10-03T10:59:16","modified_gmt":"2025-10-03T08:59:16","slug":"oolong-tee","status":"publish","type":"page","link":"https:\/\/wordpress.hak-steyr.at\/piraty\/tee\/oolong-tee\/","title":{"rendered":"Osman Schwarztee"},"content":{"rendered":"\n<p class=\"has-text-align-left\">&nbsp;<\/p>\n\n\n<div class=\"wp-block-image\">\n<figure class=\"alignleft size-full is-resized\"><img loading=\"lazy\" decoding=\"async\" width=\"1575\" height=\"2017\" src=\"https:\/\/wordpress.hak-steyr.at\/piraty\/wp-content\/uploads\/2025\/10\/20250926081221_001.jpg\" alt=\"\" class=\"wp-image-2592\" style=\"aspect-ratio:0.706081081081081;width:234px;height:auto\" srcset=\"https:\/\/wordpress.hak-steyr.at\/piraty\/wp-content\/uploads\/2025\/10\/20250926081221_001.jpg 1575w, https:\/\/wordpress.hak-steyr.at\/piraty\/wp-content\/uploads\/2025\/10\/20250926081221_001-234x300.jpg 234w, https:\/\/wordpress.hak-steyr.at\/piraty\/wp-content\/uploads\/2025\/10\/20250926081221_001-800x1024.jpg 800w, https:\/\/wordpress.hak-steyr.at\/piraty\/wp-content\/uploads\/2025\/10\/20250926081221_001-768x984.jpg 768w, https:\/\/wordpress.hak-steyr.at\/piraty\/wp-content\/uploads\/2025\/10\/20250926081221_001-1199x1536.jpg 1199w\" sizes=\"auto, (max-width: 1575px) 100vw, 1575px\" \/><\/figure><\/div>\n\n\n<p><\/p>\n\n\n\n<p><strong>Verpackungsgr\u00f6\u00dfe:<\/strong> 500g<br><strong>Inhaltsstoffe:<\/strong> Schwarzer Tee, \u00c4tharische \u00d6le, Koffein<br><strong>Preis:<\/strong> 13,00\u20ac (exkl. 10% USt)<\/p>\n\n\n\n<p><strong>Herkunft:<\/strong> T\u00fcrkei<\/p>\n\n\n\n<p class=\"Formatvorlage2\">Unser original t\u00fcrkischer Schwarztee besticht durch sein kr\u00e4ftiges, vollmundiges Aroma und eine leuchtend rubinrote Farbe. Er wird traditionell im Samowar aufgebr\u00fcht und in zarten Teegl\u00e4sern serviert \u2013 ein Symbol echter t\u00fcrkischer Gastfreundschaft. Ob morgens zum Fr\u00fchst\u00fcck oder nach dem Essen: Dieser Tee ist ein St\u00fcck Kulturgenuss aus der T\u00fcrkei.<\/p>\n\n\n\n<p><\/p>\n\n\n\n<p><\/p>\n\n\n\n<p><\/p>\n\n\n\n<p><\/p>\n","protected":false},"excerpt":{"rendered":"<p>&nbsp; Verpackungsgr\u00f6\u00dfe: 500gInhaltsstoffe: Schwarzer Tee, \u00c4tharische \u00d6le, KoffeinPreis: 13,00\u20ac (exkl. 10% USt) Herkunft: T\u00fcrkei Unser original t\u00fcrkischer Schwarztee besticht durch sein kr\u00e4ftiges, vollmundiges Aroma und eine leuchtend rubinrote Farbe. Er wird traditionell im Samowar aufgebr\u00fcht und in zarten Teegl\u00e4sern serviert \u2013 ein Symbol echter t\u00fcrkischer Gastfreundschaft. Ob morgens zum Fr\u00fchst\u00fcck oder nach dem Essen: Dieser &hellip; <a href=\"https:\/\/wordpress.hak-steyr.at\/piraty\/tee\/oolong-tee\/\" class=\"more-link\"><span class=\"screen-reader-text\">Osman Schwarztee<\/span> weiterlesen <span class=\"meta-nav\">&rarr;<\/span><\/a><\/p>\n","protected":false},"author":3,"featured_media":0,"parent":22,"menu_order":0,"comment_status":"closed","ping_status":"closed","template":"","meta":{"footnotes":""},"class_list":["post-165","page","type-page","status-publish","hentry"],"_links":{"self":[{"href":"https:\/\/wordpress.hak-steyr.at\/piraty\/wp-json\/wp\/v2\/pages\/165","targetHints":{"allow":["GET"]}}],"collection":[{"href":"https:\/\/wordpress.hak-steyr.at\/piraty\/wp-json\/wp\/v2\/pages"}],"about":[{"href":"https:\/\/wordpress.hak-steyr.at\/piraty\/wp-json\/wp\/v2\/types\/page"}],"author":[{"embeddable":true,"href":"https:\/\/wordpress.hak-steyr.at\/piraty\/wp-json\/wp\/v2\/users\/3"}],"replies":[{"embeddable":true,"href":"https:\/\/wordpress.hak-steyr.at\/piraty\/wp-json\/wp\/v2\/comments?post=165"}],"version-history":[{"count":66,"href":"https:\/\/wordpress.hak-steyr.at\/piraty\/wp-json\/wp\/v2\/pages\/165\/revisions"}],"predecessor-version":[{"id":2712,"href":"https:\/\/wordpress.hak-steyr.at\/piraty\/wp-json\/wp\/v2\/pages\/165\/revisions\/2712"}],"up":[{"embeddable":true,"href":"https:\/\/wordpress.hak-steyr.at\/piraty\/wp-json\/wp\/v2\/pages\/22"}],"wp:attachment":[{"href":"https:\/\/wordpress.hak-steyr.at\/piraty\/wp-json\/wp\/v2\/media?parent=165"}],"curies":[{"name":"wp","href":"https:\/\/api.w.org\/{rel}","templated":true}]}}