{"id":1752,"date":"2021-03-19T11:23:12","date_gmt":"2021-03-19T09:23:12","guid":{"rendered":"https:\/\/wordpress.hak-steyr.at\/piraty\/?page_id=1752"},"modified":"2025-10-03T10:59:30","modified_gmt":"2025-10-03T08:59:30","slug":"orange-dragon","status":"publish","type":"page","link":"https:\/\/wordpress.hak-steyr.at\/piraty\/tee\/orange-dragon\/","title":{"rendered":"Osman Pfefferminztee"},"content":{"rendered":"<div class=\"wp-block-image\">\n<figure class=\"alignleft size-large is-resized\"><a href=\"https:\/\/wordpress.hak-steyr.at\/piraty\/wp-content\/uploads\/2025\/10\/20250926081250_001.jpg\"><img loading=\"lazy\" decoding=\"async\" width=\"818\" height=\"1024\" src=\"https:\/\/wordpress.hak-steyr.at\/piraty\/wp-content\/uploads\/2025\/10\/20250926081250_001-818x1024.jpg\" alt=\"\" class=\"wp-image-2594\" style=\"aspect-ratio:0.8604651162790697;width:272px;height:auto\" srcset=\"https:\/\/wordpress.hak-steyr.at\/piraty\/wp-content\/uploads\/2025\/10\/20250926081250_001-818x1024.jpg 818w, https:\/\/wordpress.hak-steyr.at\/piraty\/wp-content\/uploads\/2025\/10\/20250926081250_001-240x300.jpg 240w, https:\/\/wordpress.hak-steyr.at\/piraty\/wp-content\/uploads\/2025\/10\/20250926081250_001-768x962.jpg 768w, https:\/\/wordpress.hak-steyr.at\/piraty\/wp-content\/uploads\/2025\/10\/20250926081250_001-1227x1536.jpg 1227w, https:\/\/wordpress.hak-steyr.at\/piraty\/wp-content\/uploads\/2025\/10\/20250926081250_001.jpg 1613w\" sizes=\"auto, (max-width: 818px) 100vw, 818px\" \/><\/a><\/figure><\/div>\n\n\n<p><\/p>\n\n\n\n<p class=\"has-text-align-left\"><strong>Verpackungsgr\u00f6\u00dfe:<\/strong> 500 g<br><strong>Inhaltsstoffe:<\/strong> Pfefferminz, Menthol<br><strong>Preis:<\/strong> 13,00 \u20ac (exkl. 10% USt)<\/p>\n\n\n\n<p class=\"has-text-align-left\"><strong>Herkunft:<\/strong> T\u00fcrkei<\/p>\n\n\n\n<p>Frisch, klar und belebend: Unser t\u00fcrkischer Pfefferminztee \u00fcberzeugt mit intensivem Minzaroma und nat\u00fcrlicher Frische. Er wirkt erfrischend im Sommer und wohltuend nach einem \u00fcppigen Essen. Ein authentischer Kr\u00e4utertee, der traditionelle Teekultur mit moderner Leichtigkeit verbindet.Vitaminen.<\/p>\n\n\n\n<p><\/p>\n\n\n\n<p><\/p>\n\n\n\n<p><\/p>\n","protected":false},"excerpt":{"rendered":"<p>Verpackungsgr\u00f6\u00dfe: 500 gInhaltsstoffe: Pfefferminz, MentholPreis: 13,00 \u20ac (exkl. 10% USt) Herkunft: T\u00fcrkei Frisch, klar und belebend: Unser t\u00fcrkischer Pfefferminztee \u00fcberzeugt mit intensivem Minzaroma und nat\u00fcrlicher Frische. Er wirkt erfrischend im Sommer und wohltuend nach einem \u00fcppigen Essen. Ein authentischer Kr\u00e4utertee, der traditionelle Teekultur mit moderner Leichtigkeit verbindet.Vitaminen.<\/p>\n","protected":false},"author":3,"featured_media":0,"parent":22,"menu_order":0,"comment_status":"closed","ping_status":"closed","template":"","meta":{"footnotes":""},"class_list":["post-1752","page","type-page","status-publish","hentry"],"_links":{"self":[{"href":"https:\/\/wordpress.hak-steyr.at\/piraty\/wp-json\/wp\/v2\/pages\/1752","targetHints":{"allow":["GET"]}}],"collection":[{"href":"https:\/\/wordpress.hak-steyr.at\/piraty\/wp-json\/wp\/v2\/pages"}],"about":[{"href":"https:\/\/wordpress.hak-steyr.at\/piraty\/wp-json\/wp\/v2\/types\/page"}],"author":[{"embeddable":true,"href":"https:\/\/wordpress.hak-steyr.at\/piraty\/wp-json\/wp\/v2\/users\/3"}],"replies":[{"embeddable":true,"href":"https:\/\/wordpress.hak-steyr.at\/piraty\/wp-json\/wp\/v2\/comments?post=1752"}],"version-history":[{"count":11,"href":"https:\/\/wordpress.hak-steyr.at\/piraty\/wp-json\/wp\/v2\/pages\/1752\/revisions"}],"predecessor-version":[{"id":2713,"href":"https:\/\/wordpress.hak-steyr.at\/piraty\/wp-json\/wp\/v2\/pages\/1752\/revisions\/2713"}],"up":[{"embeddable":true,"href":"https:\/\/wordpress.hak-steyr.at\/piraty\/wp-json\/wp\/v2\/pages\/22"}],"wp:attachment":[{"href":"https:\/\/wordpress.hak-steyr.at\/piraty\/wp-json\/wp\/v2\/media?parent=1752"}],"curies":[{"name":"wp","href":"https:\/\/api.w.org\/{rel}","templated":true}]}}