{"id":1753,"date":"2021-03-19T11:23:12","date_gmt":"2021-03-19T09:23:12","guid":{"rendered":"https:\/\/wordpress.hak-steyr.at\/piraty\/?page_id=1753"},"modified":"2025-10-03T09:18:44","modified_gmt":"2025-10-03T07:18:44","slug":"neugewuerz","status":"publish","type":"page","link":"https:\/\/wordpress.hak-steyr.at\/piraty\/gewuerze\/neugewuerz\/","title":{"rendered":"Paprika Edels\u00fc\u00df"},"content":{"rendered":"<div class=\"wp-block-image\">\n<figure class=\"alignleft size-large is-resized\"><a href=\"https:\/\/wordpress.hak-steyr.at\/piraty\/wp-content\/uploads\/2025\/10\/20250919110732_001.jpg\"><img loading=\"lazy\" decoding=\"async\" width=\"749\" height=\"1024\" src=\"https:\/\/wordpress.hak-steyr.at\/piraty\/wp-content\/uploads\/2025\/10\/20250919110732_001-749x1024.jpg\" alt=\"\" class=\"wp-image-2595\" style=\"aspect-ratio:0.5712890625;width:200px;height:auto\" srcset=\"https:\/\/wordpress.hak-steyr.at\/piraty\/wp-content\/uploads\/2025\/10\/20250919110732_001-749x1024.jpg 749w, https:\/\/wordpress.hak-steyr.at\/piraty\/wp-content\/uploads\/2025\/10\/20250919110732_001-220x300.jpg 220w, https:\/\/wordpress.hak-steyr.at\/piraty\/wp-content\/uploads\/2025\/10\/20250919110732_001-768x1050.jpg 768w, https:\/\/wordpress.hak-steyr.at\/piraty\/wp-content\/uploads\/2025\/10\/20250919110732_001-1124x1536.jpg 1124w, https:\/\/wordpress.hak-steyr.at\/piraty\/wp-content\/uploads\/2025\/10\/20250919110732_001.jpg 1320w\" sizes=\"auto, (max-width: 749px) 100vw, 749px\" \/><\/a><\/figure><\/div>\n\n\n<p><\/p>\n\n\n\n<p><strong>Preis:<\/strong> EUR 3.00  (exkl. 10 % USt.)<br><strong>Inhaltsstoffe<\/strong>: Paprika, Pfeffer, Rosmarin, Knoblauch<br><strong>Gewicht:<\/strong> 50 g \/ pro Packung<br><strong>Herkunft:<\/strong> Nord Amerika<\/p>\n\n\n\n<p>Edels\u00fc\u00dfe Paprika \u2013 die perfekte Wahl f\u00fcr alle, die den einzigartigen Geschmack der Sonne in ihre K\u00fcche holen wollen! Diese Paprika begeistert durch ihre intensiv s\u00fc\u00dfe Note, die keinerlei Bitterkeit aufweist. Sie eignet sich nicht nur ideal f\u00fcr Salate, sondern verleiht auch Saucen, Suppen und sogar Fleischgerichten eine besondere, harmonische S\u00fc\u00dfe.<\/p>\n\n\n\n<p><\/p>\n","protected":false},"excerpt":{"rendered":"<p>Preis: EUR 3.00 (exkl. 10 % USt.)Inhaltsstoffe: Paprika, Pfeffer, Rosmarin, KnoblauchGewicht: 50 g \/ pro PackungHerkunft: Nord Amerika Edels\u00fc\u00dfe Paprika \u2013 die perfekte Wahl f\u00fcr alle, die den einzigartigen Geschmack der Sonne in ihre K\u00fcche holen wollen! Diese Paprika begeistert durch ihre intensiv s\u00fc\u00dfe Note, die keinerlei Bitterkeit aufweist. Sie eignet sich nicht nur ideal &hellip; <a href=\"https:\/\/wordpress.hak-steyr.at\/piraty\/gewuerze\/neugewuerz\/\" class=\"more-link\"><span class=\"screen-reader-text\">Paprika Edels\u00fc\u00df<\/span> weiterlesen <span class=\"meta-nav\">&rarr;<\/span><\/a><\/p>\n","protected":false},"author":8,"featured_media":0,"parent":878,"menu_order":0,"comment_status":"closed","ping_status":"closed","template":"","meta":{"footnotes":""},"class_list":["post-1753","page","type-page","status-publish","hentry"],"_links":{"self":[{"href":"https:\/\/wordpress.hak-steyr.at\/piraty\/wp-json\/wp\/v2\/pages\/1753","targetHints":{"allow":["GET"]}}],"collection":[{"href":"https:\/\/wordpress.hak-steyr.at\/piraty\/wp-json\/wp\/v2\/pages"}],"about":[{"href":"https:\/\/wordpress.hak-steyr.at\/piraty\/wp-json\/wp\/v2\/types\/page"}],"author":[{"embeddable":true,"href":"https:\/\/wordpress.hak-steyr.at\/piraty\/wp-json\/wp\/v2\/users\/8"}],"replies":[{"embeddable":true,"href":"https:\/\/wordpress.hak-steyr.at\/piraty\/wp-json\/wp\/v2\/comments?post=1753"}],"version-history":[{"count":20,"href":"https:\/\/wordpress.hak-steyr.at\/piraty\/wp-json\/wp\/v2\/pages\/1753\/revisions"}],"predecessor-version":[{"id":2647,"href":"https:\/\/wordpress.hak-steyr.at\/piraty\/wp-json\/wp\/v2\/pages\/1753\/revisions\/2647"}],"up":[{"embeddable":true,"href":"https:\/\/wordpress.hak-steyr.at\/piraty\/wp-json\/wp\/v2\/pages\/878"}],"wp:attachment":[{"href":"https:\/\/wordpress.hak-steyr.at\/piraty\/wp-json\/wp\/v2\/media?parent=1753"}],"curies":[{"name":"wp","href":"https:\/\/api.w.org\/{rel}","templated":true}]}}