{"id":1880,"date":"2021-10-08T10:51:44","date_gmt":"2021-10-08T08:51:44","guid":{"rendered":"https:\/\/wordpress.hak-steyr.at\/piraty\/?page_id=1880"},"modified":"2025-10-03T11:04:34","modified_gmt":"2025-10-03T09:04:34","slug":"black-pearl-pistazie","status":"publish","type":"page","link":"https:\/\/wordpress.hak-steyr.at\/piraty\/schokolade-2\/black-pearl-pistazie\/","title":{"rendered":"Vollmilchschoko"},"content":{"rendered":"<div class=\"wp-block-image\">\n<figure class=\"alignleft size-full is-resized\"><a href=\"https:\/\/wordpress.hak-steyr.at\/piraty\/wp-content\/uploads\/2025\/10\/Bild1.jpg\"><img loading=\"lazy\" decoding=\"async\" width=\"314\" height=\"381\" src=\"https:\/\/wordpress.hak-steyr.at\/piraty\/wp-content\/uploads\/2025\/10\/Bild1.jpg\" alt=\"\" class=\"wp-image-2633\" style=\"width:250px;height:undefinedpx\" srcset=\"https:\/\/wordpress.hak-steyr.at\/piraty\/wp-content\/uploads\/2025\/10\/Bild1.jpg 314w, https:\/\/wordpress.hak-steyr.at\/piraty\/wp-content\/uploads\/2025\/10\/Bild1-247x300.jpg 247w\" sizes=\"auto, (max-width: 314px) 100vw, 314px\" \/><\/a><\/figure><\/div>\n\n\n<p><strong>Preis: <\/strong>3,00 \u20ac <em>(exkl. 10 %USt.)<\/em><br><strong>Gewicht: <\/strong>100 g<br><strong>Herkunft:<\/strong> Peru<\/p>\n\n\n\n<p>Peruanische Vollmilchschokolade ist besonders cremig und hat einen ausgewogenen, s\u00fc\u00dfen Geschmack Der Kakao aus Peru sorgt f\u00fcr einen feinen, aromatischen Genuss.<\/p>\n","protected":false},"excerpt":{"rendered":"<p>Preis: 3,00 \u20ac (exkl. 10 %USt.)Gewicht: 100 gHerkunft: Peru Peruanische Vollmilchschokolade ist besonders cremig und hat einen ausgewogenen, s\u00fc\u00dfen Geschmack Der Kakao aus Peru sorgt f\u00fcr einen feinen, aromatischen Genuss.<\/p>\n","protected":false},"author":4,"featured_media":0,"parent":424,"menu_order":0,"comment_status":"closed","ping_status":"closed","template":"","meta":{"footnotes":""},"class_list":["post-1880","page","type-page","status-publish","hentry"],"_links":{"self":[{"href":"https:\/\/wordpress.hak-steyr.at\/piraty\/wp-json\/wp\/v2\/pages\/1880","targetHints":{"allow":["GET"]}}],"collection":[{"href":"https:\/\/wordpress.hak-steyr.at\/piraty\/wp-json\/wp\/v2\/pages"}],"about":[{"href":"https:\/\/wordpress.hak-steyr.at\/piraty\/wp-json\/wp\/v2\/types\/page"}],"author":[{"embeddable":true,"href":"https:\/\/wordpress.hak-steyr.at\/piraty\/wp-json\/wp\/v2\/users\/4"}],"replies":[{"embeddable":true,"href":"https:\/\/wordpress.hak-steyr.at\/piraty\/wp-json\/wp\/v2\/comments?post=1880"}],"version-history":[{"count":19,"href":"https:\/\/wordpress.hak-steyr.at\/piraty\/wp-json\/wp\/v2\/pages\/1880\/revisions"}],"predecessor-version":[{"id":2721,"href":"https:\/\/wordpress.hak-steyr.at\/piraty\/wp-json\/wp\/v2\/pages\/1880\/revisions\/2721"}],"up":[{"embeddable":true,"href":"https:\/\/wordpress.hak-steyr.at\/piraty\/wp-json\/wp\/v2\/pages\/424"}],"wp:attachment":[{"href":"https:\/\/wordpress.hak-steyr.at\/piraty\/wp-json\/wp\/v2\/media?parent=1880"}],"curies":[{"name":"wp","href":"https:\/\/api.w.org\/{rel}","templated":true}]}}