{"id":2168,"date":"2023-10-03T10:17:47","date_gmt":"2023-10-03T08:17:47","guid":{"rendered":"https:\/\/wordpress.hak-steyr.at\/piraty\/?page_id=2168"},"modified":"2025-10-03T11:00:38","modified_gmt":"2025-10-03T09:00:38","slug":"kaffee-nr-4","status":"publish","type":"page","link":"https:\/\/wordpress.hak-steyr.at\/piraty\/kaffee\/kaffee-nr-4\/","title":{"rendered":"Arabica Gold"},"content":{"rendered":"<div class=\"wp-block-image\">\n<figure class=\"alignleft size-medium\"><a href=\"https:\/\/wordpress.hak-steyr.at\/piraty\/wp-content\/uploads\/2025\/10\/Arabica_Gold.jpg\"><img loading=\"lazy\" decoding=\"async\" width=\"209\" height=\"300\" src=\"https:\/\/wordpress.hak-steyr.at\/piraty\/wp-content\/uploads\/2025\/10\/Arabica_Gold-209x300.jpg\" alt=\"\" class=\"wp-image-2636\" srcset=\"https:\/\/wordpress.hak-steyr.at\/piraty\/wp-content\/uploads\/2025\/10\/Arabica_Gold-209x300.jpg 209w, https:\/\/wordpress.hak-steyr.at\/piraty\/wp-content\/uploads\/2025\/10\/Arabica_Gold-713x1024.jpg 713w, https:\/\/wordpress.hak-steyr.at\/piraty\/wp-content\/uploads\/2025\/10\/Arabica_Gold-768x1103.jpg 768w, https:\/\/wordpress.hak-steyr.at\/piraty\/wp-content\/uploads\/2025\/10\/Arabica_Gold-1069x1536.jpg 1069w, https:\/\/wordpress.hak-steyr.at\/piraty\/wp-content\/uploads\/2025\/10\/Arabica_Gold.jpg 1166w\" sizes=\"auto, (max-width: 209px) 100vw, 209px\" \/><\/a><\/figure><\/div>\n\n\n<p><strong>Inhaltsstoffe: <\/strong><br>100 % Arabica-Bohnen<br><strong>Preis (exkl. 20% USt): <\/strong><br>11,00 \u20ac<br><strong>Gewicht: <\/strong><br>500 g<br><strong>Herkunft: <\/strong><br>\u00c4thiopien<\/p>\n\n\n\n<p class=\"has-small-font-size\">Arabica Gold besteht aus 100% Arabica-bohnen und bietet einen milden, aromatischen&nbsp;Geschmack. Er hat weniger Koffein als andere Kaffeesorten und schmeckt fruchtig und blumig. Unser Kaffee ist besonders hochwertig und wird in h\u00f6heren Lagen angebaut, was ihn zu einer beliebten Wahl f\u00fcr Kaffee-Liebhaber macht. Ideal f\u00fcr einen sanften, leckeren Kaffeegenuss.<\/p>\n\n\n\n<p><\/p>\n","protected":false},"excerpt":{"rendered":"<p>Inhaltsstoffe: 100 % Arabica-BohnenPreis (exkl. 20% USt): 11,00 \u20acGewicht: 500 gHerkunft: \u00c4thiopien Arabica Gold besteht aus 100% Arabica-bohnen und bietet einen milden, aromatischen&nbsp;Geschmack. Er hat weniger Koffein als andere Kaffeesorten und schmeckt fruchtig und blumig. Unser Kaffee ist besonders hochwertig und wird in h\u00f6heren Lagen angebaut, was ihn zu einer beliebten Wahl f\u00fcr Kaffee-Liebhaber macht. &hellip; <a href=\"https:\/\/wordpress.hak-steyr.at\/piraty\/kaffee\/kaffee-nr-4\/\" class=\"more-link\"><span class=\"screen-reader-text\">Arabica Gold<\/span> weiterlesen <span class=\"meta-nav\">&rarr;<\/span><\/a><\/p>\n","protected":false},"author":2,"featured_media":0,"parent":13,"menu_order":0,"comment_status":"closed","ping_status":"closed","template":"","meta":{"footnotes":""},"class_list":["post-2168","page","type-page","status-publish","hentry"],"_links":{"self":[{"href":"https:\/\/wordpress.hak-steyr.at\/piraty\/wp-json\/wp\/v2\/pages\/2168","targetHints":{"allow":["GET"]}}],"collection":[{"href":"https:\/\/wordpress.hak-steyr.at\/piraty\/wp-json\/wp\/v2\/pages"}],"about":[{"href":"https:\/\/wordpress.hak-steyr.at\/piraty\/wp-json\/wp\/v2\/types\/page"}],"author":[{"embeddable":true,"href":"https:\/\/wordpress.hak-steyr.at\/piraty\/wp-json\/wp\/v2\/users\/2"}],"replies":[{"embeddable":true,"href":"https:\/\/wordpress.hak-steyr.at\/piraty\/wp-json\/wp\/v2\/comments?post=2168"}],"version-history":[{"count":13,"href":"https:\/\/wordpress.hak-steyr.at\/piraty\/wp-json\/wp\/v2\/pages\/2168\/revisions"}],"predecessor-version":[{"id":2716,"href":"https:\/\/wordpress.hak-steyr.at\/piraty\/wp-json\/wp\/v2\/pages\/2168\/revisions\/2716"}],"up":[{"embeddable":true,"href":"https:\/\/wordpress.hak-steyr.at\/piraty\/wp-json\/wp\/v2\/pages\/13"}],"wp:attachment":[{"href":"https:\/\/wordpress.hak-steyr.at\/piraty\/wp-json\/wp\/v2\/media?parent=2168"}],"curies":[{"name":"wp","href":"https:\/\/api.w.org\/{rel}","templated":true}]}}