{"id":22,"date":"2013-10-28T15:07:02","date_gmt":"2013-10-28T13:07:02","guid":{"rendered":"http:\/\/wordpress.hak-steyr.at\/piraty\/?page_id=22"},"modified":"2025-10-03T10:02:37","modified_gmt":"2025-10-03T08:02:37","slug":"tee","status":"publish","type":"page","link":"https:\/\/wordpress.hak-steyr.at\/piraty\/tee\/","title":{"rendered":"Tee"},"content":{"rendered":"\n<p>Ihnen werden drei neue Osman Cay Tee-Sorten mit Zutaten aus der T\u00fcrkei angeboten. Jede Geschmacksrichtung vers\u00fc\u00dft Ihnen den Tag.<\/p>\n\n\n\n<p>Also, starten Sie den Morgen mit einem Osman Cay.<\/p>\n\n\n\n<h2 class=\"wp-block-heading\">Piratys Teeangebote<a href=\"https:\/\/wordpress.hak-steyr.at\/piraty\/wp-content\/uploads\/2018\/10\/KAFFEE_LOGO.png\"><img loading=\"lazy\" decoding=\"async\" class=\"alignright size-medium wp-image-1415\" src=\"https:\/\/wordpress.hak-steyr.at\/piraty\/wp-content\/uploads\/2018\/10\/KAFFEE_LOGO-239x300.png\" alt=\"\" width=\"239\" height=\"300\" srcset=\"https:\/\/wordpress.hak-steyr.at\/piraty\/wp-content\/uploads\/2018\/10\/KAFFEE_LOGO-239x300.png 239w, https:\/\/wordpress.hak-steyr.at\/piraty\/wp-content\/uploads\/2018\/10\/KAFFEE_LOGO.png 359w\" sizes=\"auto, (max-width: 239px) 100vw, 239px\" \/><\/a><\/h2>\n\n\n\n<blockquote class=\"wp-block-quote is-layout-flow wp-block-quote-is-layout-flow\">\n<ul class=\"wp-block-list\">\n<li><a href=\"https:\/\/wordpress.hak-steyr.at\/piraty\/tee\/oolong-tee\/\" data-type=\"page\" data-id=\"165\">Osman Schwarztee<\/a><\/li>\n\n\n\n<li><a href=\"https:\/\/wordpress.hak-steyr.at\/piraty\/tee\/orange-dragon\/\" data-type=\"page\" data-id=\"1752\">Osman Pfefferminztee<\/a><\/li>\n\n\n\n<li><a href=\"https:\/\/wordpress.hak-steyr.at\/piraty\/tee\/weiser-tee\/\" data-type=\"page\" data-id=\"142\">Osman Kr\u00e4utertee<\/a><\/li>\n<\/ul>\n<\/blockquote>\n\n\n\n<p><\/p>\n","protected":false},"excerpt":{"rendered":"<p>Ihnen werden drei neue Osman Cay Tee-Sorten mit Zutaten aus der T\u00fcrkei angeboten. Jede Geschmacksrichtung vers\u00fc\u00dft Ihnen den Tag. Also, starten Sie den Morgen mit einem Osman Cay. Piratys Teeangebote<\/p>\n","protected":false},"author":3,"featured_media":0,"parent":0,"menu_order":0,"comment_status":"closed","ping_status":"closed","template":"","meta":{"footnotes":""},"class_list":["post-22","page","type-page","status-publish","hentry"],"_links":{"self":[{"href":"https:\/\/wordpress.hak-steyr.at\/piraty\/wp-json\/wp\/v2\/pages\/22","targetHints":{"allow":["GET"]}}],"collection":[{"href":"https:\/\/wordpress.hak-steyr.at\/piraty\/wp-json\/wp\/v2\/pages"}],"about":[{"href":"https:\/\/wordpress.hak-steyr.at\/piraty\/wp-json\/wp\/v2\/types\/page"}],"author":[{"embeddable":true,"href":"https:\/\/wordpress.hak-steyr.at\/piraty\/wp-json\/wp\/v2\/users\/3"}],"replies":[{"embeddable":true,"href":"https:\/\/wordpress.hak-steyr.at\/piraty\/wp-json\/wp\/v2\/comments?post=22"}],"version-history":[{"count":68,"href":"https:\/\/wordpress.hak-steyr.at\/piraty\/wp-json\/wp\/v2\/pages\/22\/revisions"}],"predecessor-version":[{"id":2694,"href":"https:\/\/wordpress.hak-steyr.at\/piraty\/wp-json\/wp\/v2\/pages\/22\/revisions\/2694"}],"wp:attachment":[{"href":"https:\/\/wordpress.hak-steyr.at\/piraty\/wp-json\/wp\/v2\/media?parent=22"}],"curies":[{"name":"wp","href":"https:\/\/api.w.org\/{rel}","templated":true}]}}