{"id":229,"date":"2013-11-04T16:01:39","date_gmt":"2013-11-04T14:01:39","guid":{"rendered":"http:\/\/wordpress.hak-steyr.at\/piraty\/?page_id=229"},"modified":"2025-10-03T09:30:37","modified_gmt":"2025-10-03T07:30:37","slug":"crew","status":"publish","type":"page","link":"https:\/\/wordpress.hak-steyr.at\/piraty\/crew\/","title":{"rendered":"Crew"},"content":{"rendered":"\n<p>Die Crew der Piraty Kolonialwaren e.U. besteht aus 18 wagemutigen Piratinnen und Piraten der 3 BS der HAS Steyr unter dem Kommando des ber\u00fcchtigten Kapit\u00e4ns &#8222;Prof. Karl Piraty&#8220;.<\/p>\n\n\n\n<h3 class=\"wp-block-heading\"><strong>Profitcenter Trockenfr\u00fcchte<\/strong><\/h3>\n\n\n<div class=\"wp-block-image\">\n<figure class=\"aligncenter size-large\"><a href=\"https:\/\/wordpress.hak-steyr.at\/piraty\/wp-content\/uploads\/2025\/09\/fruechte.jpg\"><img loading=\"lazy\" decoding=\"async\" width=\"1024\" height=\"718\" src=\"https:\/\/wordpress.hak-steyr.at\/piraty\/wp-content\/uploads\/2025\/09\/fruechte-1024x718.jpg\" alt=\"\" class=\"wp-image-2566\" srcset=\"https:\/\/wordpress.hak-steyr.at\/piraty\/wp-content\/uploads\/2025\/09\/fruechte-1024x718.jpg 1024w, https:\/\/wordpress.hak-steyr.at\/piraty\/wp-content\/uploads\/2025\/09\/fruechte-300x210.jpg 300w, https:\/\/wordpress.hak-steyr.at\/piraty\/wp-content\/uploads\/2025\/09\/fruechte-768x539.jpg 768w, https:\/\/wordpress.hak-steyr.at\/piraty\/wp-content\/uploads\/2025\/09\/fruechte-1536x1077.jpg 1536w, https:\/\/wordpress.hak-steyr.at\/piraty\/wp-content\/uploads\/2025\/09\/fruechte.jpg 2048w\" sizes=\"auto, (max-width: 1024px) 100vw, 1024px\" \/><\/a><figcaption class=\"wp-element-caption\">Katia, Ivana, Leonita, Hana<\/figcaption><\/figure><\/div>\n\n\n<hr class=\"wp-block-separator has-css-opacity is-style-wide\"\/>\n\n\n\n<h3 class=\"wp-block-heading\">Profitcenter Tee<\/h3>\n\n\n<div class=\"wp-block-image\">\n<figure class=\"aligncenter size-large\"><a href=\"https:\/\/wordpress.hak-steyr.at\/piraty\/wp-content\/uploads\/2025\/09\/tee.jpg\"><img loading=\"lazy\" decoding=\"async\" width=\"1024\" height=\"629\" src=\"https:\/\/wordpress.hak-steyr.at\/piraty\/wp-content\/uploads\/2025\/09\/tee-1024x629.jpg\" alt=\"\" class=\"wp-image-2569\" srcset=\"https:\/\/wordpress.hak-steyr.at\/piraty\/wp-content\/uploads\/2025\/09\/tee-1024x629.jpg 1024w, https:\/\/wordpress.hak-steyr.at\/piraty\/wp-content\/uploads\/2025\/09\/tee-300x184.jpg 300w, https:\/\/wordpress.hak-steyr.at\/piraty\/wp-content\/uploads\/2025\/09\/tee-768x472.jpg 768w, https:\/\/wordpress.hak-steyr.at\/piraty\/wp-content\/uploads\/2025\/09\/tee-1536x944.jpg 1536w, https:\/\/wordpress.hak-steyr.at\/piraty\/wp-content\/uploads\/2025\/09\/tee.jpg 2048w\" sizes=\"auto, (max-width: 1024px) 100vw, 1024px\" \/><\/a><figcaption class=\"wp-element-caption\">Din, Yusuf, Misha<\/figcaption><\/figure><\/div>\n\n\n<hr class=\"wp-block-separator has-css-opacity is-style-wide\"\/>\n\n\n\n<h3 class=\"wp-block-heading\">Profitcenter Schokolade<\/h3>\n\n\n\n<figure class=\"wp-block-image size-large\"><a href=\"https:\/\/wordpress.hak-steyr.at\/piraty\/wp-content\/uploads\/2025\/09\/schoko.jpg\"><img loading=\"lazy\" decoding=\"async\" width=\"1024\" height=\"783\" src=\"https:\/\/wordpress.hak-steyr.at\/piraty\/wp-content\/uploads\/2025\/09\/schoko-1024x783.jpg\" alt=\"\" class=\"wp-image-2568\" srcset=\"https:\/\/wordpress.hak-steyr.at\/piraty\/wp-content\/uploads\/2025\/09\/schoko-1024x783.jpg 1024w, https:\/\/wordpress.hak-steyr.at\/piraty\/wp-content\/uploads\/2025\/09\/schoko-300x229.jpg 300w, https:\/\/wordpress.hak-steyr.at\/piraty\/wp-content\/uploads\/2025\/09\/schoko-768x587.jpg 768w, https:\/\/wordpress.hak-steyr.at\/piraty\/wp-content\/uploads\/2025\/09\/schoko-1536x1175.jpg 1536w, https:\/\/wordpress.hak-steyr.at\/piraty\/wp-content\/uploads\/2025\/09\/schoko.jpg 2048w\" sizes=\"auto, (max-width: 1024px) 100vw, 1024px\" \/><\/a><figcaption class=\"wp-element-caption\">Nisa, Amina, Leondrit, Safa<\/figcaption><\/figure>\n\n\n\n<hr class=\"wp-block-separator has-css-opacity is-style-wide\"\/>\n\n\n\n<h3 class=\"wp-block-heading\"><strong>Profitcenter Gew\u00fcrze<\/strong><\/h3>\n\n\n<div class=\"wp-block-image\">\n<figure class=\"aligncenter size-large\"><a href=\"https:\/\/wordpress.hak-steyr.at\/piraty\/wp-content\/uploads\/2025\/09\/gewurze.jpg\"><img loading=\"lazy\" decoding=\"async\" width=\"1024\" height=\"692\" src=\"https:\/\/wordpress.hak-steyr.at\/piraty\/wp-content\/uploads\/2025\/09\/gewurze-1024x692.jpg\" alt=\"\" class=\"wp-image-2567\" srcset=\"https:\/\/wordpress.hak-steyr.at\/piraty\/wp-content\/uploads\/2025\/09\/gewurze-1024x692.jpg 1024w, https:\/\/wordpress.hak-steyr.at\/piraty\/wp-content\/uploads\/2025\/09\/gewurze-300x203.jpg 300w, https:\/\/wordpress.hak-steyr.at\/piraty\/wp-content\/uploads\/2025\/09\/gewurze-768x519.jpg 768w, https:\/\/wordpress.hak-steyr.at\/piraty\/wp-content\/uploads\/2025\/09\/gewurze-1536x1037.jpg 1536w, https:\/\/wordpress.hak-steyr.at\/piraty\/wp-content\/uploads\/2025\/09\/gewurze.jpg 2048w\" sizes=\"auto, (max-width: 1024px) 100vw, 1024px\" \/><\/a><figcaption class=\"wp-element-caption\">Dominik, Marko, Ibrahim<\/figcaption><\/figure><\/div>\n\n\n<hr class=\"wp-block-separator has-css-opacity is-style-wide\"\/>\n\n\n\n<h3 class=\"wp-block-heading\"><strong>Profitcenter Kaffee<\/strong><\/h3>\n\n\n\n<figure class=\"wp-block-image size-large\"><a href=\"https:\/\/wordpress.hak-steyr.at\/piraty\/wp-content\/uploads\/2025\/10\/kaffee2025.jpg\"><img loading=\"lazy\" decoding=\"async\" width=\"1024\" height=\"842\" src=\"https:\/\/wordpress.hak-steyr.at\/piraty\/wp-content\/uploads\/2025\/10\/kaffee2025-1024x842.jpg\" alt=\"\" class=\"wp-image-2652\" srcset=\"https:\/\/wordpress.hak-steyr.at\/piraty\/wp-content\/uploads\/2025\/10\/kaffee2025-1024x842.jpg 1024w, https:\/\/wordpress.hak-steyr.at\/piraty\/wp-content\/uploads\/2025\/10\/kaffee2025-300x247.jpg 300w, https:\/\/wordpress.hak-steyr.at\/piraty\/wp-content\/uploads\/2025\/10\/kaffee2025-768x631.jpg 768w, https:\/\/wordpress.hak-steyr.at\/piraty\/wp-content\/uploads\/2025\/10\/kaffee2025-1536x1262.jpg 1536w, https:\/\/wordpress.hak-steyr.at\/piraty\/wp-content\/uploads\/2025\/10\/kaffee2025.jpg 2048w\" sizes=\"auto, (max-width: 1024px) 100vw, 1024px\" \/><\/a><figcaption class=\"wp-element-caption\">Ajla, Nadia, Sanela, Jasmina<\/figcaption><\/figure>\n\n\n\n<hr class=\"wp-block-separator has-alpha-channel-opacity is-style-wide\"\/>\n","protected":false},"excerpt":{"rendered":"<p>Die Crew der Piraty Kolonialwaren e.U. besteht aus 18 wagemutigen Piratinnen und Piraten der 3 BS der HAS Steyr unter dem Kommando des ber\u00fcchtigten Kapit\u00e4ns &#8222;Prof. Karl Piraty&#8220;. Profitcenter Trockenfr\u00fcchte Profitcenter Tee Profitcenter Schokolade Profitcenter Gew\u00fcrze Profitcenter Kaffee<\/p>\n","protected":false},"author":2,"featured_media":0,"parent":0,"menu_order":0,"comment_status":"closed","ping_status":"closed","template":"","meta":{"footnotes":""},"class_list":["post-229","page","type-page","status-publish","hentry"],"_links":{"self":[{"href":"https:\/\/wordpress.hak-steyr.at\/piraty\/wp-json\/wp\/v2\/pages\/229","targetHints":{"allow":["GET"]}}],"collection":[{"href":"https:\/\/wordpress.hak-steyr.at\/piraty\/wp-json\/wp\/v2\/pages"}],"about":[{"href":"https:\/\/wordpress.hak-steyr.at\/piraty\/wp-json\/wp\/v2\/types\/page"}],"author":[{"embeddable":true,"href":"https:\/\/wordpress.hak-steyr.at\/piraty\/wp-json\/wp\/v2\/users\/2"}],"replies":[{"embeddable":true,"href":"https:\/\/wordpress.hak-steyr.at\/piraty\/wp-json\/wp\/v2\/comments?post=229"}],"version-history":[{"count":52,"href":"https:\/\/wordpress.hak-steyr.at\/piraty\/wp-json\/wp\/v2\/pages\/229\/revisions"}],"predecessor-version":[{"id":2667,"href":"https:\/\/wordpress.hak-steyr.at\/piraty\/wp-json\/wp\/v2\/pages\/229\/revisions\/2667"}],"wp:attachment":[{"href":"https:\/\/wordpress.hak-steyr.at\/piraty\/wp-json\/wp\/v2\/media?parent=229"}],"curies":[{"name":"wp","href":"https:\/\/api.w.org\/{rel}","templated":true}]}}