{"id":2580,"date":"2025-10-03T08:41:27","date_gmt":"2025-10-03T06:41:27","guid":{"rendered":"https:\/\/wordpress.hak-steyr.at\/piraty\/?page_id=2580"},"modified":"2025-10-03T11:07:06","modified_gmt":"2025-10-03T09:07:06","slug":"trockenfruechte","status":"publish","type":"page","link":"https:\/\/wordpress.hak-steyr.at\/piraty\/trockenfruechte\/","title":{"rendered":"Trockenfr\u00fcchte"},"content":{"rendered":"<div class=\"wp-block-image\">\n<figure class=\"alignleft size-full is-resized\"><img loading=\"lazy\" decoding=\"async\" width=\"1024\" height=\"718\" src=\"https:\/\/wordpress.hak-steyr.at\/piraty\/wp-content\/uploads\/2025\/10\/image.png\" alt=\"\" class=\"wp-image-2698\" style=\"width:412px;height:auto\" srcset=\"https:\/\/wordpress.hak-steyr.at\/piraty\/wp-content\/uploads\/2025\/10\/image.png 1024w, https:\/\/wordpress.hak-steyr.at\/piraty\/wp-content\/uploads\/2025\/10\/image-300x210.png 300w, https:\/\/wordpress.hak-steyr.at\/piraty\/wp-content\/uploads\/2025\/10\/image-768x539.png 768w\" sizes=\"auto, (max-width: 1024px) 100vw, 1024px\" \/><\/figure><\/div>\n\n\n<p class=\"has-text-align-left has-light-orange-color has-text-color has-link-color has-medium-font-size wp-elements-06e85dbc9a81c666ba42b63519e31ff2\"><strong><mark style=\"background-color:rgba(0, 0, 0, 0)\" class=\"has-inline-color has-medium-orange-color\">Tropisch knackig Ananas, Mango &amp; Drachenfrucht pur genie\u00dfen!<\/mark><\/strong><br><br><br><br><br><br><br><br>Wenn der kleine Hunger kommt und du keine Lust auf langweilige Snacks hast, probiere unsere exotischen <strong>Trockenfr\u00fcchte <\/strong>\u2013 knackig, s\u00fc\u00df und vollgepackt mit nat\u00fcrlichem Geschmack.<\/p>\n\n\n\n<p class=\"has-medium-font-size\"><strong><span style=\"text-decoration: underline;\">Unsere Sorten<\/span>:<\/strong><br><em><a href=\"https:\/\/wordpress.hak-steyr.at\/piraty\/trockenfruechte\/ananasringe\/\" data-type=\"page\" data-id=\"2582\">Ananasringe<\/a><br><a href=\"https:\/\/wordpress.hak-steyr.at\/piraty\/trockenfruechte\/drachenfrucht\/\" data-type=\"page\" data-id=\"2589\">Drachenfrucht<\/a><br><a href=\"https:\/\/wordpress.hak-steyr.at\/piraty\/trockenfruechte\/bio-mangostreifen\/\" data-type=\"page\" data-id=\"2586\">Bio-Mangostreifen<\/a><\/em><\/p>\n","protected":false},"excerpt":{"rendered":"<p>Tropisch knackig Ananas, Mango &amp; Drachenfrucht pur genie\u00dfen! Wenn der kleine Hunger kommt und du keine Lust auf langweilige Snacks hast, probiere unsere exotischen Trockenfr\u00fcchte \u2013 knackig, s\u00fc\u00df und vollgepackt mit nat\u00fcrlichem Geschmack. Unsere Sorten:AnanasringeDrachenfruchtBio-Mangostreifen<\/p>\n","protected":false},"author":2,"featured_media":0,"parent":0,"menu_order":0,"comment_status":"closed","ping_status":"closed","template":"","meta":{"footnotes":""},"class_list":["post-2580","page","type-page","status-publish","hentry"],"_links":{"self":[{"href":"https:\/\/wordpress.hak-steyr.at\/piraty\/wp-json\/wp\/v2\/pages\/2580","targetHints":{"allow":["GET"]}}],"collection":[{"href":"https:\/\/wordpress.hak-steyr.at\/piraty\/wp-json\/wp\/v2\/pages"}],"about":[{"href":"https:\/\/wordpress.hak-steyr.at\/piraty\/wp-json\/wp\/v2\/types\/page"}],"author":[{"embeddable":true,"href":"https:\/\/wordpress.hak-steyr.at\/piraty\/wp-json\/wp\/v2\/users\/2"}],"replies":[{"embeddable":true,"href":"https:\/\/wordpress.hak-steyr.at\/piraty\/wp-json\/wp\/v2\/comments?post=2580"}],"version-history":[{"count":3,"href":"https:\/\/wordpress.hak-steyr.at\/piraty\/wp-json\/wp\/v2\/pages\/2580\/revisions"}],"predecessor-version":[{"id":2728,"href":"https:\/\/wordpress.hak-steyr.at\/piraty\/wp-json\/wp\/v2\/pages\/2580\/revisions\/2728"}],"wp:attachment":[{"href":"https:\/\/wordpress.hak-steyr.at\/piraty\/wp-json\/wp\/v2\/media?parent=2580"}],"curies":[{"name":"wp","href":"https:\/\/api.w.org\/{rel}","templated":true}]}}