{"id":2582,"date":"2025-10-03T08:42:37","date_gmt":"2025-10-03T06:42:37","guid":{"rendered":"https:\/\/wordpress.hak-steyr.at\/piraty\/?page_id=2582"},"modified":"2025-10-03T11:09:19","modified_gmt":"2025-10-03T09:09:19","slug":"ananasringe","status":"publish","type":"page","link":"https:\/\/wordpress.hak-steyr.at\/piraty\/trockenfruechte\/ananasringe\/","title":{"rendered":"Ananasringe"},"content":{"rendered":"<div class=\"wp-block-image\">\n<figure class=\"alignleft size-medium is-resized\"><a href=\"https:\/\/wordpress.hak-steyr.at\/piraty\/wp-content\/uploads\/2025\/10\/Ananas.jpg\"><img loading=\"lazy\" decoding=\"async\" width=\"223\" height=\"300\" src=\"https:\/\/wordpress.hak-steyr.at\/piraty\/wp-content\/uploads\/2025\/10\/Ananas-223x300.jpg\" alt=\"\" class=\"wp-image-2613\" style=\"width:234px;height:auto\" srcset=\"https:\/\/wordpress.hak-steyr.at\/piraty\/wp-content\/uploads\/2025\/10\/Ananas-223x300.jpg 223w, https:\/\/wordpress.hak-steyr.at\/piraty\/wp-content\/uploads\/2025\/10\/Ananas-762x1024.jpg 762w, https:\/\/wordpress.hak-steyr.at\/piraty\/wp-content\/uploads\/2025\/10\/Ananas-768x1031.jpg 768w, https:\/\/wordpress.hak-steyr.at\/piraty\/wp-content\/uploads\/2025\/10\/Ananas-1144x1536.jpg 1144w, https:\/\/wordpress.hak-steyr.at\/piraty\/wp-content\/uploads\/2025\/10\/Ananas.jpg 1245w\" sizes=\"auto, (max-width: 223px) 100vw, 223px\" \/><\/a><\/figure><\/div>\n\n\n<p><strong>Herkunft:<\/strong> Costa Rica<br><strong>Preis:<\/strong> 7,00\u20ac (exkl. 10%)<br><strong>Gewicht:<\/strong> 200g<\/p>\n\n\n\n<p>Ananas sauer und brennt im Mund? Sch\u00e4len nervt? Nicht bei uns! Unsere Ananas wird erst dann geerntet, wenn sie wirklich reif und s\u00fc\u00df ist. Das sorgt f\u00fcr den perfekten Geschmack ohne S\u00e4ure oder Brennen im Mund.<\/p>\n\n\n\n<p>Und das Beste: Wir haben das Sch\u00e4len schon f\u00fcr dich erledigt!<br><br>Einfach Packung \u00f6ffnen und sofort in den vollen Fruchtgenuss eintauchen.<\/p>\n\n\n\n<blockquote class=\"wp-block-quote is-layout-flow wp-block-quote-is-layout-flow\">\n<p>Worauf wartest du noch? Hol dir jetzt unsere getrocknete Ananas und snacke los!<\/p>\n<\/blockquote>\n\n\n\n<p><\/p>\n","protected":false},"excerpt":{"rendered":"<p>Herkunft: Costa RicaPreis: 7,00\u20ac (exkl. 10%)Gewicht: 200g Ananas sauer und brennt im Mund? Sch\u00e4len nervt? Nicht bei uns! Unsere Ananas wird erst dann geerntet, wenn sie wirklich reif und s\u00fc\u00df ist. Das sorgt f\u00fcr den perfekten Geschmack ohne S\u00e4ure oder Brennen im Mund. Und das Beste: Wir haben das Sch\u00e4len schon f\u00fcr dich erledigt! Einfach &hellip; <a href=\"https:\/\/wordpress.hak-steyr.at\/piraty\/trockenfruechte\/ananasringe\/\" class=\"more-link\"><span class=\"screen-reader-text\">Ananasringe<\/span> weiterlesen <span class=\"meta-nav\">&rarr;<\/span><\/a><\/p>\n","protected":false},"author":2,"featured_media":0,"parent":2580,"menu_order":0,"comment_status":"closed","ping_status":"closed","template":"","meta":{"footnotes":""},"class_list":["post-2582","page","type-page","status-publish","hentry"],"_links":{"self":[{"href":"https:\/\/wordpress.hak-steyr.at\/piraty\/wp-json\/wp\/v2\/pages\/2582","targetHints":{"allow":["GET"]}}],"collection":[{"href":"https:\/\/wordpress.hak-steyr.at\/piraty\/wp-json\/wp\/v2\/pages"}],"about":[{"href":"https:\/\/wordpress.hak-steyr.at\/piraty\/wp-json\/wp\/v2\/types\/page"}],"author":[{"embeddable":true,"href":"https:\/\/wordpress.hak-steyr.at\/piraty\/wp-json\/wp\/v2\/users\/2"}],"replies":[{"embeddable":true,"href":"https:\/\/wordpress.hak-steyr.at\/piraty\/wp-json\/wp\/v2\/comments?post=2582"}],"version-history":[{"count":9,"href":"https:\/\/wordpress.hak-steyr.at\/piraty\/wp-json\/wp\/v2\/pages\/2582\/revisions"}],"predecessor-version":[{"id":2734,"href":"https:\/\/wordpress.hak-steyr.at\/piraty\/wp-json\/wp\/v2\/pages\/2582\/revisions\/2734"}],"up":[{"embeddable":true,"href":"https:\/\/wordpress.hak-steyr.at\/piraty\/wp-json\/wp\/v2\/pages\/2580"}],"wp:attachment":[{"href":"https:\/\/wordpress.hak-steyr.at\/piraty\/wp-json\/wp\/v2\/media?parent=2582"}],"curies":[{"name":"wp","href":"https:\/\/api.w.org\/{rel}","templated":true}]}}