{"id":2586,"date":"2025-10-03T08:42:58","date_gmt":"2025-10-03T06:42:58","guid":{"rendered":"https:\/\/wordpress.hak-steyr.at\/piraty\/?page_id=2586"},"modified":"2025-10-03T11:07:34","modified_gmt":"2025-10-03T09:07:34","slug":"bio-mangostreifen","status":"publish","type":"page","link":"https:\/\/wordpress.hak-steyr.at\/piraty\/trockenfruechte\/bio-mangostreifen\/","title":{"rendered":"Bio-Mangostreifen"},"content":{"rendered":"\n<p><\/p>\n\n\n\n<p><\/p>\n\n\n\n<p><\/p>\n\n\n<div class=\"wp-block-image\">\n<figure class=\"alignleft size-medium is-resized\"><a href=\"https:\/\/wordpress.hak-steyr.at\/piraty\/wp-content\/uploads\/2025\/10\/Mango.jpg\"><img loading=\"lazy\" decoding=\"async\" width=\"220\" height=\"300\" src=\"https:\/\/wordpress.hak-steyr.at\/piraty\/wp-content\/uploads\/2025\/10\/Mango-220x300.jpg\" alt=\"\" class=\"wp-image-2622\" style=\"width:244px;height:auto\" srcset=\"https:\/\/wordpress.hak-steyr.at\/piraty\/wp-content\/uploads\/2025\/10\/Mango-220x300.jpg 220w, https:\/\/wordpress.hak-steyr.at\/piraty\/wp-content\/uploads\/2025\/10\/Mango-752x1024.jpg 752w, https:\/\/wordpress.hak-steyr.at\/piraty\/wp-content\/uploads\/2025\/10\/Mango-768x1046.jpg 768w, https:\/\/wordpress.hak-steyr.at\/piraty\/wp-content\/uploads\/2025\/10\/Mango-1128x1536.jpg 1128w, https:\/\/wordpress.hak-steyr.at\/piraty\/wp-content\/uploads\/2025\/10\/Mango.jpg 1242w\" sizes=\"auto, (max-width: 220px) 100vw, 220px\" \/><\/a><\/figure><\/div>\n\n\n<p><strong>Herkunft:<\/strong> Elfenbeink\u00fcste<br><strong>Preis:<\/strong> 7,00\u20ac (exkl. 10%)<br><strong>Gewicht:<\/strong> 200g<\/p>\n\n\n\n<p>Mangos, die perfekt weich und s\u00fc\u00df sind- ganz ohne nerviges Sch\u00e4len oder saueren Geschmack! Genau das bekommst du mit unsere, getrockneten Mango. <\/p>\n\n\n\n<p>Direkt aus der Elfenbeink\u00fcste, geerntet, schonend gesch\u00e4lt und in praktische Streifen getrocknet, damit du jederzeit einen leckeren, s\u00fc\u00dfen Snack zur Hand hast. <\/p>\n\n\n\n<p>Die nat\u00fcrliche S\u00fc\u00dfe bleibt dank sanfter Trocknung ohne Schwefel erhalten- gesund und super lecker! Worauf wartest du noch?<\/p>\n\n\n\n<blockquote class=\"wp-block-quote is-layout-flow wp-block-quote-is-layout-flow\">\n<p>Hol dir jetzt unsere getrockneten Mangostreifen und genie\u00dfe pure Fruchtpower zum Snacken!<\/p>\n<\/blockquote>\n","protected":false},"excerpt":{"rendered":"<p>Herkunft: Elfenbeink\u00fcstePreis: 7,00\u20ac (exkl. 10%)Gewicht: 200g Mangos, die perfekt weich und s\u00fc\u00df sind- ganz ohne nerviges Sch\u00e4len oder saueren Geschmack! Genau das bekommst du mit unsere, getrockneten Mango. Direkt aus der Elfenbeink\u00fcste, geerntet, schonend gesch\u00e4lt und in praktische Streifen getrocknet, damit du jederzeit einen leckeren, s\u00fc\u00dfen Snack zur Hand hast. Die nat\u00fcrliche S\u00fc\u00dfe bleibt dank &hellip; <a href=\"https:\/\/wordpress.hak-steyr.at\/piraty\/trockenfruechte\/bio-mangostreifen\/\" class=\"more-link\"><span class=\"screen-reader-text\">Bio-Mangostreifen<\/span> weiterlesen <span class=\"meta-nav\">&rarr;<\/span><\/a><\/p>\n","protected":false},"author":2,"featured_media":0,"parent":2580,"menu_order":0,"comment_status":"closed","ping_status":"closed","template":"","meta":{"footnotes":""},"class_list":["post-2586","page","type-page","status-publish","hentry"],"_links":{"self":[{"href":"https:\/\/wordpress.hak-steyr.at\/piraty\/wp-json\/wp\/v2\/pages\/2586","targetHints":{"allow":["GET"]}}],"collection":[{"href":"https:\/\/wordpress.hak-steyr.at\/piraty\/wp-json\/wp\/v2\/pages"}],"about":[{"href":"https:\/\/wordpress.hak-steyr.at\/piraty\/wp-json\/wp\/v2\/types\/page"}],"author":[{"embeddable":true,"href":"https:\/\/wordpress.hak-steyr.at\/piraty\/wp-json\/wp\/v2\/users\/2"}],"replies":[{"embeddable":true,"href":"https:\/\/wordpress.hak-steyr.at\/piraty\/wp-json\/wp\/v2\/comments?post=2586"}],"version-history":[{"count":7,"href":"https:\/\/wordpress.hak-steyr.at\/piraty\/wp-json\/wp\/v2\/pages\/2586\/revisions"}],"predecessor-version":[{"id":2729,"href":"https:\/\/wordpress.hak-steyr.at\/piraty\/wp-json\/wp\/v2\/pages\/2586\/revisions\/2729"}],"up":[{"embeddable":true,"href":"https:\/\/wordpress.hak-steyr.at\/piraty\/wp-json\/wp\/v2\/pages\/2580"}],"wp:attachment":[{"href":"https:\/\/wordpress.hak-steyr.at\/piraty\/wp-json\/wp\/v2\/media?parent=2586"}],"curies":[{"name":"wp","href":"https:\/\/api.w.org\/{rel}","templated":true}]}}