{"id":259,"date":"2013-11-04T16:22:47","date_gmt":"2013-11-04T14:22:47","guid":{"rendered":"http:\/\/wordpress.hak-steyr.at\/piraty\/?page_id=259"},"modified":"2019-09-17T12:48:47","modified_gmt":"2019-09-17T10:48:47","slug":"agbs","status":"publish","type":"page","link":"https:\/\/wordpress.hak-steyr.at\/piraty\/agbs\/","title":{"rendered":"AGBs"},"content":{"rendered":"<div>\n<p>Auch Piraten haben Allgemeine Gesch\u00e4ftsbedingungen!<\/p>\n<h3>1. Allgemeines<\/h3>\n<p><strong>Piraty Kolonialwaren e.U. ist eine \u00dcbungsfirma der Handelsschule Steyr. Weder reale Waren noch echtes Geld wechseln den Besitzer. Die \u00dcbungsfirma ist ein Lernort und kein reales Unternehmen.<\/strong><\/p>\n<p>Nachstehende Allgemeine Gesch\u00e4ftsbedingungen gelten f\u00fcr alle Vertr\u00e4ge, Lieferungen und sonstige Leistungen. Abweichenden Vorschriften des Vertragspartners widersprechen wir hiermit ausdr\u00fccklich. Alle Nebenabreden bed\u00fcrfen der schriftlichen Best\u00e4tigung unsererseits. Piraty Kolonialwaren e.U. ist jederzeit berechtigt, diese Allgemeinen Gesch\u00e4ftsbedingungen einschlie\u00dflich aller eventuellen Anlagen mit einer angemessenen K\u00fcndigungsfrist zu \u00e4ndern oder zu erg\u00e4nzen. Vorher eingehende Auftr\u00e4ge werden nach den dann noch g\u00fcltigen alten Allgemeinen Gesch\u00e4ftsbedingungen bearbeitet.<\/p>\n<h3>2. Angebot<\/h3>\n<p>Unsere Angebote sind unverbindlich. Kleine Abweichungen und etwaige \u00c4nderungen gegen\u00fcber unseren Abbildungen oder Beschreibungen sind m\u00f6glich. Die G\u00fcltigkeit f\u00fcr Angebotsflyer, Sonderangebote, Teesortiment, Kaffeesortiment, Gew\u00fcrzsortiment, Schokoladensortiment etc. ist entsprechend angegeben. Es gelten jeweils die in unseren Verkaufsunterlagen ausgedruckten Konditionen und die im Webshop angegebenen Infos.<\/p>\n<p>2.1 Sollte Piraty Kolonialwaren e.U. nachtr\u00e4glich erkennen, dass sich ein Fehler z. B. bei den Angaben zu einem Produkt, zu einem Preis oder zur Lieferf\u00e4higkeit eingeschlichen hat, wird Piraty Kolonialwaren e.U. den Kunden hiervon umgehend informieren. Dieser kann den Auftrag unter den abge\u00e4nderten Konditionen nochmals best\u00e4tigen. Andernfalls ist Piraty Kolonialwaren e.U. zum R\u00fccktritt vom Vertrag berechtigt.<\/p>\n<h3>3. Lieferung und Zahlung<\/h3>\n<p>Die Lieferungs- und Zahlungsbedingungen von Piraty Kolonialwaren e.U. sind im Rechnungsformular n\u00e4her ausgewiesen. Es gibt keine Mindestbestellmenge. Alle unsere Preise enthalten die gesetzliche Mehrwertsteuer in H\u00f6he von derzeit 10%. Es bleibt uns vorbehalten, eine Teillieferung in einen f\u00fcr Sie zumutbaren Rahmen vorzunehmen, sofern dies f\u00fcr eine z\u00fcgige Abwicklung vorteilhaft erscheint. Der Versand erfolgt zuz\u00fcglich orts\u00fcblicher Versandkosten und ist ab einem Bruttobestellwert von 100 Euro kostenlos. Diese Kosten werden jeweils auf der Rechnung ausgewiesen. Zus\u00e4tzliche Versandkosten entstehen nur bei ausdr\u00fccklicher Vereinbarung. Von unseren Kunden gew\u00fcnschte Sonderversendungsformen werden mit orts\u00fcblichem Zuschlag berechnet.<\/p>\n<h3>4. Lieferzeiten<\/h3>\n<p>Ware, die am Lager vorr\u00e4tig ist (f\u00fcr Bef\u00f6rderungsschwierigkeiten \u00fcbernehmen wir keine Haftung) kommt schnellstm\u00f6glich, meist innerhalb 2 bis 7 Tagen zum Versand. Ist die Ware bei Bestellung nicht vorr\u00e4tig, bem\u00fchen wir uns um schnellstm\u00f6gliche Lieferung. Falls die Nichteinhaltung einer Liefer- oder Leistungsfrist auf h\u00f6here Gewalt, Arbeitskampf, unvorhersehbare Hindernisse oder sonstige von uns nicht zu vertretende Umst\u00e4nde zur\u00fcckzuf\u00fchren ist, wird die Frist angemessen verl\u00e4ngert. Bei Nichteinhaltung der Lieferfrist aus anderen als den o. g. Gr\u00fcnden ist der K\u00e4ufer berechtigt, schriftlich eine angemessene Nachfrist mit Ablehnungsandrohung zu setzen und nach deren erfolglosem Ablauf hinsichtlich der im Vertrag befindlichen Lieferung oder Leistung vom Vertrag zur\u00fcckzutreten.<\/p>\n<\/div>\n<div>\n<p>Schadensersatzanspr\u00fcche wegen Verzug oder Unm\u00f6glichkeit bzw. Nichterf\u00fcllung, auch solche, die bis zu R\u00fccktritt vom Vertrag entstanden sind, sind ausgeschlossen. Es sei denn, dass ein gesetzlicher Vertreter der Piraty Kolonialwaren e.U. vors\u00e4tzlich oder grob fahrl\u00e4ssig gehandelt hat.<\/p>\n<h3>5. Belehrung \u00fcber das Umtausch- und R\u00fcckgaberecht<\/h3>\n<p>Wir garantieren f\u00fcr nicht benutzte Ware ein R\u00fcckgaberecht innerhalb von 14 Tagen. Die R\u00fcckgabefrist wird gewahrt durch das fristgerechte Absenden der Ware (Rechnungsdatum). Die R\u00fccksendung wird von uns nur angenommen, wenn sie ausreichend frankiert wurde.<\/p>\n<p>5.1 Nach dem Fernabsatzgesetz haben Sie nach Erhalt der Ware zwei Wochen lang die M\u00f6glichkeit, die bestellten Artikel zur\u00fcckzusenden. Ab einem Warenwert von EUR 50,00 \u00fcbernehmen wir die R\u00fccksendekosten. Von diesem Recht ausgeschlossen sind Produkte, die von Ihnen entsiegelt wurden, es sei denn, Sie stellen M\u00e4ngel fest. Das R\u00fcckgaberecht wird durch die fristgerechte Absendung der erhaltenen Waren ausge\u00fcbt. Der Kaufvertrag wird damit aufgel\u00f6st und wir erstatten Ihnen unverz\u00fcglich den Kaufpreis zur\u00fcck, sofern dieser bereits gezahlt wurde. Zur Wahrung der R\u00fccksendefrist gen\u00fcgt die rechtzeitige Absendung der Ware.<\/p>\n<p>5.2 Offensichtliche M\u00e4ngel (insbesondere Besch\u00e4digungen, Falschlieferungen oder Mengenabweichungen), Transportsch\u00e4den oder sonstige M\u00e4ngel m\u00fcssen Piraty Kolonialwaren e.U. unverz\u00fcglich, sp\u00e4testens jedoch innerhalb einer Frist von 14 Kalendertagen nach Erhalt der Ware schriftlich mitgeteilt werden. Die Mitteilung per E-Mail an piraty2679(at)uebungsfirmen.at ist ausreichend.<\/p>\n<p>5.3 Im Rahmen des Widerrufrechts haben Sie die M\u00f6glichkeit, bestellte Artikel zu pr\u00fcfen und in Augenschein zu nehmen &#8211; so, wie dies auch in einem Ladengesch\u00e4ft m\u00f6glich w\u00e4re. Dieses Recht beinhaltet nicht die Verwendung der gelieferten Artikel. Waren mit sichtbaren Gebrauchsspuren, die einen erneuten Verkauf des Produktes unm\u00f6glich machen, nehmen wir nicht zur\u00fcck.<\/p>\n<p>5.4 Das R\u00fcckgaberecht ist nicht g\u00fcltig f\u00fcr preisreduzierte Ware und anl\u00e4sslich von Sonderverkaufsaktionen.<\/p>\n<p>5.5 Die Abtretung von Gew\u00e4hrleistungsanspr\u00fcchen an Dritte ist ausgeschlossen.<\/p>\n<p>5.6 Verkauft der K\u00e4ufer die von uns gelieferten Gegenst\u00e4nde an Dritte, ist ihm untersagt, wegen der damit verbundenen gesetzlichen und \/ oder vertraglichen Gew\u00e4hrleistungsanspr\u00fcche auf uns zu verweisen.<\/p>\n<h3>6. Gefahr\u00fcbergang<\/h3>\n<p>Die Lieferung der Ware erfolgt auf Gefahr des Kunden. Die Gefahr geht mit \u00dcbergabe der Ware an das Transportunternehmen auf den Kunden \u00fcber. Dies gilt auch, wenn Piraty Kolonialwaren e.U. die Transportkosten \u00fcbernommen hat. Beanstandungen wegen Transportsch\u00e4den (z.B. besch\u00e4digte Verpackung beim Empfang der Ware) hat der Kunde unmittelbar gegen\u00fcber dem Transportunternehmen innerhalb der daf\u00fcr vorgesehenen Fristen geltend zu machen.<\/p>\n<\/div>\n<h2><strong>\u00a0<\/strong><\/h2>\n<h3>7. Gew\u00e4hrleistung<\/h3>\n<p>Piraty Kolonialwaren e.U. gew\u00e4hrleistet, dass die verkaufte Ware zum Zeitpunkt des Gefahr\u00fcberganges frei von Material- und sonstigen M\u00e4ngeln ist und die vertraglich zugesicherten Eigenschaften hat. Bei Eintreffen hat der Kunde die Ware unverz\u00fcglich auf M\u00e4ngel und Beschaffenheit zu untersuchen. Im Falle offener M\u00e4ngel m\u00fcssen diese innerhalb von 3 Tagen nach Entdeckung schriftlich bei uns gemeldet werden, ebenso versteckte M\u00e4ngel. Anderenfalls entf\u00e4llt die Gew\u00e4hrleistung f\u00fcr diese M\u00e4ngel. Die Gew\u00e4hrleistung betr\u00e4gt 24 Monate ab Auslieferung.<\/p>\n<p>Die Gew\u00e4hrleistung erstreckt sich nicht auf den normalen Verschlei\u00df, Verderb von Ware oder die Abnutzung (z.B. Geschirr). Die Gew\u00e4hrleistung erlischt, wenn der Kunde die gelieferte Ware ver\u00e4ndert.<\/p>\n<p>Piraty Kolonialwaren e.U. hat w\u00e4hrend der Gew\u00e4hrleistungspflicht das Recht auf kostenlose Nachbesserung. Ein teilweiser oder vollst\u00e4ndiger Austausch des Artikels ist zul\u00e4ssig.<\/p>\n<h3>8. Haftung<\/h3>\n<p>Piraty Kolonialwaren e.U. \u00fcbernimmt keine Haftung f\u00fcr gelieferte Ware, die nach der Versendung oder Abholung durch den K\u00e4ufer oder Dritte ver\u00e4ndert, umgepackt oder in sonstiger Weise manipuliert worden ist. F\u00fcr Sch\u00e4den jeglicher Art die durch eine vors\u00e4tzliche oder fahrl\u00e4ssig vom Kunden verschuldete Beeintr\u00e4chtigung der von uns gelieferten Produkte entstehen, \u00fcbernehmen wir keine Haftung.<\/p>\n<p>8.1 Anspr\u00fcche des Kunden auf Schadensersatz, z.B. wegen Nichterf\u00fcllung, Verschulden bei Vertragsschluss, Verletzung vertraglicher Nebenverpflichtungen, Mangelfolgesch\u00e4den, Sch\u00e4den aus unerlaubter Handlung und sonstigen Rechtsgr\u00fcnden sind ausgeschlossen. Ausnehmend davon haftet Piraty Kolonialwaren e.U. beim Fehlen einer zugesicherten Eigenschaft, bei Vorsatz oder grober Fahrl\u00e4ssigkeit. Anspr\u00fcche aus dem Produkthaftungsgesetz sind davon nicht betroffen.<\/p>\n<p>8.2 Piraty Kolonialwaren \u00fcbernimmt eine Haftung weder f\u00fcr die st\u00e4ndige und ununterbrochene Verf\u00fcgbarkeit von wordpress.hak-steyr.at\/piraty noch f\u00fcr technische oder elektronische Fehler des Online-Angebots.<\/p>\n<h3>9. Eigentumsvorbehalt<\/h3>\n<p>Bis zur vollst\u00e4ndigen Bezahlung bleibt die Ware Eigentum der Firma Piraty Kolonialwaren e.U., \u00dcbungsfirma der Handelsschule Steyr<\/p>\n<h3>10. Datenspeicherung<\/h3>\n<p>Die Bestimmungen des Datenschutzgesetzes werden von uns konsequent eingehalten. Pers\u00f6nliche Daten werden selbstverst\u00e4ndlich vertraulich behandelt.<\/p>\n<h3>11. Gerichtsstand<\/h3>\n<p>Erf\u00fcllungsort und Gerichtsstand f\u00fcr beide Teile ist der Sitz von Piraty Kolonialwaren e.U.\u00a0 Es gilt ausschlie\u00dflich das Recht der Republik \u00d6sterreich.<\/p>\n<p>Piraty Kolonialwaren e.U.<br \/>\nACT Firmenbuchnummer: 2679<br \/>\nStand: September 2019<\/p>\n","protected":false},"excerpt":{"rendered":"<p>Auch Piraten haben Allgemeine Gesch\u00e4ftsbedingungen! 1. Allgemeines Piraty Kolonialwaren e.U. ist eine \u00dcbungsfirma der Handelsschule Steyr. Weder reale Waren noch echtes Geld wechseln den Besitzer. Die \u00dcbungsfirma ist ein Lernort und kein reales Unternehmen. Nachstehende Allgemeine Gesch\u00e4ftsbedingungen gelten f\u00fcr alle Vertr\u00e4ge, Lieferungen und sonstige Leistungen. Abweichenden Vorschriften des Vertragspartners widersprechen wir hiermit ausdr\u00fccklich. Alle Nebenabreden &hellip; <a href=\"https:\/\/wordpress.hak-steyr.at\/piraty\/agbs\/\" class=\"more-link\"><span class=\"screen-reader-text\">AGBs<\/span> weiterlesen <span class=\"meta-nav\">&rarr;<\/span><\/a><\/p>\n","protected":false},"author":2,"featured_media":0,"parent":0,"menu_order":0,"comment_status":"closed","ping_status":"closed","template":"","meta":{"footnotes":""},"class_list":["post-259","page","type-page","status-publish","hentry"],"_links":{"self":[{"href":"https:\/\/wordpress.hak-steyr.at\/piraty\/wp-json\/wp\/v2\/pages\/259","targetHints":{"allow":["GET"]}}],"collection":[{"href":"https:\/\/wordpress.hak-steyr.at\/piraty\/wp-json\/wp\/v2\/pages"}],"about":[{"href":"https:\/\/wordpress.hak-steyr.at\/piraty\/wp-json\/wp\/v2\/types\/page"}],"author":[{"embeddable":true,"href":"https:\/\/wordpress.hak-steyr.at\/piraty\/wp-json\/wp\/v2\/users\/2"}],"replies":[{"embeddable":true,"href":"https:\/\/wordpress.hak-steyr.at\/piraty\/wp-json\/wp\/v2\/comments?post=259"}],"version-history":[{"count":9,"href":"https:\/\/wordpress.hak-steyr.at\/piraty\/wp-json\/wp\/v2\/pages\/259\/revisions"}],"predecessor-version":[{"id":1502,"href":"https:\/\/wordpress.hak-steyr.at\/piraty\/wp-json\/wp\/v2\/pages\/259\/revisions\/1502"}],"wp:attachment":[{"href":"https:\/\/wordpress.hak-steyr.at\/piraty\/wp-json\/wp\/v2\/media?parent=259"}],"curies":[{"name":"wp","href":"https:\/\/api.w.org\/{rel}","templated":true}]}}