{"id":309,"date":"2013-11-04T17:26:10","date_gmt":"2013-11-04T15:26:10","guid":{"rendered":"http:\/\/wordpress.hak-steyr.at\/piraty\/?page_id=309"},"modified":"2025-10-03T10:00:57","modified_gmt":"2025-10-03T08:00:57","slug":"bestellung","status":"publish","type":"page","link":"https:\/\/wordpress.hak-steyr.at\/piraty\/bestellung\/","title":{"rendered":"Bestellung"},"content":{"rendered":"\n<h2 class=\"wp-block-heading\">Nutze Sie unseren Webshop im<br><a href=\"https:\/\/marketplace.penworldwide.org\/?enterprisePenCode=AT010002679\" data-type=\"link\" data-id=\"https:\/\/marketplace.penworldwide.org\/?enterprisePenCode=AT010002679\">\u00dcFA MARKETPLACE<\/a><\/h2>\n\n\n\n<figure class=\"wp-block-image size-full\"><a href=\"https:\/\/marketplace.penworldwide.org\/?enterprisePenCode=AT010002679\"><img loading=\"lazy\" decoding=\"async\" width=\"313\" height=\"98\" src=\"https:\/\/wordpress.hak-steyr.at\/piraty\/wp-content\/uploads\/2025\/10\/Screenshot-2025-10-03-095623.png\" alt=\"\" class=\"wp-image-2684\" srcset=\"https:\/\/wordpress.hak-steyr.at\/piraty\/wp-content\/uploads\/2025\/10\/Screenshot-2025-10-03-095623.png 313w, https:\/\/wordpress.hak-steyr.at\/piraty\/wp-content\/uploads\/2025\/10\/Screenshot-2025-10-03-095623-300x94.png 300w\" sizes=\"auto, (max-width: 313px) 100vw, 313px\" \/><\/a><\/figure>\n\n\n\n<h2 class=\"wp-block-heading\">Sie bestellen lieber mittels Bestellformular?<\/h2>\n\n\n\n<h3 class=\"wp-block-heading\">1. Bestellformular (<strong><a href=\"https:\/\/wordpress.hak-steyr.at\/piraty\/wp-content\/uploads\/2025\/10\/2526_Bestellformular.docx\">Word<\/a><\/strong> oder <strong><a href=\"https:\/\/wordpress.hak-steyr.at\/piraty\/wp-content\/uploads\/2025\/10\/2526_Bestellformular_AGB.pdf\">PDF<\/a><\/strong>) herunterladen<\/h3>\n\n\n\n<h3 class=\"wp-block-heading\">2. Bestellformular ausf\u00fcllen<\/h3>\n\n\n\n<h3 class=\"wp-block-heading\">3. ausgef\u00fclltes Bestellformular zur\u00fcckschicken &#8230;<\/h3>\n\n\n\n<blockquote class=\"wp-block-quote is-layout-flow wp-block-quote-is-layout-flow\">\n<ul class=\"wp-block-list\">\n<li>entweder per <strong>Email<\/strong> an: <a href=\"mailto:piraty2679@uebungsfirmen.at\">piraty2679@uebungsfirmen.at<\/a><\/li>\n\n\n\n<li>oder <strong>Fax<\/strong> an: +43 7252 526 49 &#8211; 17<\/li>\n\n\n\n<li>oder <strong>Brief<\/strong> an: BHAK Steyr, z.H. \u00dcFA Piraty,<br>\nLeopold-Werndl-Stra\u00dfe 7, 4400 Steyr, \u00d6sterreich<\/li>\n\n\n\n<li><strong>Flaschenpost<\/strong> k\u00f6nnen wir leider nicht akzeptieren \ud83d\ude09<\/li>\n<\/ul>\n<\/blockquote>\n\n\n\n<h3 class=\"wp-block-heading\"><\/h3>\n\n\n\n<h3 class=\"wp-block-heading\">Die Bestellung unserer Produkte ist denkbar einfach!<\/h3>\n\n\n\n<h3 class=\"wp-block-heading\">Unsere Produkte finden Sie auch in unserem<\/h3>\n\n\n\n<h3 class=\"wp-block-heading\">aktuellen <a href=\"https:\/\/wordpress.hak-steyr.at\/piraty\/wp-content\/uploads\/2025\/10\/2526_Bestellformular_AGB_Flyer.pdf\">Produktflyer<\/a>!<\/h3>\n\n\n\n<p>Das Kleingedruckte:<br>\nWir m\u00f6chten Sie daran erinnern, dass wir Bestellungen, die zwischen 15. April und 15. Semptember einlangen nicht bearbeiten k\u00f6nnen. Die \u00dcFA Piraty e.U. ist eine Handelsschul\u00fcbungsfirma und <span style=\"color: #ff6600;\"><strong>unser Schuljahr endet aufgrund der Abschlusspr\u00fcfung bereits Anfang Mai<\/strong>.<\/span> Danke!<\/p>\n","protected":false},"excerpt":{"rendered":"<p>Nutze Sie unseren Webshop im\u00dcFA MARKETPLACE Sie bestellen lieber mittels Bestellformular? 1. Bestellformular (Word oder PDF) herunterladen 2. Bestellformular ausf\u00fcllen 3. ausgef\u00fclltes Bestellformular zur\u00fcckschicken &#8230; Die Bestellung unserer Produkte ist denkbar einfach! Unsere Produkte finden Sie auch in unserem aktuellen Produktflyer! Das Kleingedruckte: Wir m\u00f6chten Sie daran erinnern, dass wir Bestellungen, die zwischen 15. April &hellip; <a href=\"https:\/\/wordpress.hak-steyr.at\/piraty\/bestellung\/\" class=\"more-link\"><span class=\"screen-reader-text\">Bestellung<\/span> weiterlesen <span class=\"meta-nav\">&rarr;<\/span><\/a><\/p>\n","protected":false},"author":2,"featured_media":0,"parent":0,"menu_order":0,"comment_status":"closed","ping_status":"closed","template":"","meta":{"footnotes":""},"class_list":["post-309","page","type-page","status-publish","hentry"],"_links":{"self":[{"href":"https:\/\/wordpress.hak-steyr.at\/piraty\/wp-json\/wp\/v2\/pages\/309","targetHints":{"allow":["GET"]}}],"collection":[{"href":"https:\/\/wordpress.hak-steyr.at\/piraty\/wp-json\/wp\/v2\/pages"}],"about":[{"href":"https:\/\/wordpress.hak-steyr.at\/piraty\/wp-json\/wp\/v2\/types\/page"}],"author":[{"embeddable":true,"href":"https:\/\/wordpress.hak-steyr.at\/piraty\/wp-json\/wp\/v2\/users\/2"}],"replies":[{"embeddable":true,"href":"https:\/\/wordpress.hak-steyr.at\/piraty\/wp-json\/wp\/v2\/comments?post=309"}],"version-history":[{"count":49,"href":"https:\/\/wordpress.hak-steyr.at\/piraty\/wp-json\/wp\/v2\/pages\/309\/revisions"}],"predecessor-version":[{"id":2687,"href":"https:\/\/wordpress.hak-steyr.at\/piraty\/wp-json\/wp\/v2\/pages\/309\/revisions\/2687"}],"wp:attachment":[{"href":"https:\/\/wordpress.hak-steyr.at\/piraty\/wp-json\/wp\/v2\/media?parent=309"}],"curies":[{"name":"wp","href":"https:\/\/api.w.org\/{rel}","templated":true}]}}