{"id":32,"date":"2013-10-28T15:16:06","date_gmt":"2013-10-28T13:16:06","guid":{"rendered":"http:\/\/wordpress.hak-steyr.at\/piraty\/?page_id=32"},"modified":"2025-10-03T11:02:01","modified_gmt":"2025-10-03T09:02:01","slug":"mr-mrs-blend","status":"publish","type":"page","link":"https:\/\/wordpress.hak-steyr.at\/piraty\/kaffee\/mr-mrs-blend\/","title":{"rendered":"Decaf Dream"},"content":{"rendered":"<div class=\"wp-block-image\">\n<figure class=\"alignleft size-full is-resized\"><a href=\"https:\/\/wordpress.hak-steyr.at\/piraty\/wp-content\/uploads\/2025\/10\/Decaf_Dream.jpg\"><img loading=\"lazy\" decoding=\"async\" width=\"1136\" height=\"1656\" src=\"https:\/\/wordpress.hak-steyr.at\/piraty\/wp-content\/uploads\/2025\/10\/Decaf_Dream.jpg\" alt=\"\" class=\"wp-image-2638\" style=\"aspect-ratio:0.711764705882353;width:218px;height:auto\" srcset=\"https:\/\/wordpress.hak-steyr.at\/piraty\/wp-content\/uploads\/2025\/10\/Decaf_Dream.jpg 1136w, https:\/\/wordpress.hak-steyr.at\/piraty\/wp-content\/uploads\/2025\/10\/Decaf_Dream-206x300.jpg 206w, https:\/\/wordpress.hak-steyr.at\/piraty\/wp-content\/uploads\/2025\/10\/Decaf_Dream-702x1024.jpg 702w, https:\/\/wordpress.hak-steyr.at\/piraty\/wp-content\/uploads\/2025\/10\/Decaf_Dream-768x1120.jpg 768w, https:\/\/wordpress.hak-steyr.at\/piraty\/wp-content\/uploads\/2025\/10\/Decaf_Dream-1054x1536.jpg 1054w\" sizes=\"auto, (max-width: 1136px) 100vw, 1136px\" \/><\/a><\/figure><\/div>\n\n\n<p><strong>Inhaltsstoffe:<\/strong> <br>100% Arabica-Bohnen<br><strong>Gewicht:<\/strong><br>500 g<br><strong>Preis\u00a0(exkl. 20% USt):<\/strong><br>8,00 \u20ac<br><strong>Herkunft:<\/strong><br>Brasilien<\/p>\n\n\n\n<p class=\"has-small-font-size\">Decaf Dream ist der koffeinfreie Genuss unseres Arabica &nbsp;Sortimentes. Bei dieser Variante wird der Koffeinanteil entfernt, w\u00e4hrend der vollmundige Geschmack und die charakteristischen Aromen von Arabica erhalten bleiben. Der Kaffee ist ideal f\u00fcr alle, die den Geschmack von Kaffee lieben, aber auf Koffein verzichten m\u00f6chten. Er bietet eine sanfte, aromatische Tasse ohne Koffein.<\/p>\n","protected":false},"excerpt":{"rendered":"<p>Inhaltsstoffe: 100% Arabica-BohnenGewicht:500 gPreis\u00a0(exkl. 20% USt):8,00 \u20acHerkunft:Brasilien Decaf Dream ist der koffeinfreie Genuss unseres Arabica &nbsp;Sortimentes. Bei dieser Variante wird der Koffeinanteil entfernt, w\u00e4hrend der vollmundige Geschmack und die charakteristischen Aromen von Arabica erhalten bleiben. Der Kaffee ist ideal f\u00fcr alle, die den Geschmack von Kaffee lieben, aber auf Koffein verzichten m\u00f6chten. Er bietet eine &hellip; <a href=\"https:\/\/wordpress.hak-steyr.at\/piraty\/kaffee\/mr-mrs-blend\/\" class=\"more-link\"><span class=\"screen-reader-text\">Decaf Dream<\/span> weiterlesen <span class=\"meta-nav\">&rarr;<\/span><\/a><\/p>\n","protected":false},"author":6,"featured_media":0,"parent":13,"menu_order":2,"comment_status":"closed","ping_status":"closed","template":"","meta":{"footnotes":""},"class_list":["post-32","page","type-page","status-publish","hentry"],"_links":{"self":[{"href":"https:\/\/wordpress.hak-steyr.at\/piraty\/wp-json\/wp\/v2\/pages\/32","targetHints":{"allow":["GET"]}}],"collection":[{"href":"https:\/\/wordpress.hak-steyr.at\/piraty\/wp-json\/wp\/v2\/pages"}],"about":[{"href":"https:\/\/wordpress.hak-steyr.at\/piraty\/wp-json\/wp\/v2\/types\/page"}],"author":[{"embeddable":true,"href":"https:\/\/wordpress.hak-steyr.at\/piraty\/wp-json\/wp\/v2\/users\/6"}],"replies":[{"embeddable":true,"href":"https:\/\/wordpress.hak-steyr.at\/piraty\/wp-json\/wp\/v2\/comments?post=32"}],"version-history":[{"count":62,"href":"https:\/\/wordpress.hak-steyr.at\/piraty\/wp-json\/wp\/v2\/pages\/32\/revisions"}],"predecessor-version":[{"id":2718,"href":"https:\/\/wordpress.hak-steyr.at\/piraty\/wp-json\/wp\/v2\/pages\/32\/revisions\/2718"}],"up":[{"embeddable":true,"href":"https:\/\/wordpress.hak-steyr.at\/piraty\/wp-json\/wp\/v2\/pages\/13"}],"wp:attachment":[{"href":"https:\/\/wordpress.hak-steyr.at\/piraty\/wp-json\/wp\/v2\/media?parent=32"}],"curies":[{"name":"wp","href":"https:\/\/api.w.org\/{rel}","templated":true}]}}