{"id":439,"date":"2014-09-29T11:33:05","date_gmt":"2014-09-29T09:33:05","guid":{"rendered":"http:\/\/wordpress.hak-steyr.at\/piraty\/?page_id=439"},"modified":"2025-10-03T11:04:52","modified_gmt":"2025-10-03T09:04:52","slug":"bang-bang-black","status":"publish","type":"page","link":"https:\/\/wordpress.hak-steyr.at\/piraty\/schokolade-2\/bang-bang-black\/","title":{"rendered":"Karamellschoko"},"content":{"rendered":"<div class=\"wp-block-image\">\n<figure class=\"alignleft size-full is-resized\"><img loading=\"lazy\" decoding=\"async\" width=\"334\" height=\"444\" src=\"https:\/\/wordpress.hak-steyr.at\/piraty\/wp-content\/uploads\/2025\/10\/Bild3.jpg\" alt=\"\" class=\"wp-image-2635\" style=\"width:250px;height:undefinedpx\" srcset=\"https:\/\/wordpress.hak-steyr.at\/piraty\/wp-content\/uploads\/2025\/10\/Bild3.jpg 334w, https:\/\/wordpress.hak-steyr.at\/piraty\/wp-content\/uploads\/2025\/10\/Bild3-226x300.jpg 226w\" sizes=\"auto, (max-width: 334px) 100vw, 334px\" \/><\/figure><\/div>\n\n\n<p><strong>Preis<\/strong>: 3,00 \u20ac <em>(exkl. 10% USt.)<\/em><br><strong>Gewicht:<\/strong> <em>100 g<\/em><br><strong>Herkunft: <\/strong>Peru<\/p>\n\n\n\n<p>Peruanische Karamellschockolade hat eine zarte Karamellnote, die perfekt mit dem intensiven Kakao harmoniert und f\u00fcr einen S\u00fc\u00dfen, raffinierten Geschmack sorgt.<\/p>\n\n\n\n<p><\/p>\n","protected":false},"excerpt":{"rendered":"<p>Preis: 3,00 \u20ac (exkl. 10% USt.)Gewicht: 100 gHerkunft: Peru Peruanische Karamellschockolade hat eine zarte Karamellnote, die perfekt mit dem intensiven Kakao harmoniert und f\u00fcr einen S\u00fc\u00dfen, raffinierten Geschmack sorgt.<\/p>\n","protected":false},"author":4,"featured_media":0,"parent":424,"menu_order":0,"comment_status":"closed","ping_status":"closed","template":"","meta":{"footnotes":""},"class_list":["post-439","page","type-page","status-publish","hentry"],"_links":{"self":[{"href":"https:\/\/wordpress.hak-steyr.at\/piraty\/wp-json\/wp\/v2\/pages\/439","targetHints":{"allow":["GET"]}}],"collection":[{"href":"https:\/\/wordpress.hak-steyr.at\/piraty\/wp-json\/wp\/v2\/pages"}],"about":[{"href":"https:\/\/wordpress.hak-steyr.at\/piraty\/wp-json\/wp\/v2\/types\/page"}],"author":[{"embeddable":true,"href":"https:\/\/wordpress.hak-steyr.at\/piraty\/wp-json\/wp\/v2\/users\/4"}],"replies":[{"embeddable":true,"href":"https:\/\/wordpress.hak-steyr.at\/piraty\/wp-json\/wp\/v2\/comments?post=439"}],"version-history":[{"count":40,"href":"https:\/\/wordpress.hak-steyr.at\/piraty\/wp-json\/wp\/v2\/pages\/439\/revisions"}],"predecessor-version":[{"id":2723,"href":"https:\/\/wordpress.hak-steyr.at\/piraty\/wp-json\/wp\/v2\/pages\/439\/revisions\/2723"}],"up":[{"embeddable":true,"href":"https:\/\/wordpress.hak-steyr.at\/piraty\/wp-json\/wp\/v2\/pages\/424"}],"wp:attachment":[{"href":"https:\/\/wordpress.hak-steyr.at\/piraty\/wp-json\/wp\/v2\/media?parent=439"}],"curies":[{"name":"wp","href":"https:\/\/api.w.org\/{rel}","templated":true}]}}