{"id":6,"date":"2013-10-07T13:34:43","date_gmt":"2013-10-07T13:34:43","guid":{"rendered":"http:\/\/wordpress.hak-steyr.at\/piraty\/?page_id=6"},"modified":"2023-10-03T10:20:17","modified_gmt":"2023-10-03T08:20:17","slug":"ahoi","status":"publish","type":"page","link":"https:\/\/wordpress.hak-steyr.at\/piraty\/","title":{"rendered":"Ahoi!"},"content":{"rendered":"\n<h2 class=\"wp-block-heading\"><\/h2>\n\n\n<blockquote>\n<p><a href=\"http:\/\/wordpress.hak-steyr.at\/piraty\/wp-content\/uploads\/2013\/10\/piraty_logo_rot-schwarz.png\"><img loading=\"lazy\" decoding=\"async\" class=\"alignleft size-medium wp-image-527\" src=\"http:\/\/wordpress.hak-steyr.at\/piraty\/wp-content\/uploads\/2013\/10\/piraty_logo_rot-schwarz-300x297.png\" alt=\"piraty_logo_rot-schwarz\" width=\"300\" height=\"297\" srcset=\"https:\/\/wordpress.hak-steyr.at\/piraty\/wp-content\/uploads\/2013\/10\/piraty_logo_rot-schwarz-300x297.png 300w, https:\/\/wordpress.hak-steyr.at\/piraty\/wp-content\/uploads\/2013\/10\/piraty_logo_rot-schwarz-150x150.png 150w, https:\/\/wordpress.hak-steyr.at\/piraty\/wp-content\/uploads\/2013\/10\/piraty_logo_rot-schwarz.png 967w\" sizes=\"auto, (max-width: 300px) 100vw, 300px\" \/><\/a>Piraty Kolonialwaren besegelt die rauhen Ozeane um auch alle Landratten des \u00dcFA Marktes mit den herrlichen Produkten aus der Neuen Welt beliefern zu k\u00f6nnen.<\/p>\n<p>Nehmen Sie sich Zeit, denn nur so k\u00f6nnen Sie unsere Produkte genie\u00dfen! Piraty Kolonialwaren sind der kleine Luxus der Weiten Welt f\u00fcr zu Hause &amp; f\u00fcrs B\u00fcro!<\/p>\n<\/blockquote>","protected":false},"excerpt":{"rendered":"<p>Piraty Kolonialwaren besegelt die rauhen Ozeane um auch alle Landratten des \u00dcFA Marktes mit den herrlichen Produkten aus der Neuen Welt beliefern zu k\u00f6nnen. Nehmen Sie sich Zeit, denn nur so k\u00f6nnen Sie unsere Produkte genie\u00dfen! Piraty Kolonialwaren sind der kleine Luxus der Weiten Welt f\u00fcr zu Hause &amp; f\u00fcrs B\u00fcro!<\/p>\n","protected":false},"author":2,"featured_media":0,"parent":0,"menu_order":0,"comment_status":"closed","ping_status":"closed","template":"","meta":{"footnotes":""},"class_list":["post-6","page","type-page","status-publish","hentry"],"_links":{"self":[{"href":"https:\/\/wordpress.hak-steyr.at\/piraty\/wp-json\/wp\/v2\/pages\/6","targetHints":{"allow":["GET"]}}],"collection":[{"href":"https:\/\/wordpress.hak-steyr.at\/piraty\/wp-json\/wp\/v2\/pages"}],"about":[{"href":"https:\/\/wordpress.hak-steyr.at\/piraty\/wp-json\/wp\/v2\/types\/page"}],"author":[{"embeddable":true,"href":"https:\/\/wordpress.hak-steyr.at\/piraty\/wp-json\/wp\/v2\/users\/2"}],"replies":[{"embeddable":true,"href":"https:\/\/wordpress.hak-steyr.at\/piraty\/wp-json\/wp\/v2\/comments?post=6"}],"version-history":[{"count":12,"href":"https:\/\/wordpress.hak-steyr.at\/piraty\/wp-json\/wp\/v2\/pages\/6\/revisions"}],"predecessor-version":[{"id":2177,"href":"https:\/\/wordpress.hak-steyr.at\/piraty\/wp-json\/wp\/v2\/pages\/6\/revisions\/2177"}],"wp:attachment":[{"href":"https:\/\/wordpress.hak-steyr.at\/piraty\/wp-json\/wp\/v2\/media?parent=6"}],"curies":[{"name":"wp","href":"https:\/\/api.w.org\/{rel}","templated":true}]}}