{"id":878,"date":"2016-09-28T10:08:16","date_gmt":"2016-09-28T08:08:16","guid":{"rendered":"http:\/\/wordpress.hak-steyr.at\/piraty\/?page_id=878"},"modified":"2025-10-03T11:05:08","modified_gmt":"2025-10-03T09:05:08","slug":"gewuerze","status":"publish","type":"page","link":"https:\/\/wordpress.hak-steyr.at\/piraty\/gewuerze\/","title":{"rendered":"Gew\u00fcrze"},"content":{"rendered":"\n<p><\/p>\n\n\n\n<h2 class=\"wp-block-heading has-text-align-left\">Die Spicy Crew<\/h2>\n\n\n\n<div class=\"wp-block-media-text is-stacked-on-mobile\"><figure class=\"wp-block-media-text__media\"><img loading=\"lazy\" decoding=\"async\" width=\"2048\" height=\"1383\" src=\"https:\/\/wordpress.hak-steyr.at\/piraty\/wp-content\/uploads\/2025\/09\/gewurze.jpg\" alt=\"\" class=\"wp-image-2567 size-full\" srcset=\"https:\/\/wordpress.hak-steyr.at\/piraty\/wp-content\/uploads\/2025\/09\/gewurze.jpg 2048w, https:\/\/wordpress.hak-steyr.at\/piraty\/wp-content\/uploads\/2025\/09\/gewurze-300x203.jpg 300w, https:\/\/wordpress.hak-steyr.at\/piraty\/wp-content\/uploads\/2025\/09\/gewurze-1024x692.jpg 1024w, https:\/\/wordpress.hak-steyr.at\/piraty\/wp-content\/uploads\/2025\/09\/gewurze-768x519.jpg 768w, https:\/\/wordpress.hak-steyr.at\/piraty\/wp-content\/uploads\/2025\/09\/gewurze-1536x1037.jpg 1536w\" sizes=\"auto, (max-width: 2048px) 100vw, 2048px\" \/><\/figure><div class=\"wp-block-media-text__content\">\n<h2 class=\"wp-block-heading\">Die Spicy Crew \u2013 die neue Gew\u00fcrzmarke von Piraty!<\/h2>\n<\/div><\/div>\n\n\n\n<p><strong data-start=\"71\" data-end=\"159\">Verzaubere dein Mittagessen mit unseren erlesenen Gew\u00fcrzen aus allen Ecken der Welt.<\/strong><br>Ob die w\u00fcrzigen Aromen der majest\u00e4tischen Himalaya-Berge, die kraftvollen Noten S\u00fcdamerikas oder die herzhaften Geschm\u00e4cker Nordamerikas. Unsere einzigartige Gew\u00fcrzmischung bringt dir ein unvergleichliches Geschmackserlebnis. Eine perfekte Balance zwischen feuriger Sch\u00e4rfe und k\u00f6stlicher Raffinesse, die deine Gerichte zum Leben erweckt.<\/p>\n\n\n\n<p><\/p>\n","protected":false},"excerpt":{"rendered":"<p>Die Spicy Crew Die Spicy Crew \u2013 die neue Gew\u00fcrzmarke von Piraty! Verzaubere dein Mittagessen mit unseren erlesenen Gew\u00fcrzen aus allen Ecken der Welt.Ob die w\u00fcrzigen Aromen der majest\u00e4tischen Himalaya-Berge, die kraftvollen Noten S\u00fcdamerikas oder die herzhaften Geschm\u00e4cker Nordamerikas. Unsere einzigartige Gew\u00fcrzmischung bringt dir ein unvergleichliches Geschmackserlebnis. Eine perfekte Balance zwischen feuriger Sch\u00e4rfe und k\u00f6stlicher &hellip; <a href=\"https:\/\/wordpress.hak-steyr.at\/piraty\/gewuerze\/\" class=\"more-link\"><span class=\"screen-reader-text\">Gew\u00fcrze<\/span> weiterlesen <span class=\"meta-nav\">&rarr;<\/span><\/a><\/p>\n","protected":false},"author":8,"featured_media":0,"parent":0,"menu_order":0,"comment_status":"closed","ping_status":"closed","template":"","meta":{"footnotes":""},"class_list":["post-878","page","type-page","status-publish","hentry"],"_links":{"self":[{"href":"https:\/\/wordpress.hak-steyr.at\/piraty\/wp-json\/wp\/v2\/pages\/878","targetHints":{"allow":["GET"]}}],"collection":[{"href":"https:\/\/wordpress.hak-steyr.at\/piraty\/wp-json\/wp\/v2\/pages"}],"about":[{"href":"https:\/\/wordpress.hak-steyr.at\/piraty\/wp-json\/wp\/v2\/types\/page"}],"author":[{"embeddable":true,"href":"https:\/\/wordpress.hak-steyr.at\/piraty\/wp-json\/wp\/v2\/users\/8"}],"replies":[{"embeddable":true,"href":"https:\/\/wordpress.hak-steyr.at\/piraty\/wp-json\/wp\/v2\/comments?post=878"}],"version-history":[{"count":48,"href":"https:\/\/wordpress.hak-steyr.at\/piraty\/wp-json\/wp\/v2\/pages\/878\/revisions"}],"predecessor-version":[{"id":2724,"href":"https:\/\/wordpress.hak-steyr.at\/piraty\/wp-json\/wp\/v2\/pages\/878\/revisions\/2724"}],"wp:attachment":[{"href":"https:\/\/wordpress.hak-steyr.at\/piraty\/wp-json\/wp\/v2\/media?parent=878"}],"curies":[{"name":"wp","href":"https:\/\/api.w.org\/{rel}","templated":true}]}}