{"id":56,"date":"2025-12-10T09:40:56","date_gmt":"2025-12-10T08:40:56","guid":{"rendered":"https:\/\/wordpress.hak-steyr.at\/xchange\/?page_id=56"},"modified":"2026-01-21T09:18:10","modified_gmt":"2026-01-21T08:18:10","slug":"home","status":"publish","type":"page","link":"https:\/\/wordpress.hak-steyr.at\/xchange\/","title":{"rendered":"HOME"},"content":{"rendered":"\n<h2 class=\"wp-block-heading\">Ihr Partner f\u00fcr 100% nachhaltigen Strom aus \u00d6sterreich!<\/h2>\n\n\n\n<p><\/p>\n\n\n\n<p>Wir liefern Ihrem Betrieb 100% gr\u00fcnen Strom aus \u00d6sterreich &#8211; zuverl\u00e4ssig, transparent und fair. Wir helfen Ihrem Unternehmen Energiekosten zu senken und gleichzeitig ein starkes Zeichen f\u00fcr Nachhaltigkeit zu setzen.<\/p>\n\n\n\n<p>F\u00fcr Ihr Unternehmen und unsere Zukunft.<\/p>\n\n\n\n<p><\/p>\n","protected":false},"excerpt":{"rendered":"<p>Ihr Partner f\u00fcr 100% nachhaltigen Strom aus \u00d6sterreich! Wir liefern Ihrem Betrieb 100% gr\u00fcnen Strom aus \u00d6sterreich &#8211; zuverl\u00e4ssig, transparent und fair. Wir helfen Ihrem Unternehmen Energiekosten zu senken und gleichzeitig ein starkes Zeichen f\u00fcr Nachhaltigkeit zu setzen. F\u00fcr Ihr Unternehmen und unsere Zukunft.<\/p>\n","protected":false},"author":2,"featured_media":0,"parent":0,"menu_order":0,"comment_status":"closed","ping_status":"closed","template":"","meta":{"footnotes":""},"class_list":["post-56","page","type-page","status-publish","hentry"],"_links":{"self":[{"href":"https:\/\/wordpress.hak-steyr.at\/xchange\/wp-json\/wp\/v2\/pages\/56","targetHints":{"allow":["GET"]}}],"collection":[{"href":"https:\/\/wordpress.hak-steyr.at\/xchange\/wp-json\/wp\/v2\/pages"}],"about":[{"href":"https:\/\/wordpress.hak-steyr.at\/xchange\/wp-json\/wp\/v2\/types\/page"}],"author":[{"embeddable":true,"href":"https:\/\/wordpress.hak-steyr.at\/xchange\/wp-json\/wp\/v2\/users\/2"}],"replies":[{"embeddable":true,"href":"https:\/\/wordpress.hak-steyr.at\/xchange\/wp-json\/wp\/v2\/comments?post=56"}],"version-history":[{"count":7,"href":"https:\/\/wordpress.hak-steyr.at\/xchange\/wp-json\/wp\/v2\/pages\/56\/revisions"}],"predecessor-version":[{"id":141,"href":"https:\/\/wordpress.hak-steyr.at\/xchange\/wp-json\/wp\/v2\/pages\/56\/revisions\/141"}],"wp:attachment":[{"href":"https:\/\/wordpress.hak-steyr.at\/xchange\/wp-json\/wp\/v2\/media?parent=56"}],"curies":[{"name":"wp","href":"https:\/\/api.w.org\/{rel}","templated":true}]}}