{"id":62,"date":"2025-12-10T09:46:51","date_gmt":"2025-12-10T08:46:51","guid":{"rendered":"https:\/\/wordpress.hak-steyr.at\/xchange\/?page_id=62"},"modified":"2026-01-14T09:04:56","modified_gmt":"2026-01-14T08:04:56","slug":"team","status":"publish","type":"page","link":"https:\/\/wordpress.hak-steyr.at\/xchange\/team\/","title":{"rendered":"Team"},"content":{"rendered":"\n<p class=\"has-medium-font-size\"><em>Wir sind das <strong>Team <\/strong>hinter Ihrem Stromanbieter und arbeiten jeden Tag mit Engagement f\u00fcr eine<br>zuverl\u00e4ssige Energieversorgung. Gemeinsam verbinden wir Fachwissen mit modernen L\u00f6sungen.<br>Dabei legen wir gro\u00dfen Wert auf einen nachhaltigen Umgang mit Energie. Lernen Sie die Menschen<br>kennen, die unseren Service m\u00f6glich machen<\/em>!<br><br><\/p>\n\n\n\n<figure class=\"wp-block-image size-large is-resized is-style-default\"><img loading=\"lazy\" decoding=\"async\" width=\"1024\" height=\"899\" src=\"https:\/\/wordpress.hak-steyr.at\/xchange\/wp-content\/uploads\/2026\/01\/Teamfotox-1024x899.png\" alt=\"\" class=\"wp-image-126\" style=\"aspect-ratio:1.1390554484395194;width:720px;height:auto\" srcset=\"https:\/\/wordpress.hak-steyr.at\/xchange\/wp-content\/uploads\/2026\/01\/Teamfotox-1024x899.png 1024w, https:\/\/wordpress.hak-steyr.at\/xchange\/wp-content\/uploads\/2026\/01\/Teamfotox-300x263.png 300w, https:\/\/wordpress.hak-steyr.at\/xchange\/wp-content\/uploads\/2026\/01\/Teamfotox-768x674.png 768w, https:\/\/wordpress.hak-steyr.at\/xchange\/wp-content\/uploads\/2026\/01\/Teamfotox.png 1069w\" sizes=\"auto, (max-width: 1024px) 100vw, 1024px\" \/><\/figure>\n\n\n\n<p style=\"font-size:13px\">1. Reihe: Noel Scharnreithner, Lisa Gschwandtl, Julia Infanger, Natalie Aschauer<br>2. Reihe: Raffael Baumann, Jan Scharnreithner, Maurice Lampart, Nico Hinterramskogler, Valentin Hirner, Niklas Scharnreithner<\/p>\n\n\n\n<p><\/p>\n\n\n\n<p><strong>Verkauf:<\/strong><br>Maurice Lampart, Noel Scharnreithner, Nico Hinterramskogler, Natalie Aschauer<\/p>\n\n\n\n<p><strong>Einkauf:<\/strong><br>Julia Infanger, Lisa Gschwandtl<\/p>\n\n\n\n<p><strong>Rechnungswesen:<\/strong><br>Valentin Hirner, Niklas Scharnreithner<\/p>\n\n\n\n<p><strong>Personalmanagement:<\/strong><br>Jan Scharnreithner, Raffael Baumann<\/p>\n\n\n\n<p><\/p>\n","protected":false},"excerpt":{"rendered":"<p>Wir sind das Team hinter Ihrem Stromanbieter und arbeiten jeden Tag mit Engagement f\u00fcr einezuverl\u00e4ssige Energieversorgung. Gemeinsam verbinden wir Fachwissen mit modernen L\u00f6sungen.Dabei legen wir gro\u00dfen Wert auf einen nachhaltigen Umgang mit Energie. Lernen Sie die Menschenkennen, die unseren Service m\u00f6glich machen! 1. Reihe: Noel Scharnreithner, Lisa Gschwandtl, Julia Infanger, Natalie Aschauer2. Reihe: Raffael Baumann,<\/p>\n<div class=\"more-link\">\n\t\t\t\t <a href=\"https:\/\/wordpress.hak-steyr.at\/xchange\/team\/\" class=\"theme-btn\"><span>Weiterlesen<\/span><\/a>\n\t\t\t<\/div>\n","protected":false},"author":2,"featured_media":0,"parent":0,"menu_order":0,"comment_status":"closed","ping_status":"closed","template":"","meta":{"footnotes":""},"class_list":["post-62","page","type-page","status-publish","hentry"],"_links":{"self":[{"href":"https:\/\/wordpress.hak-steyr.at\/xchange\/wp-json\/wp\/v2\/pages\/62","targetHints":{"allow":["GET"]}}],"collection":[{"href":"https:\/\/wordpress.hak-steyr.at\/xchange\/wp-json\/wp\/v2\/pages"}],"about":[{"href":"https:\/\/wordpress.hak-steyr.at\/xchange\/wp-json\/wp\/v2\/types\/page"}],"author":[{"embeddable":true,"href":"https:\/\/wordpress.hak-steyr.at\/xchange\/wp-json\/wp\/v2\/users\/2"}],"replies":[{"embeddable":true,"href":"https:\/\/wordpress.hak-steyr.at\/xchange\/wp-json\/wp\/v2\/comments?post=62"}],"version-history":[{"count":4,"href":"https:\/\/wordpress.hak-steyr.at\/xchange\/wp-json\/wp\/v2\/pages\/62\/revisions"}],"predecessor-version":[{"id":129,"href":"https:\/\/wordpress.hak-steyr.at\/xchange\/wp-json\/wp\/v2\/pages\/62\/revisions\/129"}],"wp:attachment":[{"href":"https:\/\/wordpress.hak-steyr.at\/xchange\/wp-json\/wp\/v2\/media?parent=62"}],"curies":[{"name":"wp","href":"https:\/\/api.w.org\/{rel}","templated":true}]}}