{"id":65,"date":"2025-12-10T09:47:33","date_gmt":"2025-12-10T08:47:33","guid":{"rendered":"https:\/\/wordpress.hak-steyr.at\/xchange\/?page_id=65"},"modified":"2026-01-21T09:17:47","modified_gmt":"2026-01-21T08:17:47","slug":"agb","status":"publish","type":"page","link":"https:\/\/wordpress.hak-steyr.at\/xchange\/agb\/","title":{"rendered":"AGB"},"content":{"rendered":"\n<h2 class=\"wp-block-heading has-text-align-left\"><strong>Allgemeine Gesch\u00e4ftsbedingungen<\/strong><\/h2>\n\n\n\n<p><\/p>\n\n\n\n<ol class=\"wp-block-list\">\n<li><strong>Geltungsbereich<\/strong><br>Diese Allgemeinen Gesch\u00e4ftsbedingungen bilden die Grundlage aller Vertr\u00e4ge \u00fcber<br>die Lieferung nachhaltiger Energie sowie damit verbundener Dienstleistungen<br>zwischen der X-Change Handels GmbH und ihren Kundinnen und Kunden.<br>Abweichende oder erg\u00e4nzende Vereinbarungen sind nur g\u00fcltig, wenn sie schriftlich<br>best\u00e4tigt wurden.<br><br><\/li>\n\n\n\n<li><strong>Preise<\/strong><br>Alle Preise verstehen sich in Euro (EUR) zuz\u00fcglich der jeweils g\u00fcltigen gesetzlichen<br>Abgaben, Steuern und Netzentgelte. Preis\u00e4nderungen aufgrund gesetzlicher<br>Vorschriften oder \u00c4nderungen der Energieabgaben sind jederzeit m\u00f6glich. Mit<br>Ver\u00f6ffentlichung neuer Preislisten verlieren fr\u00fchere Preisangaben ihre G\u00fcltigkeit.<br><br><\/li>\n\n\n\n<li><strong>Zahlungsbedingungen<\/strong><br>Rechnungen sind innerhalb von 14 Tagen ab Rechnungsdatum Netto zu bezahlen.<br>Bei Zahlungsverweigerung oder Unf\u00e4higkeit werden gesetzliche Verzugszinsen in<br>H\u00f6he von 5 % p. a. sowie allf\u00e4llige Mahn- und Inkassospesen verrechnet.<br><br><\/li>\n\n\n\n<li><strong>Lieferbedingungen<\/strong><br>Die Belieferung mit elektrischer Energie, jeglicher Dienstleistung, sowie Strom Pakete<br>erfolgt im Rahmen der gesetzlich vorgegebenen Bestimmungen \u00fcber das<br>\u00f6ffentliche Stromnetz. Der Beginn der Versorgung wird individuell vereinbart, jedoch<br>innerhalb von 14 Tagen ab Vertragsannahme durch X-Change, wenn keine andere<br>Anforderung bekannt gegeben wird.<br>Eine unterbrechungsfreie Stromversorgung kann aufgrund von Netzeingriffen,<br>Wartungsarbeiten oder h\u00f6herer Gewalt nicht garantiert werden. In solchen F\u00e4llen<br>gelten die Bestimmungen des Netzbetreibers.<br><br><\/li>\n\n\n\n<li><strong>Gew\u00e4hrleistung<\/strong><br>X-Change gew\u00e4hrleistet eine ordnungsgem\u00e4\u00dfe Belieferung gem\u00e4\u00df den jeweils<br>geltenden energierechtlichen Bestimmungen. St\u00f6rungen oder Unterbrechungen der<br>Versorgung sowie daraus entstehende Sch\u00e4den oder sonstige Probleme sind dem<br>zust\u00e4ndigen Netzbetreiber und X-Change unverz\u00fcglich zu melden.<br>Gew\u00e4hrleistungsanspr\u00fcche richten sich nach den gesetzlichen Bestimmungen.<br><br><\/li>\n\n\n\n<li><strong>R\u00fccktrittsrecht<\/strong><br>Kundinnen und Kunden, die Verbraucher im Sinne des Konsumentenschutzgesetzes<br>(KSchG) sind, haben das Recht, von einem im Fernabsatz abgeschlossenen Vertrag<br>innerhalb von 14 Tagen ohne Angabe von Gr\u00fcnden zur\u00fcckzutreten.<br>Die R\u00fccktrittsfrist beginnt mit dem Tag des Vertragsabschlusses. Zur Wahrung der<br>Frist gen\u00fcgt das rechtzeitige Absenden der R\u00fccktrittserkl\u00e4rung<\/li>\n<\/ol>\n","protected":false},"excerpt":{"rendered":"<p>Allgemeine Gesch\u00e4ftsbedingungen<\/p>\n","protected":false},"author":2,"featured_media":0,"parent":0,"menu_order":0,"comment_status":"closed","ping_status":"closed","template":"","meta":{"footnotes":""},"class_list":["post-65","page","type-page","status-publish","hentry"],"_links":{"self":[{"href":"https:\/\/wordpress.hak-steyr.at\/xchange\/wp-json\/wp\/v2\/pages\/65","targetHints":{"allow":["GET"]}}],"collection":[{"href":"https:\/\/wordpress.hak-steyr.at\/xchange\/wp-json\/wp\/v2\/pages"}],"about":[{"href":"https:\/\/wordpress.hak-steyr.at\/xchange\/wp-json\/wp\/v2\/types\/page"}],"author":[{"embeddable":true,"href":"https:\/\/wordpress.hak-steyr.at\/xchange\/wp-json\/wp\/v2\/users\/2"}],"replies":[{"embeddable":true,"href":"https:\/\/wordpress.hak-steyr.at\/xchange\/wp-json\/wp\/v2\/comments?post=65"}],"version-history":[{"count":11,"href":"https:\/\/wordpress.hak-steyr.at\/xchange\/wp-json\/wp\/v2\/pages\/65\/revisions"}],"predecessor-version":[{"id":139,"href":"https:\/\/wordpress.hak-steyr.at\/xchange\/wp-json\/wp\/v2\/pages\/65\/revisions\/139"}],"wp:attachment":[{"href":"https:\/\/wordpress.hak-steyr.at\/xchange\/wp-json\/wp\/v2\/media?parent=65"}],"curies":[{"name":"wp","href":"https:\/\/api.w.org\/{rel}","templated":true}]}}