{"id":67,"date":"2025-12-10T09:47:48","date_gmt":"2025-12-10T08:47:48","guid":{"rendered":"https:\/\/wordpress.hak-steyr.at\/xchange\/?page_id=67"},"modified":"2026-01-21T09:01:23","modified_gmt":"2026-01-21T08:01:23","slug":"impressum","status":"publish","type":"page","link":"https:\/\/wordpress.hak-steyr.at\/xchange\/impressum\/","title":{"rendered":"Impressum"},"content":{"rendered":"\n<p><strong>X-Change Handels GmbH<\/strong><\/p>\n\n\n\n<p>\u00dcbungsfirma der BHAK Steyr<br>Leopold-Werndl-Stra\u00dfe 7<br>4400 Steyr<br>\u00d6sterreich<\/p>\n\n\n\n<p>Tel.: +43 7252 52649-30<\/p>\n\n\n\n<p>Email:&nbsp;<a href=\"mailto:piraty2679@uebungsfirmen.at\">x_change434@uebungsfirmen.at<\/a><\/p>\n\n\n\n<p>Firmenbuchnummer: 434<\/p>\n\n\n\n<p>Gerichtsstand: Act-Gericht Wien<\/p>\n\n\n\n<p>UID-Nr.: ATU70043446<\/p>\n\n\n\n<p><strong>ACT Bankverbindung:<\/strong><br>BIC: ACTBATW0&nbsp; (0 = Null)<br>IBAN: AT42 99000 0001 0000 7335<\/p>\n\n\n\n<p>\u00dcFA-Leiterin: Prof. Susanne Walser<br>Schulkennzahl: 402428<br>Schulwebsite:&nbsp;<a href=\"http:\/\/www.hak-steyr.at\/\">www.hak-steyr.at<\/a><\/p>\n","protected":false},"excerpt":{"rendered":"<p>X-Change Handels GmbH \u00dcbungsfirma der BHAK SteyrLeopold-Werndl-Stra\u00dfe 74400 Steyr\u00d6sterreich Tel.: +43 7252 52649-30 Email:&nbsp;x_change434@uebungsfirmen.at Firmenbuchnummer: 434 Gerichtsstand: Act-Gericht Wien UID-Nr.: ATU70043446 ACT Bankverbindung:BIC: ACTBATW0&nbsp; (0 = Null)IBAN: AT42 99000 0001 0000 7335 \u00dcFA-Leiterin: Prof. Susanne WalserSchulkennzahl: 402428Schulwebsite:&nbsp;www.hak-steyr.at<\/p>\n","protected":false},"author":2,"featured_media":0,"parent":0,"menu_order":0,"comment_status":"closed","ping_status":"closed","template":"","meta":{"footnotes":""},"class_list":["post-67","page","type-page","status-publish","hentry"],"_links":{"self":[{"href":"https:\/\/wordpress.hak-steyr.at\/xchange\/wp-json\/wp\/v2\/pages\/67","targetHints":{"allow":["GET"]}}],"collection":[{"href":"https:\/\/wordpress.hak-steyr.at\/xchange\/wp-json\/wp\/v2\/pages"}],"about":[{"href":"https:\/\/wordpress.hak-steyr.at\/xchange\/wp-json\/wp\/v2\/types\/page"}],"author":[{"embeddable":true,"href":"https:\/\/wordpress.hak-steyr.at\/xchange\/wp-json\/wp\/v2\/users\/2"}],"replies":[{"embeddable":true,"href":"https:\/\/wordpress.hak-steyr.at\/xchange\/wp-json\/wp\/v2\/comments?post=67"}],"version-history":[{"count":3,"href":"https:\/\/wordpress.hak-steyr.at\/xchange\/wp-json\/wp\/v2\/pages\/67\/revisions"}],"predecessor-version":[{"id":134,"href":"https:\/\/wordpress.hak-steyr.at\/xchange\/wp-json\/wp\/v2\/pages\/67\/revisions\/134"}],"wp:attachment":[{"href":"https:\/\/wordpress.hak-steyr.at\/xchange\/wp-json\/wp\/v2\/media?parent=67"}],"curies":[{"name":"wp","href":"https:\/\/api.w.org\/{rel}","templated":true}]}}